{"id":6097,"date":"2019-09-12T11:50:40","date_gmt":"2019-09-12T09:50:40","guid":{"rendered":"https:\/\/www.cgfmanet.org\/donations-offerings-fundraisings\/"},"modified":"2020-10-08T10:14:29","modified_gmt":"2020-10-08T08:14:29","slug":"doacoes-liberalidades-captacao-de-recursos","status":"publish","type":"page","link":"https:\/\/www.cgfmanet.org\/pt-pt\/doacoes-liberalidades-captacao-de-recursos\/","title":{"rendered":"Doa\u00e7\u00f5es &#8211; Liberalidades &#8211; Capta\u00e7\u00e3o de Recursos"},"content":{"rendered":"<p class=\"td-post-sub-title\">O Instituto das Filhas de Maria Auxiliadora conta sobre Doa\u00e7\u00f5es \u2013 Liberalidades para apoiar a miss\u00e3o em favor das popula\u00e7\u00f5es em situa\u00e7\u00e3o de dificuldades.<\/p>\n<p><img decoding=\"async\" class=\"td-modal-image wp-image-32120 alignleft lazyload\" data-src=\"https:\/\/www.cgfmanet.org\/wp-content\/uploads\/2020\/10\/informazione_foto_1200x800.jpg\" alt=\"\" width=\"396\" height=\"264\" data-srcset=\"https:\/\/www.cgfmanet.org\/wp-content\/uploads\/2020\/10\/informazione_foto_1200x800.jpg 1200w, https:\/\/www.cgfmanet.org\/wp-content\/uploads\/2020\/10\/informazione_foto_1200x800-768x512.jpg 768w, https:\/\/www.cgfmanet.org\/wp-content\/uploads\/2020\/10\/informazione_foto_1200x800-696x464.jpg 696w, https:\/\/www.cgfmanet.org\/wp-content\/uploads\/2020\/10\/informazione_foto_1200x800-630x420.jpg 630w\" data-sizes=\"auto\" src=\"data:image\/svg+xml;base64,PHN2ZyB3aWR0aD0iMSIgaGVpZ2h0PSIxIiB4bWxucz0iaHR0cDovL3d3dy53My5vcmcvMjAwMC9zdmciPjwvc3ZnPg==\" style=\"--smush-placeholder-width: 396px; --smush-placeholder-aspect-ratio: 396\/264;\" data-original-sizes=\"(max-width: 396px) 100vw, 396px\" \/><strong>O Instituto das Filhas de Maria Auxiliadora <\/strong>atua atrav\u00e9s do <strong>Ente jur\u00eddico \u201cInstituto Internacional Maria Auxiliadora das Salesianas de Dom Bosco\u201d <\/strong>com sede em Roma (It\u00e1lia), via dell\u2019Ateneo Salesiano, n\u00b0 81 Cap 00139, nos termos da Lei 222\/85.<br \/>\n<strong>C\u00f3digo Tribut\u00e1rio: <span style=\"color: #0000ff;\">80030250585<br \/>\n<\/span><\/strong><strong>Telefone: <span style=\"color: #0000ff;\"><a style=\"color: #0000ff;\" href=\"tel:003906872741\">0039 06 872741<\/a>.<\/span><\/strong><\/p>\n<p>Tem reconhecimento legal com D.P.R. 28.09.1965, n\u00b0 1237 e est\u00e1 registrado na Prefeitura de Roma U.T.G. para o n\u00b0 480\/1987 e prossegue os objetivos da educa\u00e7\u00e3o, instru\u00e7\u00e3o e benefic\u00eancia.<\/p>\n<p>Qualquer recibo\/declara\u00e7\u00e3o emitida pelo \u00d3rg\u00e3o Eclesi\u00e1stico, mediante solicita\u00e7\u00e3o, como recibo de doa\u00e7\u00f5es, nos termos e para os efeitos do art. 100, par\u00e1grafo 2, letra a) do TUID 917\/86 e posteriores modifica\u00e7\u00f5es, efetua sua pr\u00f3pria efic\u00e1cia fiscal, APENAS com rela\u00e7\u00e3o \u00e0queles que exercem atividades de empresa e sociedades comerciais de qualquer natureza, com n\u00fameros de IVA.<\/p>\n<h2><span style=\"color: #ff0000;\"><strong><em>Benefici\u00e1rio<\/em><\/strong><\/span><\/h2>\n<p><strong> Istituto Internazionale Maria Ausiliatrice delle Salesiane di Don Bosco<br \/>\n<\/strong>Via dell\u2019Ateneo Salesiano, 81<br \/>\n00139 Roma &#8211; RM (Italia)<\/p>\n<h2><em><strong><span style=\"color: #ff0000;\">Escolha como doar<\/span><\/strong><\/em><\/h2>\n<h5><em>Doar por transfer\u00eancia banc\u00e1ria, conta corrente postal, cart\u00e3o de cr\u00e9dito sempre especificando o motivo, indicando a atividade, a miss\u00e3o, o projeto para o qual voc\u00ea deseja que seja destinado.<\/em><\/h5>\n<h2><span style=\"color: #0000ff;\"><strong>Transfer\u00eancia Banc\u00e1ria<\/strong><\/span><\/h2>\n<div class=\"td-paragraph-padding-4\">\n<p><strong><img decoding=\"async\" class=\"alignnone wp-image-32613 lazyload\" data-src=\"https:\/\/www.cgfmanet.org\/wp-content\/uploads\/2020\/10\/banca-popolare-2.jpg\" alt=\"\" width=\"211\" height=\"110\" data-srcset=\"https:\/\/www.cgfmanet.org\/wp-content\/uploads\/2020\/10\/banca-popolare-2.jpg 1041w, https:\/\/www.cgfmanet.org\/wp-content\/uploads\/2020\/10\/banca-popolare-2-768x400.jpg 768w, https:\/\/www.cgfmanet.org\/wp-content\/uploads\/2020\/10\/banca-popolare-2-696x362.jpg 696w, https:\/\/www.cgfmanet.org\/wp-content\/uploads\/2020\/10\/banca-popolare-2-807x420.jpg 807w\" data-sizes=\"auto\" src=\"data:image\/svg+xml;base64,PHN2ZyB3aWR0aD0iMSIgaGVpZ2h0PSIxIiB4bWxucz0iaHR0cDovL3d3dy53My5vcmcvMjAwMC9zdmciPjwvc3ZnPg==\" style=\"--smush-placeholder-width: 211px; --smush-placeholder-aspect-ratio: 211\/110;\" data-original-sizes=\"(max-width: 211px) 100vw, 211px\" \/><\/strong><\/p>\n<p><strong>Banca Popolare di Sondrio &#8211; ag.1 Roma &#8211; 062<\/strong><br \/>\n<strong>N\u00famero:<\/strong> 6400X49<br \/>\n<strong>IBAN:<\/strong> IT 20 M 05696 03201 000006400X49<br \/>\n<strong>BIC \/ SWIFT:<\/strong> POSOIT22<\/p>\n<\/div>\n<div class=\"td-paragraph-padding-4\">\n<p><img decoding=\"async\" class=\"wp-image-32135 alignnone lazyload\" data-src=\"https:\/\/www.cgfmanet.org\/wp-content\/uploads\/2020\/10\/numero-verde-unicredit-e-servizio-assistenza-clienti.jpg\" alt=\"\" width=\"215\" height=\"94\" data-srcset=\"https:\/\/www.cgfmanet.org\/wp-content\/uploads\/2020\/10\/numero-verde-unicredit-e-servizio-assistenza-clienti.jpg 2028w, https:\/\/www.cgfmanet.org\/wp-content\/uploads\/2020\/10\/numero-verde-unicredit-e-servizio-assistenza-clienti-768x335.jpg 768w, https:\/\/www.cgfmanet.org\/wp-content\/uploads\/2020\/10\/numero-verde-unicredit-e-servizio-assistenza-clienti-1536x670.jpg 1536w, https:\/\/www.cgfmanet.org\/wp-content\/uploads\/2020\/10\/numero-verde-unicredit-e-servizio-assistenza-clienti-696x303.jpg 696w, https:\/\/www.cgfmanet.org\/wp-content\/uploads\/2020\/10\/numero-verde-unicredit-e-servizio-assistenza-clienti-964x420.jpg 964w\" data-sizes=\"auto\" src=\"data:image\/svg+xml;base64,PHN2ZyB3aWR0aD0iMSIgaGVpZ2h0PSIxIiB4bWxucz0iaHR0cDovL3d3dy53My5vcmcvMjAwMC9zdmciPjwvc3ZnPg==\" style=\"--smush-placeholder-width: 215px; --smush-placeholder-aspect-ratio: 215\/94;\" data-original-sizes=\"(max-width: 215px) 100vw, 215px\" \/><\/p>\n<p><strong>UniCredit S.P.A<\/strong><br \/>\n<strong>N\u00famero:<\/strong> 000010741637<br \/>\n<strong>IBAN:<\/strong> IT 39 A 02008 03298 000010741637<br \/>\n<strong>BIC \/ SWIFT:<\/strong> UNCRITM1Y91<\/p>\n<\/div>\n<h2><span style=\"color: #0000ff;\"><strong>Cart\u00e3o de cr\u00e9dito<\/strong><\/span><\/h2>\n<div class=\"td-paragraph-padding-4\">\n<p><em>Online web Banca Popolare di Sondrio<\/em><\/p>\n<\/div>\n<p><img decoding=\"async\" class=\"size-full wp-image-32140 alignnone lazyload\" data-src=\"https:\/\/www.cgfmanet.org\/wp-content\/uploads\/2020\/10\/carte-di-credito.jpg\" alt=\"\" width=\"350\" height=\"73\" src=\"data:image\/svg+xml;base64,PHN2ZyB3aWR0aD0iMSIgaGVpZ2h0PSIxIiB4bWxucz0iaHR0cDovL3d3dy53My5vcmcvMjAwMC9zdmciPjwvc3ZnPg==\" style=\"--smush-placeholder-width: 350px; --smush-placeholder-aspect-ratio: 350\/73;\" \/><\/p>\n<h2><span style=\"color: #0000ff;\"><strong>Conta Corrente Postal<\/strong><\/span><\/h2>\n<div class=\"td-paragraph-padding-4\">\n<p><strong><img decoding=\"async\" class=\"alignnone wp-image-32145 lazyload\" data-src=\"https:\/\/www.cgfmanet.org\/wp-content\/uploads\/2020\/10\/poste.jpg\" alt=\"\" width=\"183\" height=\"122\" data-srcset=\"https:\/\/www.cgfmanet.org\/wp-content\/uploads\/2020\/10\/poste.jpg 1200w, https:\/\/www.cgfmanet.org\/wp-content\/uploads\/2020\/10\/poste-768x512.jpg 768w, https:\/\/www.cgfmanet.org\/wp-content\/uploads\/2020\/10\/poste-696x464.jpg 696w, https:\/\/www.cgfmanet.org\/wp-content\/uploads\/2020\/10\/poste-630x420.jpg 630w\" data-sizes=\"auto\" src=\"data:image\/svg+xml;base64,PHN2ZyB3aWR0aD0iMSIgaGVpZ2h0PSIxIiB4bWxucz0iaHR0cDovL3d3dy53My5vcmcvMjAwMC9zdmciPjwvc3ZnPg==\" style=\"--smush-placeholder-width: 183px; --smush-placeholder-aspect-ratio: 183\/122;\" data-original-sizes=\"(max-width: 183px) 100vw, 183px\" \/><\/strong><\/p>\n<p><strong>Numero de Conta Corrente postal: <\/strong>000053466009<br \/>\n<strong>IBAN:<\/strong> IT 91 N 07601 03200 000053466009<br \/>\nBPPIITRRXXX<\/p>\n<\/div>\n<h2><strong><span style=\"color: #339966;\">Capta\u00e7\u00e3o de Recursos<\/span><\/strong><\/h2>\n<p><a href=\"https:\/\/www.cgfmanet.org\/pt-pt\/doacoes-online\/\" target=\"_blank\" rel=\"noopener noreferrer\"><img decoding=\"async\" class=\"alignnone wp-image-32150 lazyload\" data-src=\"https:\/\/www.cgfmanet.org\/wp-content\/uploads\/2020\/10\/dona-ora.jpg\" alt=\"\" width=\"254\" height=\"169\" data-srcset=\"https:\/\/www.cgfmanet.org\/wp-content\/uploads\/2020\/10\/dona-ora.jpg 1200w, https:\/\/www.cgfmanet.org\/wp-content\/uploads\/2020\/10\/dona-ora-768x512.jpg 768w, https:\/\/www.cgfmanet.org\/wp-content\/uploads\/2020\/10\/dona-ora-696x464.jpg 696w, https:\/\/www.cgfmanet.org\/wp-content\/uploads\/2020\/10\/dona-ora-630x420.jpg 630w\" data-sizes=\"auto\" src=\"data:image\/svg+xml;base64,PHN2ZyB3aWR0aD0iMSIgaGVpZ2h0PSIxIiB4bWxucz0iaHR0cDovL3d3dy53My5vcmcvMjAwMC9zdmciPjwvc3ZnPg==\" style=\"--smush-placeholder-width: 254px; --smush-placeholder-aspect-ratio: 254\/169;\" data-original-sizes=\"(max-width: 254px) 100vw, 254px\" \/><\/a><\/p>\n<p>&nbsp;<\/p>\n<h2><span style=\"color: #ff0000;\"><strong><em>Legados \u2013 Legados e Heran\u00e7a em favor do Instituto das Filhas de Maria Auxiliadora<\/em><\/strong><\/span><\/h2>\n<p>O Instituto Internacional Maria Auxiliadora das Salesianas de Dom Bosco pode receber Legados, Legados e Heran\u00e7as para as miss\u00f5es e para todas as atividades que promove no mundo. Cada doa\u00e7\u00e3o: dinheiro, disponibilidade financeira e investimento, ap\u00f3lice, im\u00f3vel, obra de arte se <strong>tornar\u00e1 um precioso apoio<\/strong> para as miss\u00f5es e projetos de solidariedade que garantam <strong>\u00e1gua, comida, sa\u00fade, educa\u00e7\u00e3o e instru\u00e7\u00e3o.<\/strong><\/p>\n<p>Voc\u00ea pode deix\u00e1-lo por <strong>Testamento<\/strong> indicando:<\/p>\n<p>A) Se se trata de <span style=\"color: #ff0000;\"><strong>Legado<\/strong><\/span>:<\/p>\n<div class=\"td-paragraph-padding-4\">\n<p><em>De bens m\u00f3veis \u2013 im\u00f3veis<br \/>\n<\/em>\u201c\u2026 lego ao Instituto Internacional Maria Auxiliadora das Salesianas de Dom Bosco, com sede em Roma, Via dell\u2019 Ateneo Salesiano n\u00ba 81 cap 00139, a soma de \u20ac \u2026, ou valores mobili\u00e1rios por euro \u2026, ou ap\u00f3lice \u2026, etc., para os fins institucionais da Entidade \u201c(ou para uma Miss\u00e3o em particular).<\/p>\n<\/div>\n<p>B) No caso de <span style=\"color: #ff0000;\"><strong>Heran\u00e7a<\/strong><\/span>:<\/p>\n<div class=\"td-paragraph-padding-4\">\n<p>\u201c\u2026 Revogo e cancelo todas as minhas disposi\u00e7\u00f5es testament\u00e1rias anteriores. Com o presente testamento, nomeio meu herdeiro universal o INSTITUTO INTERNACIONAL MARIA AUXILIADORA DAS SALESIANAS DE DOM BOSCO, com sede em Roma, via dell\u2019Ateneo Salesiano n\u00ba 81 cap 00139, deixando-lhe tudo que me pertence a qualquer t\u00edtulo, bens m\u00f3veis e im\u00f3veis, para os fins institucionais da Entidade\u201d.<\/p>\n<\/div>\n<p><strong>POR FAVOR, NOTE:<\/strong><br \/>\n&#8211; O testamento deve ser escrito em sua totalidade pelo pr\u00f3prio testador e deve conter sua assinatura, bem como a data e o local.<\/p>\n<p>&#8211; Especificar bem, tanto no caso de legado como de heran\u00e7a, o endere\u00e7o e os dados cadastrais do im\u00f3vel (ex: localidade, rua\/pra\u00e7a, andar interior, em Cadastro para Folha, part\u00edcula, subordinado).<\/p>\n<p><strong>POR FAVOR, NOTE:<br \/>\n<\/strong>&#8211; Para aproveitar os benef\u00edcios fiscais oferecidos a pessoas f\u00edsicas e empresas ou para contribuir com 5 X 1000 ver link: <em><a href=\"http:\/\/www.missionegiovanifma.org\/\" target=\"_blank\" rel=\"noopener noreferrer\"><strong> Missione Giovani FMA \u2013 Onlus<\/strong><\/a><\/em><\/p>\n<h5 style=\"text-align: center;\"><em><strong>&#8220;Deus n\u00e3o se deixa vencer em generosidade&#8221;.<br \/>\n<\/strong><\/em>(Dom Bosco &#8211; MB II,254).<\/h5>\n<hr \/>\n<p style=\"text-align: center;\"><strong>Para informa\u00e7\u00f5es: <\/strong><\/p>\n<p style=\"text-align: center;\"><strong>Tel: <span style=\"color: #0000ff;\"><a style=\"color: #0000ff;\" href=\"tel:+3906872741\">+39 06 872741<\/a><\/span><\/strong><br \/>\n<strong>Fax: <span style=\"color: #0000ff;\">+ 39 06 87132306<\/span><\/strong><br \/>\n<strong>Email:<\/strong> <a href=\"mailto:amministrazionefma@cgfma.org\"><span style=\"color: #0000ff;\"><strong>amministrazionefma@cgfma.org<\/strong><\/span><\/a><br \/>\n<strong>Sito Web: <span style=\"color: #0000ff;\"><a style=\"color: #0000ff;\" href=\"https:\/\/www.cgfmanet.org\">www.cgfmanet.org<\/a><\/span><\/strong><\/p>\n","protected":false},"excerpt":{"rendered":"<p>O Instituto das Filhas de Maria Auxiliadora conta sobre Doa\u00e7\u00f5es \u2013 Liberalidades para apoiar a miss\u00e3o em favor das popula\u00e7\u00f5es em situa\u00e7\u00e3o de dificuldades. O Instituto das Filhas de Maria [&hellip;]<\/p>\n","protected":false},"author":45,"featured_media":0,"parent":0,"menu_order":0,"comment_status":"closed","ping_status":"closed","template":"","meta":{"footnotes":""},"class_list":["post-6097","page","type-page","status-publish"],"yoast_head":"<!-- This site is optimized with the Yoast SEO plugin v27.4 - https:\/\/yoast.com\/product\/yoast-seo-wordpress\/ -->\n<title>Doa\u00e7\u00f5es - Liberalidades - Capta\u00e7\u00e3o de Recursos &#8226; Istituto Figlie di Maria Ausiliatrice<\/title>\n<meta name=\"robots\" content=\"index, follow, max-snippet:-1, max-image-preview:large, max-video-preview:-1\" \/>\n<link rel=\"canonical\" href=\"https:\/\/www.cgfmanet.org\/pt-pt\/doacoes-liberalidades-captacao-de-recursos\/\" \/>\n<meta property=\"og:locale\" content=\"pt_PT\" \/>\n<meta property=\"og:type\" content=\"article\" \/>\n<meta property=\"og:title\" content=\"Doa\u00e7\u00f5es - Liberalidades - Capta\u00e7\u00e3o de Recursos &#8226; Istituto Figlie di Maria Ausiliatrice\" \/>\n<meta property=\"og:description\" content=\"O Instituto das Filhas de Maria Auxiliadora conta sobre Doa\u00e7\u00f5es \u2013 Liberalidades para apoiar a miss\u00e3o em favor das popula\u00e7\u00f5es em situa\u00e7\u00e3o de dificuldades. O Instituto das Filhas de Maria [&hellip;]\" \/>\n<meta property=\"og:url\" content=\"https:\/\/www.cgfmanet.org\/pt-pt\/doacoes-liberalidades-captacao-de-recursos\/\" \/>\n<meta property=\"og:site_name\" content=\"Istituto Figlie di Maria Ausiliatrice\" \/>\n<meta property=\"article:publisher\" content=\"https:\/\/www.facebook.com\/salesian.sisters.of.don.bosco\/\" \/>\n<meta property=\"article:modified_time\" content=\"2020-10-08T08:14:29+00:00\" \/>\n<meta property=\"og:image\" content=\"https:\/\/www.cgfmanet.org\/wp-content\/uploads\/2020\/10\/informazione_foto_1200x800.jpg\" \/>\n<meta name=\"twitter:card\" content=\"summary_large_image\" \/>\n<meta name=\"twitter:site\" content=\"@Cgfmanet_Org\" \/>\n<meta name=\"twitter:label1\" content=\"Tempo estimado de leitura\" \/>\n\t<meta name=\"twitter:data1\" content=\"3 minutos\" \/>\n<script type=\"application\/ld+json\" class=\"yoast-schema-graph\">{\"@context\":\"https:\\\/\\\/schema.org\",\"@graph\":[{\"@type\":\"WebPage\",\"@id\":\"https:\\\/\\\/www.cgfmanet.org\\\/pt-pt\\\/doacoes-liberalidades-captacao-de-recursos\\\/\",\"url\":\"https:\\\/\\\/www.cgfmanet.org\\\/pt-pt\\\/doacoes-liberalidades-captacao-de-recursos\\\/\",\"name\":\"Doa\u00e7\u00f5es - Liberalidades - Capta\u00e7\u00e3o de Recursos &#8226; Istituto Figlie di Maria Ausiliatrice\",\"isPartOf\":{\"@id\":\"https:\\\/\\\/www.cgfmanet.org\\\/es\\\/#website\"},\"primaryImageOfPage\":{\"@id\":\"https:\\\/\\\/www.cgfmanet.org\\\/pt-pt\\\/doacoes-liberalidades-captacao-de-recursos\\\/#primaryimage\"},\"image\":{\"@id\":\"https:\\\/\\\/www.cgfmanet.org\\\/pt-pt\\\/doacoes-liberalidades-captacao-de-recursos\\\/#primaryimage\"},\"thumbnailUrl\":\"https:\\\/\\\/www.cgfmanet.org\\\/wp-content\\\/uploads\\\/2020\\\/10\\\/informazione_foto_1200x800.jpg\",\"datePublished\":\"2019-09-12T09:50:40+00:00\",\"dateModified\":\"2020-10-08T08:14:29+00:00\",\"breadcrumb\":{\"@id\":\"https:\\\/\\\/www.cgfmanet.org\\\/pt-pt\\\/doacoes-liberalidades-captacao-de-recursos\\\/#breadcrumb\"},\"inLanguage\":\"pt-PT\",\"potentialAction\":[{\"@type\":\"ReadAction\",\"target\":[\"https:\\\/\\\/www.cgfmanet.org\\\/pt-pt\\\/doacoes-liberalidades-captacao-de-recursos\\\/\"]}]},{\"@type\":\"ImageObject\",\"inLanguage\":\"pt-PT\",\"@id\":\"https:\\\/\\\/www.cgfmanet.org\\\/pt-pt\\\/doacoes-liberalidades-captacao-de-recursos\\\/#primaryimage\",\"url\":\"https:\\\/\\\/www.cgfmanet.org\\\/wp-content\\\/uploads\\\/2020\\\/10\\\/informazione_foto_1200x800.jpg\",\"contentUrl\":\"https:\\\/\\\/www.cgfmanet.org\\\/wp-content\\\/uploads\\\/2020\\\/10\\\/informazione_foto_1200x800.jpg\"},{\"@type\":\"BreadcrumbList\",\"@id\":\"https:\\\/\\\/www.cgfmanet.org\\\/pt-pt\\\/doacoes-liberalidades-captacao-de-recursos\\\/#breadcrumb\",\"itemListElement\":[{\"@type\":\"ListItem\",\"position\":1,\"name\":\"Home\",\"item\":\"https:\\\/\\\/www.cgfmanet.org\\\/pt-pt\\\/\"},{\"@type\":\"ListItem\",\"position\":2,\"name\":\"Doa\u00e7\u00f5es &#8211; Liberalidades &#8211; Capta\u00e7\u00e3o de Recursos\"}]},{\"@type\":\"WebSite\",\"@id\":\"https:\\\/\\\/www.cgfmanet.org\\\/es\\\/#website\",\"url\":\"https:\\\/\\\/www.cgfmanet.org\\\/es\\\/\",\"name\":\"Istituto Figlie di Maria Ausiliatrice\",\"description\":\"Salesiane di Don Bosco\",\"publisher\":{\"@id\":\"https:\\\/\\\/www.cgfmanet.org\\\/es\\\/#organization\"},\"potentialAction\":[{\"@type\":\"SearchAction\",\"target\":{\"@type\":\"EntryPoint\",\"urlTemplate\":\"https:\\\/\\\/www.cgfmanet.org\\\/es\\\/?s={search_term_string}\"},\"query-input\":{\"@type\":\"PropertyValueSpecification\",\"valueRequired\":true,\"valueName\":\"search_term_string\"}}],\"inLanguage\":\"pt-PT\"},{\"@type\":\"Organization\",\"@id\":\"https:\\\/\\\/www.cgfmanet.org\\\/es\\\/#organization\",\"name\":\"Istituto Figlie di Maria Ausiliatrice\",\"url\":\"https:\\\/\\\/www.cgfmanet.org\\\/es\\\/\",\"logo\":{\"@type\":\"ImageObject\",\"inLanguage\":\"pt-PT\",\"@id\":\"https:\\\/\\\/www.cgfmanet.org\\\/es\\\/#\\\/schema\\\/logo\\\/image\\\/\",\"url\":\"https:\\\/\\\/www.cgfmanet.org\\\/wp-content\\\/uploads\\\/2018\\\/10\\\/logo-fma.png\",\"contentUrl\":\"https:\\\/\\\/www.cgfmanet.org\\\/wp-content\\\/uploads\\\/2018\\\/10\\\/logo-fma.png\",\"width\":214,\"height\":55,\"caption\":\"Istituto Figlie di Maria Ausiliatrice\"},\"image\":{\"@id\":\"https:\\\/\\\/www.cgfmanet.org\\\/es\\\/#\\\/schema\\\/logo\\\/image\\\/\"},\"sameAs\":[\"https:\\\/\\\/www.facebook.com\\\/salesian.sisters.of.don.bosco\\\/\",\"https:\\\/\\\/x.com\\\/Cgfmanet_Org\",\"https:\\\/\\\/www.youtube.com\\\/channel\\\/UCmcr8yFQBV7JXeXVxyV9y5Q\"]}]}<\/script>\n<!-- \/ Yoast SEO plugin. -->","yoast_head_json":{"title":"Doa\u00e7\u00f5es - Liberalidades - Capta\u00e7\u00e3o de Recursos &#8226; Istituto Figlie di Maria Ausiliatrice","robots":{"index":"index","follow":"follow","max-snippet":"max-snippet:-1","max-image-preview":"max-image-preview:large","max-video-preview":"max-video-preview:-1"},"canonical":"https:\/\/www.cgfmanet.org\/pt-pt\/doacoes-liberalidades-captacao-de-recursos\/","og_locale":"pt_PT","og_type":"article","og_title":"Doa\u00e7\u00f5es - Liberalidades - Capta\u00e7\u00e3o de Recursos &#8226; Istituto Figlie di Maria Ausiliatrice","og_description":"O Instituto das Filhas de Maria Auxiliadora conta sobre Doa\u00e7\u00f5es \u2013 Liberalidades para apoiar a miss\u00e3o em favor das popula\u00e7\u00f5es em situa\u00e7\u00e3o de dificuldades. O Instituto das Filhas de Maria [&hellip;]","og_url":"https:\/\/www.cgfmanet.org\/pt-pt\/doacoes-liberalidades-captacao-de-recursos\/","og_site_name":"Istituto Figlie di Maria Ausiliatrice","article_publisher":"https:\/\/www.facebook.com\/salesian.sisters.of.don.bosco\/","article_modified_time":"2020-10-08T08:14:29+00:00","og_image":[{"url":"https:\/\/www.cgfmanet.org\/wp-content\/uploads\/2020\/10\/informazione_foto_1200x800.jpg","type":"","width":"","height":""}],"twitter_card":"summary_large_image","twitter_site":"@Cgfmanet_Org","twitter_misc":{"Tempo estimado de leitura":"3 minutos"},"schema":{"@context":"https:\/\/schema.org","@graph":[{"@type":"WebPage","@id":"https:\/\/www.cgfmanet.org\/pt-pt\/doacoes-liberalidades-captacao-de-recursos\/","url":"https:\/\/www.cgfmanet.org\/pt-pt\/doacoes-liberalidades-captacao-de-recursos\/","name":"Doa\u00e7\u00f5es - Liberalidades - Capta\u00e7\u00e3o de Recursos &#8226; Istituto Figlie di Maria Ausiliatrice","isPartOf":{"@id":"https:\/\/www.cgfmanet.org\/es\/#website"},"primaryImageOfPage":{"@id":"https:\/\/www.cgfmanet.org\/pt-pt\/doacoes-liberalidades-captacao-de-recursos\/#primaryimage"},"image":{"@id":"https:\/\/www.cgfmanet.org\/pt-pt\/doacoes-liberalidades-captacao-de-recursos\/#primaryimage"},"thumbnailUrl":"https:\/\/www.cgfmanet.org\/wp-content\/uploads\/2020\/10\/informazione_foto_1200x800.jpg","datePublished":"2019-09-12T09:50:40+00:00","dateModified":"2020-10-08T08:14:29+00:00","breadcrumb":{"@id":"https:\/\/www.cgfmanet.org\/pt-pt\/doacoes-liberalidades-captacao-de-recursos\/#breadcrumb"},"inLanguage":"pt-PT","potentialAction":[{"@type":"ReadAction","target":["https:\/\/www.cgfmanet.org\/pt-pt\/doacoes-liberalidades-captacao-de-recursos\/"]}]},{"@type":"ImageObject","inLanguage":"pt-PT","@id":"https:\/\/www.cgfmanet.org\/pt-pt\/doacoes-liberalidades-captacao-de-recursos\/#primaryimage","url":"https:\/\/www.cgfmanet.org\/wp-content\/uploads\/2020\/10\/informazione_foto_1200x800.jpg","contentUrl":"https:\/\/www.cgfmanet.org\/wp-content\/uploads\/2020\/10\/informazione_foto_1200x800.jpg"},{"@type":"BreadcrumbList","@id":"https:\/\/www.cgfmanet.org\/pt-pt\/doacoes-liberalidades-captacao-de-recursos\/#breadcrumb","itemListElement":[{"@type":"ListItem","position":1,"name":"Home","item":"https:\/\/www.cgfmanet.org\/pt-pt\/"},{"@type":"ListItem","position":2,"name":"Doa\u00e7\u00f5es &#8211; Liberalidades &#8211; Capta\u00e7\u00e3o de Recursos"}]},{"@type":"WebSite","@id":"https:\/\/www.cgfmanet.org\/es\/#website","url":"https:\/\/www.cgfmanet.org\/es\/","name":"Istituto Figlie di Maria Ausiliatrice","description":"Salesiane di Don Bosco","publisher":{"@id":"https:\/\/www.cgfmanet.org\/es\/#organization"},"potentialAction":[{"@type":"SearchAction","target":{"@type":"EntryPoint","urlTemplate":"https:\/\/www.cgfmanet.org\/es\/?s={search_term_string}"},"query-input":{"@type":"PropertyValueSpecification","valueRequired":true,"valueName":"search_term_string"}}],"inLanguage":"pt-PT"},{"@type":"Organization","@id":"https:\/\/www.cgfmanet.org\/es\/#organization","name":"Istituto Figlie di Maria Ausiliatrice","url":"https:\/\/www.cgfmanet.org\/es\/","logo":{"@type":"ImageObject","inLanguage":"pt-PT","@id":"https:\/\/www.cgfmanet.org\/es\/#\/schema\/logo\/image\/","url":"https:\/\/www.cgfmanet.org\/wp-content\/uploads\/2018\/10\/logo-fma.png","contentUrl":"https:\/\/www.cgfmanet.org\/wp-content\/uploads\/2018\/10\/logo-fma.png","width":214,"height":55,"caption":"Istituto Figlie di Maria Ausiliatrice"},"image":{"@id":"https:\/\/www.cgfmanet.org\/es\/#\/schema\/logo\/image\/"},"sameAs":["https:\/\/www.facebook.com\/salesian.sisters.of.don.bosco\/","https:\/\/x.com\/Cgfmanet_Org","https:\/\/www.youtube.com\/channel\/UCmcr8yFQBV7JXeXVxyV9y5Q"]}]}},"_links":{"self":[{"href":"https:\/\/www.cgfmanet.org\/pt-pt\/wp-json\/wp\/v2\/pages\/6097","targetHints":{"allow":["GET"]}}],"collection":[{"href":"https:\/\/www.cgfmanet.org\/pt-pt\/wp-json\/wp\/v2\/pages"}],"about":[{"href":"https:\/\/www.cgfmanet.org\/pt-pt\/wp-json\/wp\/v2\/types\/page"}],"author":[{"embeddable":true,"href":"https:\/\/www.cgfmanet.org\/pt-pt\/wp-json\/wp\/v2\/users\/45"}],"replies":[{"embeddable":true,"href":"https:\/\/www.cgfmanet.org\/pt-pt\/wp-json\/wp\/v2\/comments?post=6097"}],"version-history":[{"count":0,"href":"https:\/\/www.cgfmanet.org\/pt-pt\/wp-json\/wp\/v2\/pages\/6097\/revisions"}],"wp:attachment":[{"href":"https:\/\/www.cgfmanet.org\/pt-pt\/wp-json\/wp\/v2\/media?parent=6097"}],"curies":[{"name":"wp","href":"https:\/\/api.w.org\/{rel}","templated":true}]}}