{"id":22817,"date":"2020-04-07T09:54:07","date_gmt":"2020-04-07T07:54:07","guid":{"rendered":"https:\/\/www.cgfmanet.org\/donazioni\/"},"modified":"2022-03-05T18:20:09","modified_gmt":"2022-03-05T17:20:09","slug":"doacoes-online","status":"publish","type":"page","link":"https:\/\/www.cgfmanet.org\/pt-pt\/doacoes-online\/","title":{"rendered":"Doar agora"},"content":{"rendered":"<p class=\"td-post-sub-title\">O Instituto das Filhas de Maria Auxiliadora conta sobre <a href=\"https:\/\/www.cgfmanet.org\/pt-pt\/doacoes-liberalidades-captacao-de-recursos\/\" target=\"_blank\" rel=\"noopener\"><span style=\"color: #0000ff;\"><strong>Doa\u00e7\u00f5es \u2013 Liberalidades<\/strong> <\/span><\/a>para apoiar a miss\u00e3o em favor das popula\u00e7\u00f5es em situa\u00e7\u00e3o de dificuldades.<\/p>\n<p>O Instituto das FMA interv\u00e9m em contextos de <a href=\"https:\/\/www.cgfmanet.org\/pt-pt\/categoria\/emergencias-e-campanhas-humanitarias\/\" target=\"_blank\" rel=\"noopener\"><span style=\"color: #0000ff;\"><strong>emerg\u00eancia humanit\u00e1ria<\/strong><\/span><\/a>, nos territ\u00f3rios onde trabalha, realizando campanhas que objetivam coleta de fundos, para oferecer uma ajuda eficaz e concreta.<\/p>\n<p>O <strong>Instituto das Filhas de Maria Auxiliadora <\/strong>atua atrav\u00e9s do <strong>Ente jur\u00eddico \u201cInstituto Internacional Maria Auxiliadora das Salesianas de Dom Bosco\u201d <\/strong>com sede em Roma (It\u00e1lia), via dell\u2019Ateneo Salesiano, n\u00b0 81 Cap 00139, nos termos da Lei 222\/85.<\/p>\n<h2><span style=\"color: #ff0000;\"><strong>ESCOLHA COMO DOAR<\/strong><\/span><\/h2>\n<h2><strong>Transfer\u00eancia Banc\u00e1ria<\/strong><\/h2>\n<p><strong>Banca Popolare di Sondrio<\/strong> \u2013 ag.1 Roma \u2013 062<br \/>\n<strong>Numero:<\/strong> 6400X49<br \/>\n<strong>IBAN:<\/strong> IT 20 M 05696 03201 000006400X49<br \/>\n<strong>BIC \/ SWIFT:<\/strong> POSOIT22<\/p>\n<h2><strong><span style=\"color: #000000;\">Doar agora<\/span><\/strong><\/h2>\n","protected":false},"excerpt":{"rendered":"<p>O Instituto das Filhas de Maria Auxiliadora conta sobre Doa\u00e7\u00f5es \u2013 Liberalidades para apoiar a miss\u00e3o em favor das popula\u00e7\u00f5es em situa\u00e7\u00e3o de dificuldades. O Instituto das FMA interv\u00e9m em [&hellip;]<\/p>\n","protected":false},"author":45,"featured_media":0,"parent":0,"menu_order":0,"comment_status":"closed","ping_status":"closed","template":"template-donazione.php","meta":{"footnotes":""},"class_list":["post-22817","page","type-page","status-publish"],"yoast_head":"<!-- This site is optimized with the Yoast SEO plugin v27.4 - https:\/\/yoast.com\/product\/yoast-seo-wordpress\/ -->\n<title>Doar agora &#8226; Istituto Figlie di Maria Ausiliatrice<\/title>\n<meta name=\"robots\" content=\"index, follow, max-snippet:-1, max-image-preview:large, max-video-preview:-1\" \/>\n<link rel=\"canonical\" href=\"https:\/\/www.cgfmanet.org\/pt-pt\/doacoes-online\/\" \/>\n<meta property=\"og:locale\" content=\"pt_PT\" \/>\n<meta property=\"og:type\" content=\"article\" \/>\n<meta property=\"og:title\" content=\"Doar agora &#8226; Istituto Figlie di Maria Ausiliatrice\" \/>\n<meta property=\"og:description\" content=\"O Instituto das Filhas de Maria Auxiliadora conta sobre Doa\u00e7\u00f5es \u2013 Liberalidades para apoiar a miss\u00e3o em favor das popula\u00e7\u00f5es em situa\u00e7\u00e3o de dificuldades. O Instituto das FMA interv\u00e9m em [&hellip;]\" \/>\n<meta property=\"og:url\" content=\"https:\/\/www.cgfmanet.org\/pt-pt\/doacoes-online\/\" \/>\n<meta property=\"og:site_name\" content=\"Istituto Figlie di Maria Ausiliatrice\" \/>\n<meta property=\"article:publisher\" content=\"https:\/\/www.facebook.com\/salesian.sisters.of.don.bosco\/\" \/>\n<meta property=\"article:modified_time\" content=\"2022-03-05T17:20:09+00:00\" \/>\n<meta property=\"og:image\" content=\"https:\/\/www.cgfmanet.org\/wp-content\/uploads\/2018\/10\/logo-fma-retina.png\" \/>\n\t<meta property=\"og:image:width\" content=\"425\" \/>\n\t<meta property=\"og:image:height\" content=\"109\" \/>\n\t<meta property=\"og:image:type\" content=\"image\/png\" \/>\n<meta name=\"twitter:card\" content=\"summary_large_image\" \/>\n<meta name=\"twitter:site\" content=\"@Cgfmanet_Org\" \/>\n<meta name=\"twitter:label1\" content=\"Tempo estimado de leitura\" \/>\n\t<meta name=\"twitter:data1\" content=\"1 minuto\" \/>\n<script type=\"application\/ld+json\" class=\"yoast-schema-graph\">{\"@context\":\"https:\\\/\\\/schema.org\",\"@graph\":[{\"@type\":\"WebPage\",\"@id\":\"https:\\\/\\\/www.cgfmanet.org\\\/pt-pt\\\/doacoes-online\\\/\",\"url\":\"https:\\\/\\\/www.cgfmanet.org\\\/pt-pt\\\/doacoes-online\\\/\",\"name\":\"Doar agora &#8226; Istituto Figlie di Maria Ausiliatrice\",\"isPartOf\":{\"@id\":\"https:\\\/\\\/www.cgfmanet.org\\\/es\\\/#website\"},\"datePublished\":\"2020-04-07T07:54:07+00:00\",\"dateModified\":\"2022-03-05T17:20:09+00:00\",\"breadcrumb\":{\"@id\":\"https:\\\/\\\/www.cgfmanet.org\\\/pt-pt\\\/doacoes-online\\\/#breadcrumb\"},\"inLanguage\":\"pt-PT\",\"potentialAction\":[{\"@type\":\"ReadAction\",\"target\":[\"https:\\\/\\\/www.cgfmanet.org\\\/pt-pt\\\/doacoes-online\\\/\"]}]},{\"@type\":\"BreadcrumbList\",\"@id\":\"https:\\\/\\\/www.cgfmanet.org\\\/pt-pt\\\/doacoes-online\\\/#breadcrumb\",\"itemListElement\":[{\"@type\":\"ListItem\",\"position\":1,\"name\":\"Home\",\"item\":\"https:\\\/\\\/www.cgfmanet.org\\\/pt-pt\\\/\"},{\"@type\":\"ListItem\",\"position\":2,\"name\":\"Doar agora\"}]},{\"@type\":\"WebSite\",\"@id\":\"https:\\\/\\\/www.cgfmanet.org\\\/es\\\/#website\",\"url\":\"https:\\\/\\\/www.cgfmanet.org\\\/es\\\/\",\"name\":\"Istituto Figlie di Maria Ausiliatrice\",\"description\":\"Salesiane di Don Bosco\",\"publisher\":{\"@id\":\"https:\\\/\\\/www.cgfmanet.org\\\/es\\\/#organization\"},\"potentialAction\":[{\"@type\":\"SearchAction\",\"target\":{\"@type\":\"EntryPoint\",\"urlTemplate\":\"https:\\\/\\\/www.cgfmanet.org\\\/es\\\/?s={search_term_string}\"},\"query-input\":{\"@type\":\"PropertyValueSpecification\",\"valueRequired\":true,\"valueName\":\"search_term_string\"}}],\"inLanguage\":\"pt-PT\"},{\"@type\":\"Organization\",\"@id\":\"https:\\\/\\\/www.cgfmanet.org\\\/es\\\/#organization\",\"name\":\"Istituto Figlie di Maria Ausiliatrice\",\"url\":\"https:\\\/\\\/www.cgfmanet.org\\\/es\\\/\",\"logo\":{\"@type\":\"ImageObject\",\"inLanguage\":\"pt-PT\",\"@id\":\"https:\\\/\\\/www.cgfmanet.org\\\/es\\\/#\\\/schema\\\/logo\\\/image\\\/\",\"url\":\"https:\\\/\\\/www.cgfmanet.org\\\/wp-content\\\/uploads\\\/2018\\\/10\\\/logo-fma.png\",\"contentUrl\":\"https:\\\/\\\/www.cgfmanet.org\\\/wp-content\\\/uploads\\\/2018\\\/10\\\/logo-fma.png\",\"width\":214,\"height\":55,\"caption\":\"Istituto Figlie di Maria Ausiliatrice\"},\"image\":{\"@id\":\"https:\\\/\\\/www.cgfmanet.org\\\/es\\\/#\\\/schema\\\/logo\\\/image\\\/\"},\"sameAs\":[\"https:\\\/\\\/www.facebook.com\\\/salesian.sisters.of.don.bosco\\\/\",\"https:\\\/\\\/x.com\\\/Cgfmanet_Org\",\"https:\\\/\\\/www.youtube.com\\\/channel\\\/UCmcr8yFQBV7JXeXVxyV9y5Q\"]}]}<\/script>\n<!-- \/ Yoast SEO plugin. -->","yoast_head_json":{"title":"Doar agora &#8226; Istituto Figlie di Maria Ausiliatrice","robots":{"index":"index","follow":"follow","max-snippet":"max-snippet:-1","max-image-preview":"max-image-preview:large","max-video-preview":"max-video-preview:-1"},"canonical":"https:\/\/www.cgfmanet.org\/pt-pt\/doacoes-online\/","og_locale":"pt_PT","og_type":"article","og_title":"Doar agora &#8226; Istituto Figlie di Maria Ausiliatrice","og_description":"O Instituto das Filhas de Maria Auxiliadora conta sobre Doa\u00e7\u00f5es \u2013 Liberalidades para apoiar a miss\u00e3o em favor das popula\u00e7\u00f5es em situa\u00e7\u00e3o de dificuldades. O Instituto das FMA interv\u00e9m em [&hellip;]","og_url":"https:\/\/www.cgfmanet.org\/pt-pt\/doacoes-online\/","og_site_name":"Istituto Figlie di Maria Ausiliatrice","article_publisher":"https:\/\/www.facebook.com\/salesian.sisters.of.don.bosco\/","article_modified_time":"2022-03-05T17:20:09+00:00","og_image":[{"width":425,"height":109,"url":"https:\/\/www.cgfmanet.org\/wp-content\/uploads\/2018\/10\/logo-fma-retina.png","type":"image\/png"}],"twitter_card":"summary_large_image","twitter_site":"@Cgfmanet_Org","twitter_misc":{"Tempo estimado de leitura":"1 minuto"},"schema":{"@context":"https:\/\/schema.org","@graph":[{"@type":"WebPage","@id":"https:\/\/www.cgfmanet.org\/pt-pt\/doacoes-online\/","url":"https:\/\/www.cgfmanet.org\/pt-pt\/doacoes-online\/","name":"Doar agora &#8226; Istituto Figlie di Maria Ausiliatrice","isPartOf":{"@id":"https:\/\/www.cgfmanet.org\/es\/#website"},"datePublished":"2020-04-07T07:54:07+00:00","dateModified":"2022-03-05T17:20:09+00:00","breadcrumb":{"@id":"https:\/\/www.cgfmanet.org\/pt-pt\/doacoes-online\/#breadcrumb"},"inLanguage":"pt-PT","potentialAction":[{"@type":"ReadAction","target":["https:\/\/www.cgfmanet.org\/pt-pt\/doacoes-online\/"]}]},{"@type":"BreadcrumbList","@id":"https:\/\/www.cgfmanet.org\/pt-pt\/doacoes-online\/#breadcrumb","itemListElement":[{"@type":"ListItem","position":1,"name":"Home","item":"https:\/\/www.cgfmanet.org\/pt-pt\/"},{"@type":"ListItem","position":2,"name":"Doar agora"}]},{"@type":"WebSite","@id":"https:\/\/www.cgfmanet.org\/es\/#website","url":"https:\/\/www.cgfmanet.org\/es\/","name":"Istituto Figlie di Maria Ausiliatrice","description":"Salesiane di Don Bosco","publisher":{"@id":"https:\/\/www.cgfmanet.org\/es\/#organization"},"potentialAction":[{"@type":"SearchAction","target":{"@type":"EntryPoint","urlTemplate":"https:\/\/www.cgfmanet.org\/es\/?s={search_term_string}"},"query-input":{"@type":"PropertyValueSpecification","valueRequired":true,"valueName":"search_term_string"}}],"inLanguage":"pt-PT"},{"@type":"Organization","@id":"https:\/\/www.cgfmanet.org\/es\/#organization","name":"Istituto Figlie di Maria Ausiliatrice","url":"https:\/\/www.cgfmanet.org\/es\/","logo":{"@type":"ImageObject","inLanguage":"pt-PT","@id":"https:\/\/www.cgfmanet.org\/es\/#\/schema\/logo\/image\/","url":"https:\/\/www.cgfmanet.org\/wp-content\/uploads\/2018\/10\/logo-fma.png","contentUrl":"https:\/\/www.cgfmanet.org\/wp-content\/uploads\/2018\/10\/logo-fma.png","width":214,"height":55,"caption":"Istituto Figlie di Maria Ausiliatrice"},"image":{"@id":"https:\/\/www.cgfmanet.org\/es\/#\/schema\/logo\/image\/"},"sameAs":["https:\/\/www.facebook.com\/salesian.sisters.of.don.bosco\/","https:\/\/x.com\/Cgfmanet_Org","https:\/\/www.youtube.com\/channel\/UCmcr8yFQBV7JXeXVxyV9y5Q"]}]}},"_links":{"self":[{"href":"https:\/\/www.cgfmanet.org\/pt-pt\/wp-json\/wp\/v2\/pages\/22817","targetHints":{"allow":["GET"]}}],"collection":[{"href":"https:\/\/www.cgfmanet.org\/pt-pt\/wp-json\/wp\/v2\/pages"}],"about":[{"href":"https:\/\/www.cgfmanet.org\/pt-pt\/wp-json\/wp\/v2\/types\/page"}],"author":[{"embeddable":true,"href":"https:\/\/www.cgfmanet.org\/pt-pt\/wp-json\/wp\/v2\/users\/45"}],"replies":[{"embeddable":true,"href":"https:\/\/www.cgfmanet.org\/pt-pt\/wp-json\/wp\/v2\/comments?post=22817"}],"version-history":[{"count":0,"href":"https:\/\/www.cgfmanet.org\/pt-pt\/wp-json\/wp\/v2\/pages\/22817\/revisions"}],"wp:attachment":[{"href":"https:\/\/www.cgfmanet.org\/pt-pt\/wp-json\/wp\/v2\/media?parent=22817"}],"curies":[{"name":"wp","href":"https:\/\/api.w.org\/{rel}","templated":true}]}}