{"id":15004,"date":"2018-10-29T10:40:18","date_gmt":"2018-10-29T09:40:18","guid":{"rendered":"https:\/\/www.cgfmanet.org\/visione-missione-carismatica\/"},"modified":"2019-12-16T11:40:42","modified_gmt":"2019-12-16T10:40:42","slug":"visao-missao-carismatica","status":"publish","type":"page","link":"https:\/\/www.cgfmanet.org\/pt-pt\/visao-missao-carismatica\/","title":{"rendered":"Vis\u00e3o e Miss\u00e3o Carism\u00e1tica"},"content":{"rendered":"<h2 style=\"margin-top: 40px;\"><strong>Vis\u00e3o Carism\u00e1tica<\/strong><\/h2>\n<p>Somos uma Fam\u00edlia Religiosa nascida do cora\u00e7\u00e3o de <strong>S\u00e3o Jo\u00e3o Bosco <\/strong>e da fidelidade criativa de <strong><a href=\"https:\/\/www.cgfmanet.org\/fr\/maria-domenica-mazzarello\/\">Santa Maria Domingas Mazzarello<\/a>.<br \/>\n<\/strong>As <strong>Filhas de Maria Auxiliadora, <\/strong>Consagradas a Deus para servir a Jesus Cristo em comunidade, dedicam sua vida \u00e0 Educa\u00e7\u00e3o humana, crist\u00e3 e salesiana das\/dos jovens. Dom Bosco escolheu para eles <strong>Maria, a Auxiliadora, <\/strong>que soube encarnar e viver a pedagogia do \u201ccuidado\u201d, que torna concreta sua paix\u00e3o educativa pelas\/os jovens e as torna <strong>mulheres geradoras de vida no cora\u00e7\u00e3o da Contemporaneidade.<br \/>\n<\/strong>No mundo s\u00e3o conhecidas tamb\u00e9m como <strong>Irm\u00e3s Salesianas <\/strong>e <strong>Salesianas de Dom Bosco. <\/strong><strong>\u00a0<\/strong><\/p>\n<p>No dia <strong>5 de agosto de 1872, <\/strong>Madre Mazzarello com o primeiro grupo de onze jovens pronunciam seu \u201cSim\u201d, como Maria, para serem \u201cauxiliadoras\u201d com e entre as\/os jovens.<\/p>\n<p style=\"text-align: center;\"><span style=\"color: #5994a6;\"><em>&#8220;Por um dom do Esp\u00edrito Santo e com a interven\u00e7\u00e3o direta de Maria,<br \/>\nS\u00e3o Jo\u00e3o Bosco fundou o nosso Instituto como resposta de salva\u00e7\u00e3o<br \/>\n\u00e0s profundas aspira\u00e7\u00f5es das jovens.<br \/>\nTransmitiu-lhe um patrim\u00f4nio espiritual inspirado na caridade de Cristo Bom Pastor,<br \/>\ne imprimiu-lhe um forte esp\u00edrito mission\u00e1rio&#8221; (Const. FMA 1).<br \/>\n<\/em><\/span><\/p>\n<figure id=\"attachment_13667\" aria-describedby=\"caption-attachment-13667\" style=\"width: 1500px\" class=\"wp-caption alignnone\"><img decoding=\"async\" class=\"wp-image-13667 size-full lazyload\" data-src=\"https:\/\/www.cgfmanet.org\/wp-content\/uploads\/2019\/12\/Consacrazione-076.jpg\" alt=\"\" width=\"1500\" height=\"844\" data-srcset=\"https:\/\/www.cgfmanet.org\/wp-content\/uploads\/2019\/12\/Consacrazione-076.jpg 1500w, https:\/\/www.cgfmanet.org\/wp-content\/uploads\/2019\/12\/Consacrazione-076-768x432.jpg 768w, https:\/\/www.cgfmanet.org\/wp-content\/uploads\/2019\/12\/Consacrazione-076-696x392.jpg 696w, https:\/\/www.cgfmanet.org\/wp-content\/uploads\/2019\/12\/Consacrazione-076-746x420.jpg 746w, https:\/\/www.cgfmanet.org\/wp-content\/uploads\/2019\/12\/Consacrazione-076-1320x743.jpg 1320w\" data-sizes=\"auto\" src=\"data:image\/svg+xml;base64,PHN2ZyB3aWR0aD0iMSIgaGVpZ2h0PSIxIiB4bWxucz0iaHR0cDovL3d3dy53My5vcmcvMjAwMC9zdmciPjwvc3ZnPg==\" style=\"--smush-placeholder-width: 1500px; --smush-placeholder-aspect-ratio: 1500\/844;\" data-original-sizes=\"(max-width: 1500px) 100vw, 1500px\" \/><figcaption id=\"caption-attachment-13667\" class=\"wp-caption-text\">Film: Ma\u00ecn, la casa della felicit\u00e0 &#8211; Mornese, 5 agosto 1872<\/figcaption><\/figure>\n<h2><strong>Miss\u00e3o Carism\u00e1tica<\/strong><\/h2>\n<p>A dimens\u00e3o mission\u00e1ria \u00e9 elemento essencial da identidade\u00a0 do Instituto das Filhas de Maria Auxiliadora (Const.FMA 75) e se expressa, na contemporaneidade, na escolha da Educomunica\u00e7\u00e3o para viver o Sistema Preventivo, \u00e0 luz da vis\u00e3o antropol\u00f3gica crist\u00e3, como chamado de Deus e fidelidade ao carisma salesiano no estilo do <strong>Da mihi animas cetera tolle <\/strong>e do <strong>A ti as confio <\/strong>(cf. Atos do CG XXIII, n\u00ba 66. 4).<\/p>\n<p>Animadas pelo carisma salesiano com os tra\u00e7os espec\u00edficos do \u201cesp\u00edrito de Mornese\u201d, as FMA t\u00eam como objetivo de suas obras o crescimento integral das pessoas, o acompanhamento dos joves em seu caminho de amadurecimento do projeto de vida, a forma\u00e7\u00e3o \u00e0 f\u00e9 e a educa\u00e7\u00e3o a uma cidadania ativa, \u00e0 gratuidade e \u00e0 solidariedade, no estilo do Sistema Preventivo de Dom Bosco.<br \/>\n<em>A educa\u00e7\u00e3o da jovem <\/em>\u00e9 uma escolha priorit\u00e1ria das FMA, que se realiza nos v\u00e1rios pa\u00edses com interven\u00e7\u00f5es diversificadas: forma\u00e7\u00e3o cultural e evangeliza\u00e7\u00e3o, inser\u00e7\u00e3o no mundo do trabalho, promo\u00e7\u00e3o de cooperativas femininas nas miss\u00f5es, recupera\u00e7\u00e3o das meninas v\u00edtimas da prostitui\u00e7\u00e3o, do tr\u00e1fico de pessoas, orientando-as para lutar pela pr\u00f3pria dignidade e pela elabora\u00e7\u00e3o de uma cultura inspirada no humanismo crist\u00e3o. <em>\u00a0<\/em><\/p>\n<p>Entre as obras das FMA h\u00e1: o Orat\u00f3rio-Centro Juvenil, Escolas e Centros de forma\u00e7\u00e3o profissional, Institui\u00e7\u00f5es de Ensino Superior, obras para crian\u00e7as de ambos os sexos, adolescentes, jovens em situa\u00e7\u00f5es de dificuldades, Centros de Espiritualidade, Centros de Promo\u00e7\u00e3o da Mulher, a Associa\u00e7\u00e3o de <em>Voluntariado Internacional Mulher Educa\u00e7\u00e3o Desenvolvimento (VIDES), o Escrit\u00f3rio de Direitos Humanos (<\/em>IIMA \u2013 Sui\u00e7a).<\/p>\n<p>Estas obras s\u00e3o animadas pela Comunidade Educativa FMA, movidas pelo ardor do <em>da mihi animas cetera tolle <\/em>com a sensibilidade feminina, inspiradas no carisma do Instituto, aberto \u00e0 colabora\u00e7\u00e3o com as fam\u00edlias, com as Institui\u00e7\u00f5es, com leigos e leigas que dividem com elas a mesma miss\u00e3o. Em sintonia com o cora\u00e7\u00e3o dos jovens, colocam-se na escuta para discernir \u201coutros lugares\u201d onde viver a l\u00f3gica evang\u00e9lica da doa\u00e7\u00e3o e da fraternidade; deixam-se interpelar por todas as periferias humanas, com aten\u00e7\u00e3o especial \u00e0 situa\u00e7\u00e3o dos jovens e das jovens; da mobilidade humana, do cuidado com a casa comum, dos ambientes digitais, da busca de uma paz justa e segura.<\/p>\n<p>As Comunidades Educativas de muitos rostos, \u00abfundadas sobre a presen\u00e7a de Cristo Ressuscitado e nutridas po Ele, Palavra e P\u00e3o\u00bb (Const. FMA, n\u00ba 49), vivem a miss\u00e3o compartilhada que \u00e9 participa\u00e7\u00e3o ao mesmo carisma, como dom do Esp\u00edrito Santo para o presente e para o futuro, no qual os leigos s\u00e3o parte \u00abativa, consciente e respons\u00e1vel da miss\u00e3o da Igreja\u00bb <em>(Exorta\u00e7\u00e3o apost\u00f3lica p\u00f3s-sinodal Christifideles Laici, <\/em>1988, n\u00ba3<em>) <\/em>. No atual contexto mundial ouvem o forte apelo para serem uma presen\u00e7a prof\u00e9tica, sinal de unidade e de inclus\u00e3o, no compromisso evang\u00e9lico de transforma\u00e7\u00e3o social e cultural, para promover a vida e construir um mundo mais humano e aberto ao Evangelho.<\/p>\n<figure id=\"attachment_13672\" aria-describedby=\"caption-attachment-13672\" style=\"width: 1500px\" class=\"wp-caption alignnone\"><img decoding=\"async\" class=\"wp-image-13672 size-full lazyload\" data-src=\"https:\/\/www.cgfmanet.org\/wp-content\/uploads\/2019\/12\/M.Mazzarello-accoglienza-121.jpg\" alt=\"\" width=\"1500\" height=\"1046\" data-srcset=\"https:\/\/www.cgfmanet.org\/wp-content\/uploads\/2019\/12\/M.Mazzarello-accoglienza-121.jpg 1500w, https:\/\/www.cgfmanet.org\/wp-content\/uploads\/2019\/12\/M.Mazzarello-accoglienza-121-768x536.jpg 768w, https:\/\/www.cgfmanet.org\/wp-content\/uploads\/2019\/12\/M.Mazzarello-accoglienza-121-100x70.jpg 100w, https:\/\/www.cgfmanet.org\/wp-content\/uploads\/2019\/12\/M.Mazzarello-accoglienza-121-696x485.jpg 696w, https:\/\/www.cgfmanet.org\/wp-content\/uploads\/2019\/12\/M.Mazzarello-accoglienza-121-602x420.jpg 602w, https:\/\/www.cgfmanet.org\/wp-content\/uploads\/2019\/12\/M.Mazzarello-accoglienza-121-1320x920.jpg 1320w\" data-sizes=\"auto\" src=\"data:image\/svg+xml;base64,PHN2ZyB3aWR0aD0iMSIgaGVpZ2h0PSIxIiB4bWxucz0iaHR0cDovL3d3dy53My5vcmcvMjAwMC9zdmciPjwvc3ZnPg==\" style=\"--smush-placeholder-width: 1500px; --smush-placeholder-aspect-ratio: 1500\/1046;\" data-original-sizes=\"(max-width: 1500px) 100vw, 1500px\" \/><figcaption id=\"caption-attachment-13672\" class=\"wp-caption-text\">Film: Ma\u00ecn, la casa della felicit\u00e0 &#8211; Mornese, accoglienza delle giovani.<\/figcaption><\/figure>\n","protected":false},"excerpt":{"rendered":"<p>Vis\u00e3o Carism\u00e1tica Somos uma Fam\u00edlia Religiosa nascida do cora\u00e7\u00e3o de S\u00e3o Jo\u00e3o Bosco e da fidelidade criativa de Santa Maria Domingas Mazzarello. As Filhas de Maria Auxiliadora, Consagradas a Deus [&hellip;]<\/p>\n","protected":false},"author":45,"featured_media":0,"parent":0,"menu_order":0,"comment_status":"closed","ping_status":"closed","template":"","meta":{"footnotes":""},"class_list":["post-15004","page","type-page","status-publish"],"yoast_head":"<!-- This site is optimized with the Yoast SEO plugin v27.4 - https:\/\/yoast.com\/product\/yoast-seo-wordpress\/ -->\n<title>Vis\u00e3o e Miss\u00e3o Carism\u00e1tica &#8226; Istituto Figlie di Maria Ausiliatrice<\/title>\n<meta name=\"robots\" content=\"index, follow, max-snippet:-1, max-image-preview:large, max-video-preview:-1\" \/>\n<link rel=\"canonical\" href=\"https:\/\/www.cgfmanet.org\/pt-pt\/visao-missao-carismatica\/\" \/>\n<meta property=\"og:locale\" content=\"pt_PT\" \/>\n<meta property=\"og:type\" content=\"article\" \/>\n<meta property=\"og:title\" content=\"Vis\u00e3o e Miss\u00e3o Carism\u00e1tica &#8226; Istituto Figlie di Maria Ausiliatrice\" \/>\n<meta property=\"og:description\" content=\"Vis\u00e3o Carism\u00e1tica Somos uma Fam\u00edlia Religiosa nascida do cora\u00e7\u00e3o de S\u00e3o Jo\u00e3o Bosco e da fidelidade criativa de Santa Maria Domingas Mazzarello. As Filhas de Maria Auxiliadora, Consagradas a Deus [&hellip;]\" \/>\n<meta property=\"og:url\" content=\"https:\/\/www.cgfmanet.org\/pt-pt\/visao-missao-carismatica\/\" \/>\n<meta property=\"og:site_name\" content=\"Istituto Figlie di Maria Ausiliatrice\" \/>\n<meta property=\"article:publisher\" content=\"https:\/\/www.facebook.com\/salesian.sisters.of.don.bosco\/\" \/>\n<meta property=\"article:modified_time\" content=\"2019-12-16T10:40:42+00:00\" \/>\n<meta property=\"og:image\" content=\"https:\/\/www.cgfmanet.org\/wp-content\/uploads\/2019\/12\/Consacrazione-076.jpg\" \/>\n<meta name=\"twitter:card\" content=\"summary_large_image\" \/>\n<meta name=\"twitter:site\" content=\"@Cgfmanet_Org\" \/>\n<meta name=\"twitter:label1\" content=\"Tempo estimado de leitura\" \/>\n\t<meta name=\"twitter:data1\" content=\"4 minutos\" \/>\n<script type=\"application\/ld+json\" class=\"yoast-schema-graph\">{\"@context\":\"https:\\\/\\\/schema.org\",\"@graph\":[{\"@type\":\"WebPage\",\"@id\":\"https:\\\/\\\/www.cgfmanet.org\\\/pt-pt\\\/visao-missao-carismatica\\\/\",\"url\":\"https:\\\/\\\/www.cgfmanet.org\\\/pt-pt\\\/visao-missao-carismatica\\\/\",\"name\":\"Vis\u00e3o e Miss\u00e3o Carism\u00e1tica &#8226; Istituto Figlie di Maria Ausiliatrice\",\"isPartOf\":{\"@id\":\"https:\\\/\\\/www.cgfmanet.org\\\/es\\\/#website\"},\"primaryImageOfPage\":{\"@id\":\"https:\\\/\\\/www.cgfmanet.org\\\/pt-pt\\\/visao-missao-carismatica\\\/#primaryimage\"},\"image\":{\"@id\":\"https:\\\/\\\/www.cgfmanet.org\\\/pt-pt\\\/visao-missao-carismatica\\\/#primaryimage\"},\"thumbnailUrl\":\"https:\\\/\\\/www.cgfmanet.org\\\/wp-content\\\/uploads\\\/2019\\\/12\\\/Consacrazione-076.jpg\",\"datePublished\":\"2018-10-29T09:40:18+00:00\",\"dateModified\":\"2019-12-16T10:40:42+00:00\",\"breadcrumb\":{\"@id\":\"https:\\\/\\\/www.cgfmanet.org\\\/pt-pt\\\/visao-missao-carismatica\\\/#breadcrumb\"},\"inLanguage\":\"pt-PT\",\"potentialAction\":[{\"@type\":\"ReadAction\",\"target\":[\"https:\\\/\\\/www.cgfmanet.org\\\/pt-pt\\\/visao-missao-carismatica\\\/\"]}]},{\"@type\":\"ImageObject\",\"inLanguage\":\"pt-PT\",\"@id\":\"https:\\\/\\\/www.cgfmanet.org\\\/pt-pt\\\/visao-missao-carismatica\\\/#primaryimage\",\"url\":\"https:\\\/\\\/www.cgfmanet.org\\\/wp-content\\\/uploads\\\/2019\\\/12\\\/Consacrazione-076.jpg\",\"contentUrl\":\"https:\\\/\\\/www.cgfmanet.org\\\/wp-content\\\/uploads\\\/2019\\\/12\\\/Consacrazione-076.jpg\"},{\"@type\":\"BreadcrumbList\",\"@id\":\"https:\\\/\\\/www.cgfmanet.org\\\/pt-pt\\\/visao-missao-carismatica\\\/#breadcrumb\",\"itemListElement\":[{\"@type\":\"ListItem\",\"position\":1,\"name\":\"Home\",\"item\":\"https:\\\/\\\/www.cgfmanet.org\\\/pt-pt\\\/\"},{\"@type\":\"ListItem\",\"position\":2,\"name\":\"Vis\u00e3o e Miss\u00e3o Carism\u00e1tica\"}]},{\"@type\":\"WebSite\",\"@id\":\"https:\\\/\\\/www.cgfmanet.org\\\/es\\\/#website\",\"url\":\"https:\\\/\\\/www.cgfmanet.org\\\/es\\\/\",\"name\":\"Istituto Figlie di Maria Ausiliatrice\",\"description\":\"Salesiane di Don Bosco\",\"publisher\":{\"@id\":\"https:\\\/\\\/www.cgfmanet.org\\\/es\\\/#organization\"},\"potentialAction\":[{\"@type\":\"SearchAction\",\"target\":{\"@type\":\"EntryPoint\",\"urlTemplate\":\"https:\\\/\\\/www.cgfmanet.org\\\/es\\\/?s={search_term_string}\"},\"query-input\":{\"@type\":\"PropertyValueSpecification\",\"valueRequired\":true,\"valueName\":\"search_term_string\"}}],\"inLanguage\":\"pt-PT\"},{\"@type\":\"Organization\",\"@id\":\"https:\\\/\\\/www.cgfmanet.org\\\/es\\\/#organization\",\"name\":\"Istituto Figlie di Maria Ausiliatrice\",\"url\":\"https:\\\/\\\/www.cgfmanet.org\\\/es\\\/\",\"logo\":{\"@type\":\"ImageObject\",\"inLanguage\":\"pt-PT\",\"@id\":\"https:\\\/\\\/www.cgfmanet.org\\\/es\\\/#\\\/schema\\\/logo\\\/image\\\/\",\"url\":\"https:\\\/\\\/www.cgfmanet.org\\\/wp-content\\\/uploads\\\/2018\\\/10\\\/logo-fma.png\",\"contentUrl\":\"https:\\\/\\\/www.cgfmanet.org\\\/wp-content\\\/uploads\\\/2018\\\/10\\\/logo-fma.png\",\"width\":214,\"height\":55,\"caption\":\"Istituto Figlie di Maria Ausiliatrice\"},\"image\":{\"@id\":\"https:\\\/\\\/www.cgfmanet.org\\\/es\\\/#\\\/schema\\\/logo\\\/image\\\/\"},\"sameAs\":[\"https:\\\/\\\/www.facebook.com\\\/salesian.sisters.of.don.bosco\\\/\",\"https:\\\/\\\/x.com\\\/Cgfmanet_Org\",\"https:\\\/\\\/www.youtube.com\\\/channel\\\/UCmcr8yFQBV7JXeXVxyV9y5Q\"]}]}<\/script>\n<!-- \/ Yoast SEO plugin. -->","yoast_head_json":{"title":"Vis\u00e3o e Miss\u00e3o Carism\u00e1tica &#8226; Istituto Figlie di Maria Ausiliatrice","robots":{"index":"index","follow":"follow","max-snippet":"max-snippet:-1","max-image-preview":"max-image-preview:large","max-video-preview":"max-video-preview:-1"},"canonical":"https:\/\/www.cgfmanet.org\/pt-pt\/visao-missao-carismatica\/","og_locale":"pt_PT","og_type":"article","og_title":"Vis\u00e3o e Miss\u00e3o Carism\u00e1tica &#8226; Istituto Figlie di Maria Ausiliatrice","og_description":"Vis\u00e3o Carism\u00e1tica Somos uma Fam\u00edlia Religiosa nascida do cora\u00e7\u00e3o de S\u00e3o Jo\u00e3o Bosco e da fidelidade criativa de Santa Maria Domingas Mazzarello. As Filhas de Maria Auxiliadora, Consagradas a Deus [&hellip;]","og_url":"https:\/\/www.cgfmanet.org\/pt-pt\/visao-missao-carismatica\/","og_site_name":"Istituto Figlie di Maria Ausiliatrice","article_publisher":"https:\/\/www.facebook.com\/salesian.sisters.of.don.bosco\/","article_modified_time":"2019-12-16T10:40:42+00:00","og_image":[{"url":"https:\/\/www.cgfmanet.org\/wp-content\/uploads\/2019\/12\/Consacrazione-076.jpg","type":"","width":"","height":""}],"twitter_card":"summary_large_image","twitter_site":"@Cgfmanet_Org","twitter_misc":{"Tempo estimado de leitura":"4 minutos"},"schema":{"@context":"https:\/\/schema.org","@graph":[{"@type":"WebPage","@id":"https:\/\/www.cgfmanet.org\/pt-pt\/visao-missao-carismatica\/","url":"https:\/\/www.cgfmanet.org\/pt-pt\/visao-missao-carismatica\/","name":"Vis\u00e3o e Miss\u00e3o Carism\u00e1tica &#8226; Istituto Figlie di Maria Ausiliatrice","isPartOf":{"@id":"https:\/\/www.cgfmanet.org\/es\/#website"},"primaryImageOfPage":{"@id":"https:\/\/www.cgfmanet.org\/pt-pt\/visao-missao-carismatica\/#primaryimage"},"image":{"@id":"https:\/\/www.cgfmanet.org\/pt-pt\/visao-missao-carismatica\/#primaryimage"},"thumbnailUrl":"https:\/\/www.cgfmanet.org\/wp-content\/uploads\/2019\/12\/Consacrazione-076.jpg","datePublished":"2018-10-29T09:40:18+00:00","dateModified":"2019-12-16T10:40:42+00:00","breadcrumb":{"@id":"https:\/\/www.cgfmanet.org\/pt-pt\/visao-missao-carismatica\/#breadcrumb"},"inLanguage":"pt-PT","potentialAction":[{"@type":"ReadAction","target":["https:\/\/www.cgfmanet.org\/pt-pt\/visao-missao-carismatica\/"]}]},{"@type":"ImageObject","inLanguage":"pt-PT","@id":"https:\/\/www.cgfmanet.org\/pt-pt\/visao-missao-carismatica\/#primaryimage","url":"https:\/\/www.cgfmanet.org\/wp-content\/uploads\/2019\/12\/Consacrazione-076.jpg","contentUrl":"https:\/\/www.cgfmanet.org\/wp-content\/uploads\/2019\/12\/Consacrazione-076.jpg"},{"@type":"BreadcrumbList","@id":"https:\/\/www.cgfmanet.org\/pt-pt\/visao-missao-carismatica\/#breadcrumb","itemListElement":[{"@type":"ListItem","position":1,"name":"Home","item":"https:\/\/www.cgfmanet.org\/pt-pt\/"},{"@type":"ListItem","position":2,"name":"Vis\u00e3o e Miss\u00e3o Carism\u00e1tica"}]},{"@type":"WebSite","@id":"https:\/\/www.cgfmanet.org\/es\/#website","url":"https:\/\/www.cgfmanet.org\/es\/","name":"Istituto Figlie di Maria Ausiliatrice","description":"Salesiane di Don Bosco","publisher":{"@id":"https:\/\/www.cgfmanet.org\/es\/#organization"},"potentialAction":[{"@type":"SearchAction","target":{"@type":"EntryPoint","urlTemplate":"https:\/\/www.cgfmanet.org\/es\/?s={search_term_string}"},"query-input":{"@type":"PropertyValueSpecification","valueRequired":true,"valueName":"search_term_string"}}],"inLanguage":"pt-PT"},{"@type":"Organization","@id":"https:\/\/www.cgfmanet.org\/es\/#organization","name":"Istituto Figlie di Maria Ausiliatrice","url":"https:\/\/www.cgfmanet.org\/es\/","logo":{"@type":"ImageObject","inLanguage":"pt-PT","@id":"https:\/\/www.cgfmanet.org\/es\/#\/schema\/logo\/image\/","url":"https:\/\/www.cgfmanet.org\/wp-content\/uploads\/2018\/10\/logo-fma.png","contentUrl":"https:\/\/www.cgfmanet.org\/wp-content\/uploads\/2018\/10\/logo-fma.png","width":214,"height":55,"caption":"Istituto Figlie di Maria Ausiliatrice"},"image":{"@id":"https:\/\/www.cgfmanet.org\/es\/#\/schema\/logo\/image\/"},"sameAs":["https:\/\/www.facebook.com\/salesian.sisters.of.don.bosco\/","https:\/\/x.com\/Cgfmanet_Org","https:\/\/www.youtube.com\/channel\/UCmcr8yFQBV7JXeXVxyV9y5Q"]}]}},"_links":{"self":[{"href":"https:\/\/www.cgfmanet.org\/pt-pt\/wp-json\/wp\/v2\/pages\/15004","targetHints":{"allow":["GET"]}}],"collection":[{"href":"https:\/\/www.cgfmanet.org\/pt-pt\/wp-json\/wp\/v2\/pages"}],"about":[{"href":"https:\/\/www.cgfmanet.org\/pt-pt\/wp-json\/wp\/v2\/types\/page"}],"author":[{"embeddable":true,"href":"https:\/\/www.cgfmanet.org\/pt-pt\/wp-json\/wp\/v2\/users\/45"}],"replies":[{"embeddable":true,"href":"https:\/\/www.cgfmanet.org\/pt-pt\/wp-json\/wp\/v2\/comments?post=15004"}],"version-history":[{"count":0,"href":"https:\/\/www.cgfmanet.org\/pt-pt\/wp-json\/wp\/v2\/pages\/15004\/revisions"}],"wp:attachment":[{"href":"https:\/\/www.cgfmanet.org\/pt-pt\/wp-json\/wp\/v2\/media?parent=15004"}],"curies":[{"name":"wp","href":"https:\/\/api.w.org\/{rel}","templated":true}]}}