{"id":109510,"date":"2024-04-19T09:31:44","date_gmt":"2024-04-19T07:31:44","guid":{"rendered":"https:\/\/www.cgfmanet.org\/?page_id=109510"},"modified":"2024-04-19T10:38:21","modified_gmt":"2024-04-19T08:38:21","slug":"privacy-newsletter","status":"publish","type":"page","link":"https:\/\/www.cgfmanet.org\/pt-pt\/privacy-newsletter\/","title":{"rendered":"Privacy Policy Newsletter"},"content":{"rendered":"<p>Nos termos do artigo 13 do Regulamento (UE) 2016\/679 (RGPD), o Instituto Figlie di Maria Ausiliatrice atua como Controlador de Dados.<\/p>\n<h4><strong>Respons\u00e1vel pelo tratamento de dados:<\/strong><\/h4>\n<p>Istituto Figlie di Maria Ausiliatrice<br \/>\nVia dell\u2019Ateneo Salesiano, 81<br \/>\n00139 Roma \u2013 Italia<br \/>\nC.F.: 80030250585<br \/>\nTel: +39 06 872741 Fax: + 39 06 87132306<\/p>\n<p><strong>Endere\u00e7o de email:<\/strong> <a href=\"mailto:amministrazionefma@cgfma.org\">amministrazionefma@cgfma.org<\/a><\/p>\n<h4><strong>Dados pessoais processados<\/strong><\/h4>\n<p>Ao subscrever a nossa newsletter, ser-lhe-\u00e3o solicitados alguns dados fundamentais para lhe podermos enviar as nossas comunica\u00e7\u00f5es; em particular, ser\u00e1 solicitado seu nome, sobrenome e endere\u00e7o de e-mail para receber a newsletter (doravante, &#8220;Dados Pessoais&#8221;).<\/p>\n<h4><strong>Finalidade e base legal do processamento<\/strong><\/h4>\n<p>Utilizamos os seus Dados Pessoais para lhe enviar informa\u00e7\u00f5es relativas a eventos organizados pelo nosso Instituto (a t\u00edtulo de exemplo, mas n\u00e3o limitado a: confer\u00eancias, semin\u00e1rios, emerg\u00eancias, campanhas humanit\u00e1rias, angaria\u00e7\u00e3o de fundos). A finalidade para a qual tratamos os seus Dados Pessoais diz respeito exclusivamente ao envio da nossa newsletter. A base legal que justifica o tratamento \u00e9 o seu consentimento (art. 6, par. 1, letra a) do RGPD). Para fornecer seu consentimento, basta clicar no bot\u00e3o \u201cInscrever-me\u201d.<\/p>\n<p>O fornecimento dos seus Dados Pessoais \u00e9 opcional. Em caso de recusa, ao n\u00e3o selecionar o bot\u00e3o \u201cInscrever-me\u201d, os seus dados n\u00e3o ser\u00e3o armazenados e, portanto, n\u00e3o receber\u00e1 quaisquer comunica\u00e7\u00f5es relativas aos eventos do Instituto. Lembramos que se decidir subscrever, poder\u00e1, a qualquer momento, revogar o consentimento prestado e cancelar a subscri\u00e7\u00e3o da newsletter clicando no link apropriado \u201cModificar a sua subscri\u00e7\u00e3o\u201d no final de cada e-mail enviado. Ap\u00f3s esta opera\u00e7\u00e3o, os seus dados ser\u00e3o eliminados e n\u00e3o receber\u00e1 mais comunica\u00e7\u00f5es via e-mail do Instituto.<\/p>\n<h4><strong>Tempos de armazenamento<\/strong><\/h4>\n<p>Ap\u00f3s o registo na newsletter, os seus Dados Pessoais ser\u00e3o armazenados at\u00e9 que o seu consentimento seja revogado. Ap\u00f3s a revoga\u00e7\u00e3o, que poder\u00e1 expressar na forma indicada no par\u00e1grafo anterior, os seus Dados Pessoais ser\u00e3o eliminados sem demora injustificada e compat\u00edvel com os nossos procedimentos t\u00e9cnicos.<\/p>\n<h4><strong>Comunica\u00e7\u00e3o e divulga\u00e7\u00e3o de dados<\/strong><\/h4>\n<p>Os Dados Pessoais recolhidos poder\u00e3o ser tratados por funcion\u00e1rios do Instituto e seus colaboradores relativos \u00e0s fun\u00e7\u00f5es respons\u00e1veis \u200b\u200bpela prossecu\u00e7\u00e3o da finalidade acima indicada, que tenham sido expressamente autorizados para o tratamento e que tenham recebido instru\u00e7\u00f5es de funcionamento adequadas. Tais dados tamb\u00e9m poder\u00e3o ser processados \u200b\u200bpor empresas que prestam servi\u00e7os em nome do Controlador de Dados, e que, portanto, exercem a fun\u00e7\u00e3o de controladoras de dados.<\/p>\n<h4><strong>Seus direitos<\/strong><\/h4>\n<p>Voc\u00ea pode solicitar ao Controlador de Dados o acesso aos Dados Pessoais que lhe dizem respeito, a sua retifica\u00e7\u00e3o ou cancelamento, a integra\u00e7\u00e3o dos dados pessoais incompletos e a limita\u00e7\u00e3o do tratamento nos casos previstos no art. 18 do RGPD. Dado que o tratamento se baseia no consentimento, tem o direito de revogar esse consentimento de acordo com os m\u00e9todos indicados nos par\u00e1grafos anteriores.<\/p>\n<p>Os seus direitos podem ser exercidos escrevendo para <a href=\"mailto:amministrazionefma@cgfma.org\">amministrazionefma@cgfma.org<\/a><\/p>\n<p>A qualquer momento poder\u00e1 apresentar reclama\u00e7\u00e3o junto da Autoridade de Prote\u00e7\u00e3o de Dados Pessoais, bem como recorrer a outros meios de prote\u00e7\u00e3o previstos na legisla\u00e7\u00e3o aplic\u00e1vel.<\/p>\n","protected":false},"excerpt":{"rendered":"<p>Nos termos do artigo 13 do Regulamento (UE) 2016\/679 (RGPD), o Instituto Figlie di Maria Ausiliatrice atua como Controlador de Dados. Respons\u00e1vel pelo tratamento de dados: Istituto Figlie di Maria [&hellip;]<\/p>\n","protected":false},"author":45,"featured_media":0,"parent":0,"menu_order":0,"comment_status":"closed","ping_status":"closed","template":"","meta":{"footnotes":""},"class_list":["post-109510","page","type-page","status-publish"],"yoast_head":"<!-- This site is optimized with the Yoast SEO plugin v27.4 - https:\/\/yoast.com\/product\/yoast-seo-wordpress\/ -->\n<title>Privacy Policy Newsletter &#8226; Istituto Figlie di Maria Ausiliatrice<\/title>\n<meta name=\"robots\" content=\"index, follow, max-snippet:-1, max-image-preview:large, max-video-preview:-1\" \/>\n<link rel=\"canonical\" href=\"https:\/\/www.cgfmanet.org\/pt-pt\/privacy-newsletter\/\" \/>\n<meta property=\"og:locale\" content=\"pt_PT\" \/>\n<meta property=\"og:type\" content=\"article\" \/>\n<meta property=\"og:title\" content=\"Privacy Policy Newsletter &#8226; Istituto Figlie di Maria Ausiliatrice\" \/>\n<meta property=\"og:description\" content=\"Nos termos do artigo 13 do Regulamento (UE) 2016\/679 (RGPD), o Instituto Figlie di Maria Ausiliatrice atua como Controlador de Dados. Respons\u00e1vel pelo tratamento de dados: Istituto Figlie di Maria [&hellip;]\" \/>\n<meta property=\"og:url\" content=\"https:\/\/www.cgfmanet.org\/pt-pt\/privacy-newsletter\/\" \/>\n<meta property=\"og:site_name\" content=\"Istituto Figlie di Maria Ausiliatrice\" \/>\n<meta property=\"article:publisher\" content=\"https:\/\/www.facebook.com\/salesian.sisters.of.don.bosco\/\" \/>\n<meta property=\"article:modified_time\" content=\"2024-04-19T08:38:21+00:00\" \/>\n<meta property=\"og:image\" content=\"https:\/\/www.cgfmanet.org\/wp-content\/uploads\/2018\/10\/logo-fma-retina.png\" \/>\n\t<meta property=\"og:image:width\" content=\"425\" \/>\n\t<meta property=\"og:image:height\" content=\"109\" \/>\n\t<meta property=\"og:image:type\" content=\"image\/png\" \/>\n<meta name=\"twitter:card\" content=\"summary_large_image\" \/>\n<meta name=\"twitter:site\" content=\"@Cgfmanet_Org\" \/>\n<meta name=\"twitter:label1\" content=\"Tempo estimado de leitura\" \/>\n\t<meta name=\"twitter:data1\" content=\"3 minutos\" \/>\n<script type=\"application\/ld+json\" class=\"yoast-schema-graph\">{\"@context\":\"https:\\\/\\\/schema.org\",\"@graph\":[{\"@type\":\"WebPage\",\"@id\":\"https:\\\/\\\/www.cgfmanet.org\\\/pt-pt\\\/privacy-newsletter\\\/\",\"url\":\"https:\\\/\\\/www.cgfmanet.org\\\/pt-pt\\\/privacy-newsletter\\\/\",\"name\":\"Privacy Policy Newsletter &#8226; Istituto Figlie di Maria Ausiliatrice\",\"isPartOf\":{\"@id\":\"https:\\\/\\\/www.cgfmanet.org\\\/es\\\/#website\"},\"datePublished\":\"2024-04-19T07:31:44+00:00\",\"dateModified\":\"2024-04-19T08:38:21+00:00\",\"breadcrumb\":{\"@id\":\"https:\\\/\\\/www.cgfmanet.org\\\/pt-pt\\\/privacy-newsletter\\\/#breadcrumb\"},\"inLanguage\":\"pt-PT\",\"potentialAction\":[{\"@type\":\"ReadAction\",\"target\":[\"https:\\\/\\\/www.cgfmanet.org\\\/pt-pt\\\/privacy-newsletter\\\/\"]}]},{\"@type\":\"BreadcrumbList\",\"@id\":\"https:\\\/\\\/www.cgfmanet.org\\\/pt-pt\\\/privacy-newsletter\\\/#breadcrumb\",\"itemListElement\":[{\"@type\":\"ListItem\",\"position\":1,\"name\":\"Home\",\"item\":\"https:\\\/\\\/www.cgfmanet.org\\\/pt-pt\\\/\"},{\"@type\":\"ListItem\",\"position\":2,\"name\":\"Privacy Policy Newsletter\"}]},{\"@type\":\"WebSite\",\"@id\":\"https:\\\/\\\/www.cgfmanet.org\\\/es\\\/#website\",\"url\":\"https:\\\/\\\/www.cgfmanet.org\\\/es\\\/\",\"name\":\"Istituto Figlie di Maria Ausiliatrice\",\"description\":\"Salesiane di Don Bosco\",\"publisher\":{\"@id\":\"https:\\\/\\\/www.cgfmanet.org\\\/es\\\/#organization\"},\"potentialAction\":[{\"@type\":\"SearchAction\",\"target\":{\"@type\":\"EntryPoint\",\"urlTemplate\":\"https:\\\/\\\/www.cgfmanet.org\\\/es\\\/?s={search_term_string}\"},\"query-input\":{\"@type\":\"PropertyValueSpecification\",\"valueRequired\":true,\"valueName\":\"search_term_string\"}}],\"inLanguage\":\"pt-PT\"},{\"@type\":\"Organization\",\"@id\":\"https:\\\/\\\/www.cgfmanet.org\\\/es\\\/#organization\",\"name\":\"Istituto Figlie di Maria Ausiliatrice\",\"url\":\"https:\\\/\\\/www.cgfmanet.org\\\/es\\\/\",\"logo\":{\"@type\":\"ImageObject\",\"inLanguage\":\"pt-PT\",\"@id\":\"https:\\\/\\\/www.cgfmanet.org\\\/es\\\/#\\\/schema\\\/logo\\\/image\\\/\",\"url\":\"https:\\\/\\\/www.cgfmanet.org\\\/wp-content\\\/uploads\\\/2018\\\/10\\\/logo-fma.png\",\"contentUrl\":\"https:\\\/\\\/www.cgfmanet.org\\\/wp-content\\\/uploads\\\/2018\\\/10\\\/logo-fma.png\",\"width\":214,\"height\":55,\"caption\":\"Istituto Figlie di Maria Ausiliatrice\"},\"image\":{\"@id\":\"https:\\\/\\\/www.cgfmanet.org\\\/es\\\/#\\\/schema\\\/logo\\\/image\\\/\"},\"sameAs\":[\"https:\\\/\\\/www.facebook.com\\\/salesian.sisters.of.don.bosco\\\/\",\"https:\\\/\\\/x.com\\\/Cgfmanet_Org\",\"https:\\\/\\\/www.youtube.com\\\/channel\\\/UCmcr8yFQBV7JXeXVxyV9y5Q\"]}]}<\/script>\n<!-- \/ Yoast SEO plugin. -->","yoast_head_json":{"title":"Privacy Policy Newsletter &#8226; Istituto Figlie di Maria Ausiliatrice","robots":{"index":"index","follow":"follow","max-snippet":"max-snippet:-1","max-image-preview":"max-image-preview:large","max-video-preview":"max-video-preview:-1"},"canonical":"https:\/\/www.cgfmanet.org\/pt-pt\/privacy-newsletter\/","og_locale":"pt_PT","og_type":"article","og_title":"Privacy Policy Newsletter &#8226; Istituto Figlie di Maria Ausiliatrice","og_description":"Nos termos do artigo 13 do Regulamento (UE) 2016\/679 (RGPD), o Instituto Figlie di Maria Ausiliatrice atua como Controlador de Dados. Respons\u00e1vel pelo tratamento de dados: Istituto Figlie di Maria [&hellip;]","og_url":"https:\/\/www.cgfmanet.org\/pt-pt\/privacy-newsletter\/","og_site_name":"Istituto Figlie di Maria Ausiliatrice","article_publisher":"https:\/\/www.facebook.com\/salesian.sisters.of.don.bosco\/","article_modified_time":"2024-04-19T08:38:21+00:00","og_image":[{"width":425,"height":109,"url":"https:\/\/www.cgfmanet.org\/wp-content\/uploads\/2018\/10\/logo-fma-retina.png","type":"image\/png"}],"twitter_card":"summary_large_image","twitter_site":"@Cgfmanet_Org","twitter_misc":{"Tempo estimado de leitura":"3 minutos"},"schema":{"@context":"https:\/\/schema.org","@graph":[{"@type":"WebPage","@id":"https:\/\/www.cgfmanet.org\/pt-pt\/privacy-newsletter\/","url":"https:\/\/www.cgfmanet.org\/pt-pt\/privacy-newsletter\/","name":"Privacy Policy Newsletter &#8226; Istituto Figlie di Maria Ausiliatrice","isPartOf":{"@id":"https:\/\/www.cgfmanet.org\/es\/#website"},"datePublished":"2024-04-19T07:31:44+00:00","dateModified":"2024-04-19T08:38:21+00:00","breadcrumb":{"@id":"https:\/\/www.cgfmanet.org\/pt-pt\/privacy-newsletter\/#breadcrumb"},"inLanguage":"pt-PT","potentialAction":[{"@type":"ReadAction","target":["https:\/\/www.cgfmanet.org\/pt-pt\/privacy-newsletter\/"]}]},{"@type":"BreadcrumbList","@id":"https:\/\/www.cgfmanet.org\/pt-pt\/privacy-newsletter\/#breadcrumb","itemListElement":[{"@type":"ListItem","position":1,"name":"Home","item":"https:\/\/www.cgfmanet.org\/pt-pt\/"},{"@type":"ListItem","position":2,"name":"Privacy Policy Newsletter"}]},{"@type":"WebSite","@id":"https:\/\/www.cgfmanet.org\/es\/#website","url":"https:\/\/www.cgfmanet.org\/es\/","name":"Istituto Figlie di Maria Ausiliatrice","description":"Salesiane di Don Bosco","publisher":{"@id":"https:\/\/www.cgfmanet.org\/es\/#organization"},"potentialAction":[{"@type":"SearchAction","target":{"@type":"EntryPoint","urlTemplate":"https:\/\/www.cgfmanet.org\/es\/?s={search_term_string}"},"query-input":{"@type":"PropertyValueSpecification","valueRequired":true,"valueName":"search_term_string"}}],"inLanguage":"pt-PT"},{"@type":"Organization","@id":"https:\/\/www.cgfmanet.org\/es\/#organization","name":"Istituto Figlie di Maria Ausiliatrice","url":"https:\/\/www.cgfmanet.org\/es\/","logo":{"@type":"ImageObject","inLanguage":"pt-PT","@id":"https:\/\/www.cgfmanet.org\/es\/#\/schema\/logo\/image\/","url":"https:\/\/www.cgfmanet.org\/wp-content\/uploads\/2018\/10\/logo-fma.png","contentUrl":"https:\/\/www.cgfmanet.org\/wp-content\/uploads\/2018\/10\/logo-fma.png","width":214,"height":55,"caption":"Istituto Figlie di Maria Ausiliatrice"},"image":{"@id":"https:\/\/www.cgfmanet.org\/es\/#\/schema\/logo\/image\/"},"sameAs":["https:\/\/www.facebook.com\/salesian.sisters.of.don.bosco\/","https:\/\/x.com\/Cgfmanet_Org","https:\/\/www.youtube.com\/channel\/UCmcr8yFQBV7JXeXVxyV9y5Q"]}]}},"_links":{"self":[{"href":"https:\/\/www.cgfmanet.org\/pt-pt\/wp-json\/wp\/v2\/pages\/109510","targetHints":{"allow":["GET"]}}],"collection":[{"href":"https:\/\/www.cgfmanet.org\/pt-pt\/wp-json\/wp\/v2\/pages"}],"about":[{"href":"https:\/\/www.cgfmanet.org\/pt-pt\/wp-json\/wp\/v2\/types\/page"}],"author":[{"embeddable":true,"href":"https:\/\/www.cgfmanet.org\/pt-pt\/wp-json\/wp\/v2\/users\/45"}],"replies":[{"embeddable":true,"href":"https:\/\/www.cgfmanet.org\/pt-pt\/wp-json\/wp\/v2\/comments?post=109510"}],"version-history":[{"count":0,"href":"https:\/\/www.cgfmanet.org\/pt-pt\/wp-json\/wp\/v2\/pages\/109510\/revisions"}],"wp:attachment":[{"href":"https:\/\/www.cgfmanet.org\/pt-pt\/wp-json\/wp\/v2\/media?parent=109510"}],"curies":[{"name":"wp","href":"https:\/\/api.w.org\/{rel}","templated":true}]}}