{"id":6088,"date":"2019-09-12T11:50:40","date_gmt":"2019-09-12T09:50:40","guid":{"rendered":"https:\/\/www.cgfmanet.org\/donations-offerings-fundraisings\/"},"modified":"2026-04-24T15:48:25","modified_gmt":"2026-04-24T13:48:25","slug":"donations-dons-levee-de-fonds","status":"publish","type":"page","link":"https:\/\/www.cgfmanet.org\/fr\/donations-dons-levee-de-fonds\/","title":{"rendered":"Donations &#8211; Dons &#8211; Lev\u00e9e de Fonds"},"content":{"rendered":"<div class=\"wpb-content-wrapper\"><div id=\"tdi_1\" class=\"tdc-row\"><div class=\"vc_row tdi_2  wpb_row td-pb-row\" >\n<style scoped>\n\/* custom css - generated by TagDiv Composer *\/\n\n\/* custom css - generated by TagDiv Composer *\/\n.tdi_2,\r\n                .tdi_2 .tdc-columns{\r\n                    min-height: 0;\r\n                }.tdi_2,\r\n\t\t\t\t.tdi_2 .tdc-columns{\r\n\t\t\t\t    display: block;\r\n\t\t\t\t}.tdi_2 .tdc-columns{\r\n\t\t\t\t    width: 100%;\r\n\t\t\t\t}.tdi_2:before,\r\n\t\t\t\t.tdi_2:after{\r\n\t\t\t\t    display: table;\r\n\t\t\t\t}\n<\/style><div class=\"vc_column tdi_4  wpb_column vc_column_container tdc-column td-pb-span12\">\n<style scoped>\n\/* custom css - generated by TagDiv Composer *\/\n\n\/* custom css - generated by TagDiv Composer *\/\n.tdi_4{\r\n                    vertical-align: baseline;\r\n                }.tdi_4 > .wpb_wrapper,\r\n\t\t\t\t.tdi_4 > .wpb_wrapper > .tdc-elements{\r\n\t\t\t\t    display: block;\r\n\t\t\t\t}.tdi_4 > .wpb_wrapper > .tdc-elements{\r\n\t\t\t\t    width: 100%;\r\n\t\t\t\t}.tdi_4 > .wpb_wrapper > .vc_row_inner{\r\n\t\t\t\t    width: auto;\r\n\t\t\t\t}.tdi_4 > .wpb_wrapper{\r\n\t\t\t\t    width: auto;\r\n\t\t\t\t    height: auto;\r\n\t\t\t\t}\n<\/style><div class=\"wpb_wrapper\" >[vc_column_text css=\u00a0\u00bb\u00a0\u00bb]\r\n<p class=\"td-post-sub-title\">L\u2019Institut des Filles de Marie Auxiliatrice compte sur les Donations et les Dons pour soutenir la mission en faveur des populations en situation de pauvret\u00e9.<\/p>\r\n<img decoding=\"async\" class=\"td-modal-image wp-image-32119 alignleft lazyload\" data-src=\"https:\/\/www.cgfmanet.org\/wp-content\/uploads\/2020\/10\/informazione_foto_1200x800.jpg\" alt=\"\" width=\"455\" height=\"304\" data-srcset=\"https:\/\/www.cgfmanet.org\/wp-content\/uploads\/2020\/10\/informazione_foto_1200x800.jpg 1200w, https:\/\/www.cgfmanet.org\/wp-content\/uploads\/2020\/10\/informazione_foto_1200x800-768x512.jpg 768w, https:\/\/www.cgfmanet.org\/wp-content\/uploads\/2020\/10\/informazione_foto_1200x800-696x464.jpg 696w, https:\/\/www.cgfmanet.org\/wp-content\/uploads\/2020\/10\/informazione_foto_1200x800-630x420.jpg 630w\" data-sizes=\"auto\" src=\"data:image\/svg+xml;base64,PHN2ZyB3aWR0aD0iMSIgaGVpZ2h0PSIxIiB4bWxucz0iaHR0cDovL3d3dy53My5vcmcvMjAwMC9zdmciPjwvc3ZnPg==\" style=\"--smush-placeholder-width: 455px; --smush-placeholder-aspect-ratio: 455\/304;\" data-original-sizes=\"(max-width: 455px) 100vw, 455px\" \/>L\u2019<strong>Institut des Filles de Marie Auxiliatrice <\/strong>\u0153uvre par l\u2019interm\u00e9diaire de <strong>l\u2019Organisme juridique \u00ab Institut International Maria Auxiliatrice des Sal\u00e9siennes de Don Bosco \u00bb <\/strong>ayant son si\u00e8ge \u00e0 Rome (Italie), via dell\u2019Ateneo Salesiano, n. 81 Cap 00139, aux termes de la loi 222\/85.\r\n\r\n<strong>&#8211; Code Fiscal:<\/strong> <span style=\"color: #0000ff;\"><strong>80030250585\r\n<\/strong><\/span><strong>&#8211; T<\/strong><strong>el: <span style=\"color: #0000ff;\"><a style=\"color: #0000ff;\" href=\"tel:003906872741\">0039 06 872741<\/a><\/span><\/strong>\r\n\r\nIl a la reconnaissance l\u00e9gale avec le D.P.R. 28.09.1965, N\u00b0 1237 et est inscrit \u00e0 la Pr\u00e9fecture de Rome U.T.G. au n\u00b0 480 \/ 1987 et poursuit ses finalit\u00e9s propres d\u2019\u00e9ducation, d\u2019instruction et de bienfaisance.\r\n\r\nLe re\u00e7u \u00e9ventuel de d\u00e9claration d\u00e9livr\u00e9 sur demande par un Organisme Eccl\u00e9siastique, pour les dons au sens et aux fins de l\u2019art. 100, paragraphe 2, point a) du TUID 917\/86 et des modifications successives, explique sa propre efficacit\u00e9, de nature fiscale, SEULEMENT \u00e0 l\u2019\u00e9gard de ceux qui exercent une activit\u00e9 d\u2019entreprise et les soci\u00e9t\u00e9s commerciales de toute esp\u00e8ce ayant un num\u00e9ro de TVA.\r\n<h2><span style=\"color: #ff0000;\"><strong><em>B\u00e9n\u00e9ficiaire<\/em><\/strong><\/span><\/h2>\r\n<strong>Istituto Internazionale Maria Ausiliatrice delle Salesiane di Don Bosco\r\n<\/strong>Via dell\u2019Ateneo Salesiano, 81\r\n00139 Roma &#8211; RM (Italia)\r\n<h2><em><span style=\"color: #ff0000;\"><strong>Choisissez comment faire un don<\/strong><\/span><\/em><\/h2>\r\n<h5><em>Donner avec un ch\u00e8que bancaire, un ch\u00e8que postal, une carte bancaire en pr\u00e9cisant toujours le motif et en indiquant l\u2019activit\u00e9, la mission, le projet auquel vous le destinez.<\/em><\/h5>\r\n<h3><span style=\"color: #0000ff;\"><strong>Avec un ch\u00e8que<\/strong><\/span><\/h3>\r\n<div class=\"td-paragraph-padding-4\">\r\n\r\n<strong><img decoding=\"async\" class=\"alignnone wp-image-32134 lazyload\" data-src=\"https:\/\/www.cgfmanet.org\/wp-content\/uploads\/2020\/10\/numero-verde-unicredit-e-servizio-assistenza-clienti.jpg\" alt=\"\" width=\"197\" height=\"86\" data-srcset=\"https:\/\/www.cgfmanet.org\/wp-content\/uploads\/2020\/10\/numero-verde-unicredit-e-servizio-assistenza-clienti.jpg 2028w, https:\/\/www.cgfmanet.org\/wp-content\/uploads\/2020\/10\/numero-verde-unicredit-e-servizio-assistenza-clienti-768x335.jpg 768w, https:\/\/www.cgfmanet.org\/wp-content\/uploads\/2020\/10\/numero-verde-unicredit-e-servizio-assistenza-clienti-1536x670.jpg 1536w, https:\/\/www.cgfmanet.org\/wp-content\/uploads\/2020\/10\/numero-verde-unicredit-e-servizio-assistenza-clienti-696x303.jpg 696w, https:\/\/www.cgfmanet.org\/wp-content\/uploads\/2020\/10\/numero-verde-unicredit-e-servizio-assistenza-clienti-964x420.jpg 964w\" data-sizes=\"auto\" src=\"data:image\/svg+xml;base64,PHN2ZyB3aWR0aD0iMSIgaGVpZ2h0PSIxIiB4bWxucz0iaHR0cDovL3d3dy53My5vcmcvMjAwMC9zdmciPjwvc3ZnPg==\" style=\"--smush-placeholder-width: 197px; --smush-placeholder-aspect-ratio: 197\/86;\" data-original-sizes=\"(max-width: 197px) 100vw, 197px\" \/><\/strong>\r\n\r\n<\/div>\r\n<div class=\"td-paragraph-padding-4\">\r\n\r\n<strong>UniCredit S.P.A<\/strong>\r\n<strong>Number:<\/strong> 000010741637\r\n<strong>IBAN:<\/strong> IT 39 A 02008 03298 000010741637\r\n<strong>BIC \/ SWIFT:<\/strong> UNCRITM1Y91\r\n\r\n<\/div>\r\n<h3><span style=\"color: #0000ff;\"><strong>Avec une carte de cr\u00e9dit\r\n<\/strong><em style=\"color: #222222; font-family: Verdana, Geneva, sans-serif; font-size: 15px;\">Online web Banca Popolare di Sondrio<\/em><strong>\r\n<\/strong><\/span><\/h3>\r\n<h3><img decoding=\"async\" class=\"alignnone size-full wp-image-32139 lazyload\" data-src=\"https:\/\/www.cgfmanet.org\/wp-content\/uploads\/2020\/10\/carte-di-credito.jpg\" alt=\"\" width=\"350\" height=\"73\" src=\"data:image\/svg+xml;base64,PHN2ZyB3aWR0aD0iMSIgaGVpZ2h0PSIxIiB4bWxucz0iaHR0cDovL3d3dy53My5vcmcvMjAwMC9zdmciPjwvc3ZnPg==\" style=\"--smush-placeholder-width: 350px; --smush-placeholder-aspect-ratio: 350\/73;\" \/><\/h3>\r\n<h3><span style=\"color: #0000ff;\"><strong>Avec un CCP, un compte courant postal<\/strong><\/span><\/h3>\r\n<div class=\"td-paragraph-padding-4\">\r\n\r\n<strong><img decoding=\"async\" class=\"wp-image-32144 alignnone lazyload\" data-src=\"https:\/\/www.cgfmanet.org\/wp-content\/uploads\/2020\/10\/poste.jpg\" alt=\"\" width=\"150\" height=\"100\" data-srcset=\"https:\/\/www.cgfmanet.org\/wp-content\/uploads\/2020\/10\/poste.jpg 1200w, https:\/\/www.cgfmanet.org\/wp-content\/uploads\/2020\/10\/poste-768x512.jpg 768w, https:\/\/www.cgfmanet.org\/wp-content\/uploads\/2020\/10\/poste-696x464.jpg 696w, https:\/\/www.cgfmanet.org\/wp-content\/uploads\/2020\/10\/poste-630x420.jpg 630w\" data-sizes=\"auto\" src=\"data:image\/svg+xml;base64,PHN2ZyB3aWR0aD0iMSIgaGVpZ2h0PSIxIiB4bWxucz0iaHR0cDovL3d3dy53My5vcmcvMjAwMC9zdmciPjwvc3ZnPg==\" style=\"--smush-placeholder-width: 150px; --smush-placeholder-aspect-ratio: 150\/100;\" data-original-sizes=\"(max-width: 150px) 100vw, 150px\" \/><\/strong>\r\n\r\n<strong>Num\u00e9ro du Compte Courant postal: <\/strong>000053466009\r\n<strong>IBAN:<\/strong> IT 91 N 07601 03200 000053466009\r\nBPPIITRRXXX\r\n\r\n<\/div>\r\n<h2><span style=\"color: #339966;\"><strong>Lev\u00e9e de fonds<\/strong><\/span><\/h2>\r\n<a href=\"https:\/\/www.cgfmanet.org\/fr\/donations-dons-levee-de-fonds\/\" target=\"_blank\" rel=\"noopener noreferrer\"><img decoding=\"async\" class=\"wp-image-32149 alignleft lazyload\" data-src=\"https:\/\/www.cgfmanet.org\/wp-content\/uploads\/2020\/10\/dona-ora.jpg\" alt=\"\" width=\"294\" height=\"196\" data-srcset=\"https:\/\/www.cgfmanet.org\/wp-content\/uploads\/2020\/10\/dona-ora.jpg 1200w, https:\/\/www.cgfmanet.org\/wp-content\/uploads\/2020\/10\/dona-ora-768x512.jpg 768w, https:\/\/www.cgfmanet.org\/wp-content\/uploads\/2020\/10\/dona-ora-696x464.jpg 696w, https:\/\/www.cgfmanet.org\/wp-content\/uploads\/2020\/10\/dona-ora-630x420.jpg 630w\" data-sizes=\"auto\" src=\"data:image\/svg+xml;base64,PHN2ZyB3aWR0aD0iMSIgaGVpZ2h0PSIxIiB4bWxucz0iaHR0cDovL3d3dy53My5vcmcvMjAwMC9zdmciPjwvc3ZnPg==\" style=\"--smush-placeholder-width: 294px; --smush-placeholder-aspect-ratio: 294\/196;\" data-original-sizes=\"(max-width: 294px) 100vw, 294px\" \/><\/a>\r\n\r\n&nbsp;\r\n\r\n&nbsp;\r\n\r\n&nbsp;\r\n\r\n&nbsp;\r\n\r\n&nbsp;\r\n<h3><span style=\"color: #ff0000;\"><strong><em>Legs \u2013 H\u00e9ritage et Donation en faveur de l\u2019Institut des Filles de Marie Auxiliatrice<\/em><\/strong><\/span><\/h3>\r\nL\u2019Institut International Maria Auxiliatrice des Sal\u00e9siennes de don Bosco peut recevoir des dons, des Legs et des h\u00e9ritages pour les missions et pour toutes les activit\u00e9s qu\u2019il soutient dans le monde.\r\nChaque donation : argent, disponibilit\u00e9 financi\u00e8re et investissement, police d\u2019assurance, \u0153uvres d\u2019art, <strong>se transformera en soutient pr\u00e9cieux<\/strong> pour les missions et en projet de solidarit\u00e9 qui assurera <strong>l\u2019eau, la nourriture, la sant\u00e9, l\u2019\u00e9ducation et l\u2019instruction.<\/strong>\r\n\r\nVous pouvez le laisser par <strong>Testament<\/strong> en indiquant :\r\n\r\nA) S\u2019il s\u2019agit d\u2019un <span style=\"color: #ff0000;\"><strong>Legs<\/strong><\/span>:\r\n<div class=\"td-paragraph-padding-4\">\r\n\r\n<em> De biens mobiliers et immobiliers\r\n<\/em>\u201c\u2026 Je l\u00e8gue \u00e0 l\u2019Institut International Marie Auxiliatrice des Sal\u00e9siennes de don Bosco, ayant son si\u00e8ge \u00e0 Rome, via dell\u2019Ateneo Salesiano n. 81 cap 00139, la somme de \u2026 \u20ac, ou des titres pour \u2026 \u20ac , ou une police d\u2019assurances, etc., pour les objectifs institutionnels de l\u2019Organisme\u201d (ou pour une Mission particuli\u00e8re).\r\n\r\n<\/div>\r\nB) S\u2019il s\u2019agit <span style=\"color: #ff0000;\"><strong>d\u2019H\u00e9ritage<\/strong><\/span>:\r\n<div class=\"td-paragraph-padding-4\">\r\n\r\n\u201c\u2026Je r\u00e9voque et annule toutes dispositions testamentaires pr\u00e9c\u00e9dentes. Avec le pr\u00e9sent testament je nomme mon h\u00e9ritier universel l\u2019INSTITUT INTERNATIONAL MARIA AUXILIATRICE DES SALESIENNES DE DON BOSCO, ayant son si\u00e8ge \u00e0 Rome, via dell\u2019Ateneo Salesiano n. 81 cap 00139, lui laissant tout ce qui m\u2019appartient \u00e0 quelque titre que ce soit, biens meubles et immeubles, pour les objectifs institutionnels de l\u2019Organisme\u201d.\r\n\r\n<\/div>\r\n<strong>N.B.:<\/strong>\r\n&#8211; Le testament doit \u00eatre \u00e9crit enti\u00e8rement de la main propre du donateur et doit \u00eatre sign\u00e9 de sa propre main et contenir la date et le lieu.\r\n\r\n&#8211; Bien pr\u00e9ciser soit pour un don, soit pour un h\u00e9ritage, l\u2019adresse et les donn\u00e9es cadastrales de l\u2019immobilier (ex. localit\u00e9, la rue ou la place, l\u2019\u00e9tage, l\u2019int\u00e9rieur, la page dans le Registre Foncier, la parcelle, le cadastre).\r\n\r\n<strong>N.B.:\r\n<\/strong>&#8211; Pour b\u00e9n\u00e9ficier des r\u00e9ductions d\u2019imp\u00f4ts pr\u00e9vues pour les particuliers et les entreprises ou pour contribuer \u00e0 la mission avec le 5\/1000 cf. Lien : <em><a href=\"http:\/\/www.missionegiovanifma.org\/\" target=\"_blank\" rel=\"noopener noreferrer\"><strong> Missione Giovani FMA \u2013 Onlus<\/strong><\/a><\/em>\r\n<h5 style=\"text-align: center;\"><em><strong>\u00ab\u00a0Dio non si lascia vincere in generosita\u0300\u00a0\u00bb\r\n<\/strong><\/em>Don Bosco &#8211; MB II,254).<\/h5>\r\n\r\n<hr \/>\r\n<p style=\"text-align: center;\"><strong>POUR INFORMATION<\/strong><\/p>\r\n<p style=\"text-align: center;\"><strong>Tel: <span style=\"color: #0000ff;\"><a style=\"color: #0000ff;\" href=\"tel:+3906872741\">+39 06 872741<\/a><\/span><\/strong>\r\n<strong>Fax:<span style=\"color: #0000ff;\"> + 39 06 87132306<\/span><\/strong>\r\n<strong>Email:<\/strong> <a href=\"mailto:amministrazionefma@cgfma.org\"><strong><span style=\"color: #0000ff;\">amministrazionefma@cgfma.org<\/span><\/strong><\/a>\r\n<strong>Sito Web:<\/strong> <a href=\"https:\/\/www.cgfmanet.org\"><strong><span style=\"color: #0000ff;\">www.cgfmanet.org<\/span><\/strong><\/a><\/p>\r\n[\/vc_column_text]<\/div><\/div><\/div><\/div><\/div>","protected":false},"excerpt":{"rendered":"[vc_column_text css=\"\"] L\u2019Institut des Filles de Marie Auxiliatrice compte sur les Donations et les Dons pour soutenir la mission en faveur des populations en situation de pauvret\u00e9. L\u2019Institut des Filles [...]","protected":false},"author":45,"featured_media":0,"parent":0,"menu_order":0,"comment_status":"closed","ping_status":"closed","template":"","meta":{"footnotes":""},"class_list":["post-6088","page","type-page","status-publish"],"yoast_head":"<!-- This site is optimized with the Yoast SEO plugin v27.4 - https:\/\/yoast.com\/product\/yoast-seo-wordpress\/ -->\n<title>Donations - Dons - Lev\u00e9e de Fonds &#8226; Istituto Figlie di Maria Ausiliatrice<\/title>\n<meta name=\"robots\" content=\"index, follow, max-snippet:-1, max-image-preview:large, max-video-preview:-1\" \/>\n<link rel=\"canonical\" href=\"https:\/\/www.cgfmanet.org\/fr\/donations-dons-levee-de-fonds\/\" \/>\n<meta property=\"og:locale\" content=\"fr_FR\" \/>\n<meta property=\"og:type\" content=\"article\" \/>\n<meta property=\"og:title\" content=\"Donations - Dons - Lev\u00e9e de Fonds &#8226; Istituto Figlie di Maria Ausiliatrice\" \/>\n<meta property=\"og:url\" content=\"https:\/\/www.cgfmanet.org\/fr\/donations-dons-levee-de-fonds\/\" \/>\n<meta property=\"og:site_name\" content=\"Istituto Figlie di Maria Ausiliatrice\" \/>\n<meta property=\"article:publisher\" content=\"https:\/\/www.facebook.com\/salesian.sisters.of.don.bosco\/\" \/>\n<meta property=\"article:modified_time\" content=\"2026-04-24T13:48:25+00:00\" \/>\n<meta property=\"og:image\" content=\"https:\/\/www.cgfmanet.org\/wp-content\/uploads\/2020\/10\/informazione_foto_1200x800.jpg\" \/>\n\t<meta property=\"og:image:width\" content=\"1200\" \/>\n\t<meta property=\"og:image:height\" content=\"800\" \/>\n\t<meta property=\"og:image:type\" content=\"image\/jpeg\" \/>\n<meta name=\"twitter:card\" content=\"summary_large_image\" \/>\n<meta name=\"twitter:site\" content=\"@Cgfmanet_Org\" \/>\n<meta name=\"twitter:label1\" content=\"Dur\u00e9e de lecture estim\u00e9e\" \/>\n\t<meta name=\"twitter:data1\" content=\"5 minutes\" \/>\n<script type=\"application\/ld+json\" class=\"yoast-schema-graph\">{\"@context\":\"https:\\\/\\\/schema.org\",\"@graph\":[{\"@type\":\"WebPage\",\"@id\":\"https:\\\/\\\/www.cgfmanet.org\\\/fr\\\/donations-dons-levee-de-fonds\\\/\",\"url\":\"https:\\\/\\\/www.cgfmanet.org\\\/fr\\\/donations-dons-levee-de-fonds\\\/\",\"name\":\"Donations - Dons - Lev\u00e9e de Fonds &#8226; Istituto Figlie di Maria Ausiliatrice\",\"isPartOf\":{\"@id\":\"https:\\\/\\\/www.cgfmanet.org\\\/es\\\/#website\"},\"primaryImageOfPage\":{\"@id\":\"https:\\\/\\\/www.cgfmanet.org\\\/fr\\\/donations-dons-levee-de-fonds\\\/#primaryimage\"},\"image\":{\"@id\":\"https:\\\/\\\/www.cgfmanet.org\\\/fr\\\/donations-dons-levee-de-fonds\\\/#primaryimage\"},\"thumbnailUrl\":\"https:\\\/\\\/www.cgfmanet.org\\\/wp-content\\\/uploads\\\/2020\\\/10\\\/informazione_foto_1200x800.jpg\",\"datePublished\":\"2019-09-12T09:50:40+00:00\",\"dateModified\":\"2026-04-24T13:48:25+00:00\",\"breadcrumb\":{\"@id\":\"https:\\\/\\\/www.cgfmanet.org\\\/fr\\\/donations-dons-levee-de-fonds\\\/#breadcrumb\"},\"inLanguage\":\"fr-FR\",\"potentialAction\":[{\"@type\":\"ReadAction\",\"target\":[\"https:\\\/\\\/www.cgfmanet.org\\\/fr\\\/donations-dons-levee-de-fonds\\\/\"]}]},{\"@type\":\"ImageObject\",\"inLanguage\":\"fr-FR\",\"@id\":\"https:\\\/\\\/www.cgfmanet.org\\\/fr\\\/donations-dons-levee-de-fonds\\\/#primaryimage\",\"url\":\"https:\\\/\\\/www.cgfmanet.org\\\/wp-content\\\/uploads\\\/2020\\\/10\\\/informazione_foto_1200x800.jpg\",\"contentUrl\":\"https:\\\/\\\/www.cgfmanet.org\\\/wp-content\\\/uploads\\\/2020\\\/10\\\/informazione_foto_1200x800.jpg\"},{\"@type\":\"BreadcrumbList\",\"@id\":\"https:\\\/\\\/www.cgfmanet.org\\\/fr\\\/donations-dons-levee-de-fonds\\\/#breadcrumb\",\"itemListElement\":[{\"@type\":\"ListItem\",\"position\":1,\"name\":\"Home\",\"item\":\"https:\\\/\\\/www.cgfmanet.org\\\/fr\\\/\"},{\"@type\":\"ListItem\",\"position\":2,\"name\":\"Donations &#8211; Dons &#8211; Lev\u00e9e de Fonds\"}]},{\"@type\":\"WebSite\",\"@id\":\"https:\\\/\\\/www.cgfmanet.org\\\/es\\\/#website\",\"url\":\"https:\\\/\\\/www.cgfmanet.org\\\/es\\\/\",\"name\":\"Istituto Figlie di Maria Ausiliatrice\",\"description\":\"Salesiane di Don Bosco\",\"publisher\":{\"@id\":\"https:\\\/\\\/www.cgfmanet.org\\\/es\\\/#organization\"},\"potentialAction\":[{\"@type\":\"SearchAction\",\"target\":{\"@type\":\"EntryPoint\",\"urlTemplate\":\"https:\\\/\\\/www.cgfmanet.org\\\/es\\\/?s={search_term_string}\"},\"query-input\":{\"@type\":\"PropertyValueSpecification\",\"valueRequired\":true,\"valueName\":\"search_term_string\"}}],\"inLanguage\":\"fr-FR\"},{\"@type\":\"Organization\",\"@id\":\"https:\\\/\\\/www.cgfmanet.org\\\/es\\\/#organization\",\"name\":\"Istituto Figlie di Maria Ausiliatrice\",\"url\":\"https:\\\/\\\/www.cgfmanet.org\\\/es\\\/\",\"logo\":{\"@type\":\"ImageObject\",\"inLanguage\":\"fr-FR\",\"@id\":\"https:\\\/\\\/www.cgfmanet.org\\\/es\\\/#\\\/schema\\\/logo\\\/image\\\/\",\"url\":\"https:\\\/\\\/www.cgfmanet.org\\\/wp-content\\\/uploads\\\/2018\\\/10\\\/logo-fma.png\",\"contentUrl\":\"https:\\\/\\\/www.cgfmanet.org\\\/wp-content\\\/uploads\\\/2018\\\/10\\\/logo-fma.png\",\"width\":214,\"height\":55,\"caption\":\"Istituto Figlie di Maria Ausiliatrice\"},\"image\":{\"@id\":\"https:\\\/\\\/www.cgfmanet.org\\\/es\\\/#\\\/schema\\\/logo\\\/image\\\/\"},\"sameAs\":[\"https:\\\/\\\/www.facebook.com\\\/salesian.sisters.of.don.bosco\\\/\",\"https:\\\/\\\/x.com\\\/Cgfmanet_Org\",\"https:\\\/\\\/www.youtube.com\\\/channel\\\/UCmcr8yFQBV7JXeXVxyV9y5Q\"]}]}<\/script>\n<!-- \/ Yoast SEO plugin. -->","yoast_head_json":{"title":"Donations - Dons - Lev\u00e9e de Fonds &#8226; Istituto Figlie di Maria Ausiliatrice","robots":{"index":"index","follow":"follow","max-snippet":"max-snippet:-1","max-image-preview":"max-image-preview:large","max-video-preview":"max-video-preview:-1"},"canonical":"https:\/\/www.cgfmanet.org\/fr\/donations-dons-levee-de-fonds\/","og_locale":"fr_FR","og_type":"article","og_title":"Donations - Dons - Lev\u00e9e de Fonds &#8226; Istituto Figlie di Maria Ausiliatrice","og_url":"https:\/\/www.cgfmanet.org\/fr\/donations-dons-levee-de-fonds\/","og_site_name":"Istituto Figlie di Maria Ausiliatrice","article_publisher":"https:\/\/www.facebook.com\/salesian.sisters.of.don.bosco\/","article_modified_time":"2026-04-24T13:48:25+00:00","og_image":[{"width":1200,"height":800,"url":"https:\/\/www.cgfmanet.org\/wp-content\/uploads\/2020\/10\/informazione_foto_1200x800.jpg","type":"image\/jpeg"}],"twitter_card":"summary_large_image","twitter_site":"@Cgfmanet_Org","twitter_misc":{"Dur\u00e9e de lecture estim\u00e9e":"5 minutes"},"schema":{"@context":"https:\/\/schema.org","@graph":[{"@type":"WebPage","@id":"https:\/\/www.cgfmanet.org\/fr\/donations-dons-levee-de-fonds\/","url":"https:\/\/www.cgfmanet.org\/fr\/donations-dons-levee-de-fonds\/","name":"Donations - Dons - Lev\u00e9e de Fonds &#8226; Istituto Figlie di Maria Ausiliatrice","isPartOf":{"@id":"https:\/\/www.cgfmanet.org\/es\/#website"},"primaryImageOfPage":{"@id":"https:\/\/www.cgfmanet.org\/fr\/donations-dons-levee-de-fonds\/#primaryimage"},"image":{"@id":"https:\/\/www.cgfmanet.org\/fr\/donations-dons-levee-de-fonds\/#primaryimage"},"thumbnailUrl":"https:\/\/www.cgfmanet.org\/wp-content\/uploads\/2020\/10\/informazione_foto_1200x800.jpg","datePublished":"2019-09-12T09:50:40+00:00","dateModified":"2026-04-24T13:48:25+00:00","breadcrumb":{"@id":"https:\/\/www.cgfmanet.org\/fr\/donations-dons-levee-de-fonds\/#breadcrumb"},"inLanguage":"fr-FR","potentialAction":[{"@type":"ReadAction","target":["https:\/\/www.cgfmanet.org\/fr\/donations-dons-levee-de-fonds\/"]}]},{"@type":"ImageObject","inLanguage":"fr-FR","@id":"https:\/\/www.cgfmanet.org\/fr\/donations-dons-levee-de-fonds\/#primaryimage","url":"https:\/\/www.cgfmanet.org\/wp-content\/uploads\/2020\/10\/informazione_foto_1200x800.jpg","contentUrl":"https:\/\/www.cgfmanet.org\/wp-content\/uploads\/2020\/10\/informazione_foto_1200x800.jpg"},{"@type":"BreadcrumbList","@id":"https:\/\/www.cgfmanet.org\/fr\/donations-dons-levee-de-fonds\/#breadcrumb","itemListElement":[{"@type":"ListItem","position":1,"name":"Home","item":"https:\/\/www.cgfmanet.org\/fr\/"},{"@type":"ListItem","position":2,"name":"Donations &#8211; Dons &#8211; Lev\u00e9e de Fonds"}]},{"@type":"WebSite","@id":"https:\/\/www.cgfmanet.org\/es\/#website","url":"https:\/\/www.cgfmanet.org\/es\/","name":"Istituto Figlie di Maria Ausiliatrice","description":"Salesiane di Don Bosco","publisher":{"@id":"https:\/\/www.cgfmanet.org\/es\/#organization"},"potentialAction":[{"@type":"SearchAction","target":{"@type":"EntryPoint","urlTemplate":"https:\/\/www.cgfmanet.org\/es\/?s={search_term_string}"},"query-input":{"@type":"PropertyValueSpecification","valueRequired":true,"valueName":"search_term_string"}}],"inLanguage":"fr-FR"},{"@type":"Organization","@id":"https:\/\/www.cgfmanet.org\/es\/#organization","name":"Istituto Figlie di Maria Ausiliatrice","url":"https:\/\/www.cgfmanet.org\/es\/","logo":{"@type":"ImageObject","inLanguage":"fr-FR","@id":"https:\/\/www.cgfmanet.org\/es\/#\/schema\/logo\/image\/","url":"https:\/\/www.cgfmanet.org\/wp-content\/uploads\/2018\/10\/logo-fma.png","contentUrl":"https:\/\/www.cgfmanet.org\/wp-content\/uploads\/2018\/10\/logo-fma.png","width":214,"height":55,"caption":"Istituto Figlie di Maria Ausiliatrice"},"image":{"@id":"https:\/\/www.cgfmanet.org\/es\/#\/schema\/logo\/image\/"},"sameAs":["https:\/\/www.facebook.com\/salesian.sisters.of.don.bosco\/","https:\/\/x.com\/Cgfmanet_Org","https:\/\/www.youtube.com\/channel\/UCmcr8yFQBV7JXeXVxyV9y5Q"]}]}},"_links":{"self":[{"href":"https:\/\/www.cgfmanet.org\/fr\/wp-json\/wp\/v2\/pages\/6088","targetHints":{"allow":["GET"]}}],"collection":[{"href":"https:\/\/www.cgfmanet.org\/fr\/wp-json\/wp\/v2\/pages"}],"about":[{"href":"https:\/\/www.cgfmanet.org\/fr\/wp-json\/wp\/v2\/types\/page"}],"author":[{"embeddable":true,"href":"https:\/\/www.cgfmanet.org\/fr\/wp-json\/wp\/v2\/users\/45"}],"replies":[{"embeddable":true,"href":"https:\/\/www.cgfmanet.org\/fr\/wp-json\/wp\/v2\/comments?post=6088"}],"version-history":[{"count":1,"href":"https:\/\/www.cgfmanet.org\/fr\/wp-json\/wp\/v2\/pages\/6088\/revisions"}],"predecessor-version":[{"id":156333,"href":"https:\/\/www.cgfmanet.org\/fr\/wp-json\/wp\/v2\/pages\/6088\/revisions\/156333"}],"wp:attachment":[{"href":"https:\/\/www.cgfmanet.org\/fr\/wp-json\/wp\/v2\/media?parent=6088"}],"curies":[{"name":"wp","href":"https:\/\/api.w.org\/{rel}","templated":true}]}}