{"id":22816,"date":"2020-04-07T09:54:07","date_gmt":"2020-04-07T07:54:07","guid":{"rendered":"https:\/\/www.cgfmanet.org\/donazioni\/"},"modified":"2022-03-05T18:12:31","modified_gmt":"2022-03-05T17:12:31","slug":"donations-en-ligne","status":"publish","type":"page","link":"https:\/\/www.cgfmanet.org\/fr\/donations-en-ligne\/","title":{"rendered":"Donnez maintenant"},"content":{"rendered":"<p class=\"td-post-sub-title\">L\u2019Institut des Filles de Marie Auxiliatrice compte sur les <a href=\"https:\/\/www.cgfmanet.org\/fr\/donations-dons-levee-de-fonds\/\" target=\"_blank\" rel=\"noopener\"><span style=\"color: #0000ff;\"><strong>Donations et les Dons<\/strong> <\/span><\/a>pour soutenir la mission en faveur des populations en situation de pauvret\u00e9.<\/p>\n<p>L&rsquo;Institut FMA intervient dans des <a href=\"https:\/\/www.cgfmanet.org\/fr\/categorie\/urgences-et-campagnes-humanitaires\/\" target=\"_blank\" rel=\"noopener\"><span style=\"color: #0000ff;\"><strong>contextes d&rsquo;urgence humanitaire<\/strong><\/span><\/a> territoriale o\u00f9 elle op\u00e8re, menant des campagnes de financement cibl\u00e9es afin d&rsquo;offrir une aide efficace et concr\u00e8te.<\/p>\n<p>L\u2019<strong>Institut des Filles de Marie Auxiliatrice <\/strong>\u0153uvre par l\u2019interm\u00e9diaire de <strong>l\u2019Organisme juridique \u00ab Institut International Maria Auxiliatrice des Sal\u00e9siennes de Don Bosco \u00bb <\/strong>ayant son si\u00e8ge \u00e0 Rome (Italie), via dell\u2019Ateneo Salesiano, n. 81 Cap 00139, aux termes de la loi 222\/85.<\/p>\n<h2><span style=\"color: #ff0000;\"><strong>CHOISISSEZ COMMENT FAIRE UN DON<\/strong><\/span><\/h2>\n<h2><strong>Avec un ch\u00e8que<\/strong><\/h2>\n<p><strong>Banca Popolare di Sondrio<\/strong> \u2013 ag.1 Roma \u2013 062<br \/>\n<strong>Numero:<\/strong> 6400X49<br \/>\n<strong>IBAN:<\/strong> IT 20 M 05696 03201 000006400X49<br \/>\n<strong>BIC \/ SWIFT:<\/strong> POSOIT22<\/p>\n<h2><span style=\"color: #000000;\"><strong>Faites un don maintenant<\/strong><\/span><\/h2>\n","protected":false},"excerpt":{"rendered":"<p>L\u2019Institut des Filles de Marie Auxiliatrice compte sur les Donations et les Dons pour soutenir la mission en faveur des populations en situation de pauvret\u00e9. L&rsquo;Institut FMA intervient dans des [&hellip;]<\/p>\n","protected":false},"author":45,"featured_media":0,"parent":0,"menu_order":0,"comment_status":"closed","ping_status":"closed","template":"template-donazione.php","meta":{"footnotes":""},"class_list":["post-22816","page","type-page","status-publish"],"yoast_head":"<!-- This site is optimized with the Yoast SEO plugin v27.4 - https:\/\/yoast.com\/product\/yoast-seo-wordpress\/ -->\n<title>Donnez maintenant &#8226; Istituto Figlie di Maria Ausiliatrice<\/title>\n<meta name=\"robots\" content=\"index, follow, max-snippet:-1, max-image-preview:large, max-video-preview:-1\" \/>\n<link rel=\"canonical\" href=\"https:\/\/www.cgfmanet.org\/fr\/donations-en-ligne\/\" \/>\n<meta property=\"og:locale\" content=\"fr_FR\" \/>\n<meta property=\"og:type\" content=\"article\" \/>\n<meta property=\"og:title\" content=\"Donnez maintenant &#8226; Istituto Figlie di Maria Ausiliatrice\" \/>\n<meta property=\"og:description\" content=\"L\u2019Institut des Filles de Marie Auxiliatrice compte sur les Donations et les Dons pour soutenir la mission en faveur des populations en situation de pauvret\u00e9. L&rsquo;Institut FMA intervient dans des [&hellip;]\" \/>\n<meta property=\"og:url\" content=\"https:\/\/www.cgfmanet.org\/fr\/donations-en-ligne\/\" \/>\n<meta property=\"og:site_name\" content=\"Istituto Figlie di Maria Ausiliatrice\" \/>\n<meta property=\"article:publisher\" content=\"https:\/\/www.facebook.com\/salesian.sisters.of.don.bosco\/\" \/>\n<meta property=\"article:modified_time\" content=\"2022-03-05T17:12:31+00:00\" \/>\n<meta property=\"og:image\" content=\"https:\/\/www.cgfmanet.org\/wp-content\/uploads\/2018\/10\/logo-fma-retina.png\" \/>\n\t<meta property=\"og:image:width\" content=\"425\" \/>\n\t<meta property=\"og:image:height\" content=\"109\" \/>\n\t<meta property=\"og:image:type\" content=\"image\/png\" \/>\n<meta name=\"twitter:card\" content=\"summary_large_image\" \/>\n<meta name=\"twitter:site\" content=\"@Cgfmanet_Org\" \/>\n<meta name=\"twitter:label1\" content=\"Dur\u00e9e de lecture estim\u00e9e\" \/>\n\t<meta name=\"twitter:data1\" content=\"1 minute\" \/>\n<script type=\"application\/ld+json\" class=\"yoast-schema-graph\">{\"@context\":\"https:\\\/\\\/schema.org\",\"@graph\":[{\"@type\":\"WebPage\",\"@id\":\"https:\\\/\\\/www.cgfmanet.org\\\/fr\\\/donations-en-ligne\\\/\",\"url\":\"https:\\\/\\\/www.cgfmanet.org\\\/fr\\\/donations-en-ligne\\\/\",\"name\":\"Donnez maintenant &#8226; Istituto Figlie di Maria Ausiliatrice\",\"isPartOf\":{\"@id\":\"https:\\\/\\\/www.cgfmanet.org\\\/es\\\/#website\"},\"datePublished\":\"2020-04-07T07:54:07+00:00\",\"dateModified\":\"2022-03-05T17:12:31+00:00\",\"breadcrumb\":{\"@id\":\"https:\\\/\\\/www.cgfmanet.org\\\/fr\\\/donations-en-ligne\\\/#breadcrumb\"},\"inLanguage\":\"fr-FR\",\"potentialAction\":[{\"@type\":\"ReadAction\",\"target\":[\"https:\\\/\\\/www.cgfmanet.org\\\/fr\\\/donations-en-ligne\\\/\"]}]},{\"@type\":\"BreadcrumbList\",\"@id\":\"https:\\\/\\\/www.cgfmanet.org\\\/fr\\\/donations-en-ligne\\\/#breadcrumb\",\"itemListElement\":[{\"@type\":\"ListItem\",\"position\":1,\"name\":\"Home\",\"item\":\"https:\\\/\\\/www.cgfmanet.org\\\/fr\\\/\"},{\"@type\":\"ListItem\",\"position\":2,\"name\":\"Donnez maintenant\"}]},{\"@type\":\"WebSite\",\"@id\":\"https:\\\/\\\/www.cgfmanet.org\\\/es\\\/#website\",\"url\":\"https:\\\/\\\/www.cgfmanet.org\\\/es\\\/\",\"name\":\"Istituto Figlie di Maria Ausiliatrice\",\"description\":\"Salesiane di Don Bosco\",\"publisher\":{\"@id\":\"https:\\\/\\\/www.cgfmanet.org\\\/es\\\/#organization\"},\"potentialAction\":[{\"@type\":\"SearchAction\",\"target\":{\"@type\":\"EntryPoint\",\"urlTemplate\":\"https:\\\/\\\/www.cgfmanet.org\\\/es\\\/?s={search_term_string}\"},\"query-input\":{\"@type\":\"PropertyValueSpecification\",\"valueRequired\":true,\"valueName\":\"search_term_string\"}}],\"inLanguage\":\"fr-FR\"},{\"@type\":\"Organization\",\"@id\":\"https:\\\/\\\/www.cgfmanet.org\\\/es\\\/#organization\",\"name\":\"Istituto Figlie di Maria Ausiliatrice\",\"url\":\"https:\\\/\\\/www.cgfmanet.org\\\/es\\\/\",\"logo\":{\"@type\":\"ImageObject\",\"inLanguage\":\"fr-FR\",\"@id\":\"https:\\\/\\\/www.cgfmanet.org\\\/es\\\/#\\\/schema\\\/logo\\\/image\\\/\",\"url\":\"https:\\\/\\\/www.cgfmanet.org\\\/wp-content\\\/uploads\\\/2018\\\/10\\\/logo-fma.png\",\"contentUrl\":\"https:\\\/\\\/www.cgfmanet.org\\\/wp-content\\\/uploads\\\/2018\\\/10\\\/logo-fma.png\",\"width\":214,\"height\":55,\"caption\":\"Istituto Figlie di Maria Ausiliatrice\"},\"image\":{\"@id\":\"https:\\\/\\\/www.cgfmanet.org\\\/es\\\/#\\\/schema\\\/logo\\\/image\\\/\"},\"sameAs\":[\"https:\\\/\\\/www.facebook.com\\\/salesian.sisters.of.don.bosco\\\/\",\"https:\\\/\\\/x.com\\\/Cgfmanet_Org\",\"https:\\\/\\\/www.youtube.com\\\/channel\\\/UCmcr8yFQBV7JXeXVxyV9y5Q\"]}]}<\/script>\n<!-- \/ Yoast SEO plugin. -->","yoast_head_json":{"title":"Donnez maintenant &#8226; Istituto Figlie di Maria Ausiliatrice","robots":{"index":"index","follow":"follow","max-snippet":"max-snippet:-1","max-image-preview":"max-image-preview:large","max-video-preview":"max-video-preview:-1"},"canonical":"https:\/\/www.cgfmanet.org\/fr\/donations-en-ligne\/","og_locale":"fr_FR","og_type":"article","og_title":"Donnez maintenant &#8226; Istituto Figlie di Maria Ausiliatrice","og_description":"L\u2019Institut des Filles de Marie Auxiliatrice compte sur les Donations et les Dons pour soutenir la mission en faveur des populations en situation de pauvret\u00e9. L&rsquo;Institut FMA intervient dans des [&hellip;]","og_url":"https:\/\/www.cgfmanet.org\/fr\/donations-en-ligne\/","og_site_name":"Istituto Figlie di Maria Ausiliatrice","article_publisher":"https:\/\/www.facebook.com\/salesian.sisters.of.don.bosco\/","article_modified_time":"2022-03-05T17:12:31+00:00","og_image":[{"width":425,"height":109,"url":"https:\/\/www.cgfmanet.org\/wp-content\/uploads\/2018\/10\/logo-fma-retina.png","type":"image\/png"}],"twitter_card":"summary_large_image","twitter_site":"@Cgfmanet_Org","twitter_misc":{"Dur\u00e9e de lecture estim\u00e9e":"1 minute"},"schema":{"@context":"https:\/\/schema.org","@graph":[{"@type":"WebPage","@id":"https:\/\/www.cgfmanet.org\/fr\/donations-en-ligne\/","url":"https:\/\/www.cgfmanet.org\/fr\/donations-en-ligne\/","name":"Donnez maintenant &#8226; Istituto Figlie di Maria Ausiliatrice","isPartOf":{"@id":"https:\/\/www.cgfmanet.org\/es\/#website"},"datePublished":"2020-04-07T07:54:07+00:00","dateModified":"2022-03-05T17:12:31+00:00","breadcrumb":{"@id":"https:\/\/www.cgfmanet.org\/fr\/donations-en-ligne\/#breadcrumb"},"inLanguage":"fr-FR","potentialAction":[{"@type":"ReadAction","target":["https:\/\/www.cgfmanet.org\/fr\/donations-en-ligne\/"]}]},{"@type":"BreadcrumbList","@id":"https:\/\/www.cgfmanet.org\/fr\/donations-en-ligne\/#breadcrumb","itemListElement":[{"@type":"ListItem","position":1,"name":"Home","item":"https:\/\/www.cgfmanet.org\/fr\/"},{"@type":"ListItem","position":2,"name":"Donnez maintenant"}]},{"@type":"WebSite","@id":"https:\/\/www.cgfmanet.org\/es\/#website","url":"https:\/\/www.cgfmanet.org\/es\/","name":"Istituto Figlie di Maria Ausiliatrice","description":"Salesiane di Don Bosco","publisher":{"@id":"https:\/\/www.cgfmanet.org\/es\/#organization"},"potentialAction":[{"@type":"SearchAction","target":{"@type":"EntryPoint","urlTemplate":"https:\/\/www.cgfmanet.org\/es\/?s={search_term_string}"},"query-input":{"@type":"PropertyValueSpecification","valueRequired":true,"valueName":"search_term_string"}}],"inLanguage":"fr-FR"},{"@type":"Organization","@id":"https:\/\/www.cgfmanet.org\/es\/#organization","name":"Istituto Figlie di Maria Ausiliatrice","url":"https:\/\/www.cgfmanet.org\/es\/","logo":{"@type":"ImageObject","inLanguage":"fr-FR","@id":"https:\/\/www.cgfmanet.org\/es\/#\/schema\/logo\/image\/","url":"https:\/\/www.cgfmanet.org\/wp-content\/uploads\/2018\/10\/logo-fma.png","contentUrl":"https:\/\/www.cgfmanet.org\/wp-content\/uploads\/2018\/10\/logo-fma.png","width":214,"height":55,"caption":"Istituto Figlie di Maria Ausiliatrice"},"image":{"@id":"https:\/\/www.cgfmanet.org\/es\/#\/schema\/logo\/image\/"},"sameAs":["https:\/\/www.facebook.com\/salesian.sisters.of.don.bosco\/","https:\/\/x.com\/Cgfmanet_Org","https:\/\/www.youtube.com\/channel\/UCmcr8yFQBV7JXeXVxyV9y5Q"]}]}},"_links":{"self":[{"href":"https:\/\/www.cgfmanet.org\/fr\/wp-json\/wp\/v2\/pages\/22816","targetHints":{"allow":["GET"]}}],"collection":[{"href":"https:\/\/www.cgfmanet.org\/fr\/wp-json\/wp\/v2\/pages"}],"about":[{"href":"https:\/\/www.cgfmanet.org\/fr\/wp-json\/wp\/v2\/types\/page"}],"author":[{"embeddable":true,"href":"https:\/\/www.cgfmanet.org\/fr\/wp-json\/wp\/v2\/users\/45"}],"replies":[{"embeddable":true,"href":"https:\/\/www.cgfmanet.org\/fr\/wp-json\/wp\/v2\/comments?post=22816"}],"version-history":[{"count":0,"href":"https:\/\/www.cgfmanet.org\/fr\/wp-json\/wp\/v2\/pages\/22816\/revisions"}],"wp:attachment":[{"href":"https:\/\/www.cgfmanet.org\/fr\/wp-json\/wp\/v2\/media?parent=22816"}],"curies":[{"name":"wp","href":"https:\/\/api.w.org\/{rel}","templated":true}]}}