{"id":15003,"date":"2018-10-29T10:40:18","date_gmt":"2018-10-29T09:40:18","guid":{"rendered":"https:\/\/www.cgfmanet.org\/visione-missione-carismatica\/"},"modified":"2019-12-16T11:40:23","modified_gmt":"2019-12-16T10:40:23","slug":"vision-mission-charismatique","status":"publish","type":"page","link":"https:\/\/www.cgfmanet.org\/fr\/vision-mission-charismatique\/","title":{"rendered":"Vision et Mission Charismatique"},"content":{"rendered":"<h2 style=\"margin-top: 40px;\"><strong>Vision Charismatique<\/strong><\/h2>\n<p>Nous sommes une Famille Religieuse n\u00e9e du c\u0153ur de<strong> Saint Jean Bosco<\/strong> et de la fid\u00e9lit\u00e9 cr\u00e9ative de <strong><a href=\"https:\/\/www.cgfmanet.org\/en\/mary-domenica-mazzarello\/\">Sainte Marie Dominique Mazzarello<\/a>.<br \/>\n<\/strong>Les<strong> Filles de Marie Auxiliatrice,<\/strong> consacr\u00e9es \u00e0 Dieu pour servir J\u00e9sus Christ, vivent en communaut\u00e9\u00a0; elles consacrent leur vie \u00e0 l\u2019\u00c9ducation humaine, chr\u00e9tienne et sal\u00e9sienne de la jeunesse (filles et gar\u00e7ons). Don Bosco leur a donn\u00e9 comme mod\u00e8le, <strong>Marie, l\u2019Auxiliatrice, <\/strong>qui a su incarner et vivre la p\u00e9dagogie du <em>prendre soin<\/em>. A son exemple les Filles de Marie Auxiliatrice vivront concr\u00e8tement leur passion \u00e9ducative au milieu des jeunes, devenant <strong>g\u00e9n\u00e9ratrices de vie<\/strong> pour eux en particulier, <strong>\u00a0au c\u0153ur du monde contemporain.<br \/>\n<\/strong>Dans le monde nous sommes connues aussi sous le nom de <strong>S\u0153urs Sal\u00e9siennes ou Sal\u00e9siennes de Don Bosco. <\/strong><strong>\u00a0<\/strong><\/p>\n<p>Le <strong>5 ao\u00fbt 1872<\/strong>, Marie-Dominique Mazzarello, et 10 jeunes femmes prononcent leur \u00ab\u00a0Oui\u00a0\u00bb comme Marie, pour \u00eatre auxiliatrices avec et au milieu des jeunes.<\/p>\n<p style=\"text-align: center;\"><span style=\"color: #5994a6;\"><em>\u00a0\u00bb Par un don de l&rsquo;Esprit Saint et gr\u00e2ce \u00e0 l&rsquo;intervention directe de Marie,<br \/>\nSaint Jean Bosco a fond\u00e9 notre Institut en r\u00e9ponse aux attentes profondes des jeunes.<br \/>\nIl lui a transmis un patrimoine spirituel inspir\u00e9 de l&rsquo;amour du Christ Bon Pasteur,<br \/>\net l&rsquo;a marqu\u00e9 d&rsquo;un puissant \u00e9lan missionnaire. \u00a0\u00bb (Const. FMA art.1)<br \/>\n<\/em><\/span><\/p>\n<figure id=\"attachment_13667\" aria-describedby=\"caption-attachment-13667\" style=\"width: 1500px\" class=\"wp-caption alignnone\"><img decoding=\"async\" class=\"wp-image-13667 size-full lazyload\" data-src=\"https:\/\/www.cgfmanet.org\/wp-content\/uploads\/2019\/12\/Consacrazione-076.jpg\" alt=\"\" width=\"1500\" height=\"844\" data-srcset=\"https:\/\/www.cgfmanet.org\/wp-content\/uploads\/2019\/12\/Consacrazione-076.jpg 1500w, https:\/\/www.cgfmanet.org\/wp-content\/uploads\/2019\/12\/Consacrazione-076-768x432.jpg 768w, https:\/\/www.cgfmanet.org\/wp-content\/uploads\/2019\/12\/Consacrazione-076-696x392.jpg 696w, https:\/\/www.cgfmanet.org\/wp-content\/uploads\/2019\/12\/Consacrazione-076-746x420.jpg 746w, https:\/\/www.cgfmanet.org\/wp-content\/uploads\/2019\/12\/Consacrazione-076-1320x743.jpg 1320w\" data-sizes=\"auto\" src=\"data:image\/svg+xml;base64,PHN2ZyB3aWR0aD0iMSIgaGVpZ2h0PSIxIiB4bWxucz0iaHR0cDovL3d3dy53My5vcmcvMjAwMC9zdmciPjwvc3ZnPg==\" style=\"--smush-placeholder-width: 1500px; --smush-placeholder-aspect-ratio: 1500\/844;\" data-original-sizes=\"(max-width: 1500px) 100vw, 1500px\" \/><figcaption id=\"caption-attachment-13667\" class=\"wp-caption-text\">Film: Ma\u00ecn, la casa della felicit\u00e0 &#8211; Mornese, 5 agosto 1872<\/figcaption><\/figure>\n<h2><strong>Mission Charismatique<\/strong><\/h2>\n<p>La dimension missionnaire est un \u00e9l\u00e9ment essentiel de l\u2019Identit\u00e9 des Filles de Marie Auxiliatrice (Const. FMA art.75) et elle s\u2019exprime, aujourd\u2019hui dans le choix de l\u2019\u00c9ducommunication pour vivre le Syst\u00e8me Pr\u00e9ventif, \u00e0 la lumi\u00e8re de la vision anthropologique chr\u00e9tienne, comme appel de Dieu et fid\u00e9lit\u00e9 au charisme sal\u00e9sien, dans le style du <strong>Da mihi animas cetera tolle <\/strong>et du <strong>\u00c0 toi je les confie\u00a0\u00bb. <\/strong>(cf. Actes CG XXIII, n\u00b0 66, 4).<\/p>\n<p>Anim\u00e9es par le charisme sal\u00e9sien avec les traits sp\u00e9cifiques de \u00ab\u00a0l\u2019esprit de Morn\u00e8se\u00a0\u00bb, les FMA ont comme finalit\u00e9 de leur \u0153uvre, la croissance int\u00e9grale des personnes, l\u2019accompagnement des jeunes sur leur chemin de maturation d\u2019un projet de vie, la formation chr\u00e9tienne et l\u2019\u00e9ducation pour une citoyennet\u00e9 active et solidaire, dans le style du Syst\u00e8me Pr\u00e9ventif de Don Bosco.<br \/>\n<em>L\u2019\u00e9ducation des filles et jeunes femmes <\/em>est un choix prioritaire des FMA pr\u00e9sentes dans de nombreux Pays. Leurs activit\u00e9s sont vari\u00e9es\u00a0: formation culturelle et \u00e9vang\u00e9lisation, insertion dans le monde du travail, promotion de coop\u00e9ratives f\u00e9minines dans les missions, r\u00e9habilitation des jeunes victimes de la prostitution et de la traite des personnes, les orientant \u00e0 lutter pour leur dignit\u00e9 et pour l\u2019\u00e9laboration d\u2019une culture inspir\u00e9e d\u2019un humanisme chr\u00e9tien.<\/p>\n<p>Voici quelques \u0153uvres des FMA\u00a0: L\u2019Oratoire-Centre de jeunes, les \u00c9coles et Centres de formation professionnelle, les Institutions d\u2019\u00c9tudes Sup\u00e9rieures, les \u0153uvres pour les enfants,\u00a0 les adolescents, les jeunes en situation de danger, les Centres de Spiritualit\u00e9, les Centres de Promotion de la Femme, l\u2019Association de <em>Volontariat International Femme, Education, D\u00e9veloppement<\/em> \u00a0(VIDES), l\u2019Office des Droits Humains (en Suisse).<\/p>\n<p>Ces \u0153uvres sont anim\u00e9es par des Communaut\u00e9s \u00c9ducatives FMA port\u00e9es par l\u2019ardeur du <em>da mihi animas cetera tolle <\/em>avec la sensibilit\u00e9 f\u00e9minine, inspir\u00e9e du charisme de l\u2019Institut, ouvert \u00e0 la collaboration avec les familles, avec les Institutions, avec les la\u00efcs, et la\u00efques qui avec elles partagent la m\u00eame mission. En syntonie avec le c\u0153ur des jeunes, elles se mettent \u00e0 l\u2019\u00e9coute pour discerner \u00ab\u00a0d\u2019autres lieux\u00a0\u00bb o\u00f9\u00a0 vivre la logique \u00e9vang\u00e9lique du don et de la fraternit\u00e9\u00a0; elles se laissent interpeller par toutes les p\u00e9riph\u00e9ries humaines, avec une particuli\u00e8re attention aux situations des jeunes, \u00e0 la mobilit\u00e9 humaine, au soin de la maison commune, aux\u00a0milieux num\u00e9riques, tout ceci pour favoriser la recherche d\u2019une paix juste et s\u00fbre.<\/p>\n<p>Les Communaut\u00e9s \u00c9ducatives, aux multiples visages, \u00ab fond\u00e9es sur la pr\u00e9sence du Christ Ressuscit\u00e9 et nourries de Lui, Parole et Pain \u00bb (Const. FMA, n\u00b0 49) vivent la mission qui est participation au m\u00eame charisme comme don de l\u2019Esprit Saint pour le pr\u00e9sent et pour le futur dans lequel les la\u00efcs sont partie active, conscientes et responsables de la mission de l\u2019\u00c9glise \u00bb (Exhortation Apostolique post-synodale Christifideles Laici, 1988, n\u00b0 3).<br \/>\nDans l\u2019actuel contexte mondial elles sentent tr\u00e8s fort l\u2019appel \u00e0 \u00eatre une pr\u00e9sence proph\u00e9tique, signe d\u2019unit\u00e9 et d\u2019inclusion, dans l\u2019engagement \u00e9vang\u00e9lique de transformation sociale et culturelle, pour promouvoir la vie et construire un monde plus humain et ouvert \u00e0 l\u2019\u00c9vangile.<\/p>\n<figure id=\"attachment_13672\" aria-describedby=\"caption-attachment-13672\" style=\"width: 1500px\" class=\"wp-caption alignnone\"><img decoding=\"async\" class=\"wp-image-13672 size-full lazyload\" data-src=\"https:\/\/www.cgfmanet.org\/wp-content\/uploads\/2019\/12\/M.Mazzarello-accoglienza-121.jpg\" alt=\"\" width=\"1500\" height=\"1046\" data-srcset=\"https:\/\/www.cgfmanet.org\/wp-content\/uploads\/2019\/12\/M.Mazzarello-accoglienza-121.jpg 1500w, https:\/\/www.cgfmanet.org\/wp-content\/uploads\/2019\/12\/M.Mazzarello-accoglienza-121-768x536.jpg 768w, https:\/\/www.cgfmanet.org\/wp-content\/uploads\/2019\/12\/M.Mazzarello-accoglienza-121-100x70.jpg 100w, https:\/\/www.cgfmanet.org\/wp-content\/uploads\/2019\/12\/M.Mazzarello-accoglienza-121-696x485.jpg 696w, https:\/\/www.cgfmanet.org\/wp-content\/uploads\/2019\/12\/M.Mazzarello-accoglienza-121-602x420.jpg 602w, https:\/\/www.cgfmanet.org\/wp-content\/uploads\/2019\/12\/M.Mazzarello-accoglienza-121-1320x920.jpg 1320w\" data-sizes=\"auto\" src=\"data:image\/svg+xml;base64,PHN2ZyB3aWR0aD0iMSIgaGVpZ2h0PSIxIiB4bWxucz0iaHR0cDovL3d3dy53My5vcmcvMjAwMC9zdmciPjwvc3ZnPg==\" style=\"--smush-placeholder-width: 1500px; --smush-placeholder-aspect-ratio: 1500\/1046;\" data-original-sizes=\"(max-width: 1500px) 100vw, 1500px\" \/><figcaption id=\"caption-attachment-13672\" class=\"wp-caption-text\">Film: Ma\u00ecn, la casa della felicit\u00e0 &#8211; Mornese, accoglienza delle giovani.<\/figcaption><\/figure>\n","protected":false},"excerpt":{"rendered":"<p>Vision Charismatique Nous sommes une Famille Religieuse n\u00e9e du c\u0153ur de Saint Jean Bosco et de la fid\u00e9lit\u00e9 cr\u00e9ative de Sainte Marie Dominique Mazzarello. Les Filles de Marie Auxiliatrice, consacr\u00e9es [&hellip;]<\/p>\n","protected":false},"author":45,"featured_media":0,"parent":0,"menu_order":0,"comment_status":"closed","ping_status":"closed","template":"","meta":{"footnotes":""},"class_list":["post-15003","page","type-page","status-publish"],"yoast_head":"<!-- This site is optimized with the Yoast SEO plugin v27.4 - https:\/\/yoast.com\/product\/yoast-seo-wordpress\/ -->\n<title>Vision et Mission Charismatique &#8226; Istituto Figlie di Maria Ausiliatrice<\/title>\n<meta name=\"robots\" content=\"index, follow, max-snippet:-1, max-image-preview:large, max-video-preview:-1\" \/>\n<link rel=\"canonical\" href=\"https:\/\/www.cgfmanet.org\/fr\/vision-mission-charismatique\/\" \/>\n<meta property=\"og:locale\" content=\"fr_FR\" \/>\n<meta property=\"og:type\" content=\"article\" \/>\n<meta property=\"og:title\" content=\"Vision et Mission Charismatique &#8226; Istituto Figlie di Maria Ausiliatrice\" \/>\n<meta property=\"og:description\" content=\"Vision Charismatique Nous sommes une Famille Religieuse n\u00e9e du c\u0153ur de Saint Jean Bosco et de la fid\u00e9lit\u00e9 cr\u00e9ative de Sainte Marie Dominique Mazzarello. Les Filles de Marie Auxiliatrice, consacr\u00e9es [&hellip;]\" \/>\n<meta property=\"og:url\" content=\"https:\/\/www.cgfmanet.org\/fr\/vision-mission-charismatique\/\" \/>\n<meta property=\"og:site_name\" content=\"Istituto Figlie di Maria Ausiliatrice\" \/>\n<meta property=\"article:publisher\" content=\"https:\/\/www.facebook.com\/salesian.sisters.of.don.bosco\/\" \/>\n<meta property=\"article:modified_time\" content=\"2019-12-16T10:40:23+00:00\" \/>\n<meta property=\"og:image\" content=\"https:\/\/www.cgfmanet.org\/wp-content\/uploads\/2019\/12\/Consacrazione-076.jpg\" \/>\n<meta name=\"twitter:card\" content=\"summary_large_image\" \/>\n<meta name=\"twitter:site\" content=\"@Cgfmanet_Org\" \/>\n<meta name=\"twitter:label1\" content=\"Dur\u00e9e de lecture estim\u00e9e\" \/>\n\t<meta name=\"twitter:data1\" content=\"4 minutes\" \/>\n<script type=\"application\/ld+json\" class=\"yoast-schema-graph\">{\"@context\":\"https:\\\/\\\/schema.org\",\"@graph\":[{\"@type\":\"WebPage\",\"@id\":\"https:\\\/\\\/www.cgfmanet.org\\\/fr\\\/vision-mission-charismatique\\\/\",\"url\":\"https:\\\/\\\/www.cgfmanet.org\\\/fr\\\/vision-mission-charismatique\\\/\",\"name\":\"Vision et Mission Charismatique &#8226; Istituto Figlie di Maria Ausiliatrice\",\"isPartOf\":{\"@id\":\"https:\\\/\\\/www.cgfmanet.org\\\/es\\\/#website\"},\"primaryImageOfPage\":{\"@id\":\"https:\\\/\\\/www.cgfmanet.org\\\/fr\\\/vision-mission-charismatique\\\/#primaryimage\"},\"image\":{\"@id\":\"https:\\\/\\\/www.cgfmanet.org\\\/fr\\\/vision-mission-charismatique\\\/#primaryimage\"},\"thumbnailUrl\":\"https:\\\/\\\/www.cgfmanet.org\\\/wp-content\\\/uploads\\\/2019\\\/12\\\/Consacrazione-076.jpg\",\"datePublished\":\"2018-10-29T09:40:18+00:00\",\"dateModified\":\"2019-12-16T10:40:23+00:00\",\"breadcrumb\":{\"@id\":\"https:\\\/\\\/www.cgfmanet.org\\\/fr\\\/vision-mission-charismatique\\\/#breadcrumb\"},\"inLanguage\":\"fr-FR\",\"potentialAction\":[{\"@type\":\"ReadAction\",\"target\":[\"https:\\\/\\\/www.cgfmanet.org\\\/fr\\\/vision-mission-charismatique\\\/\"]}]},{\"@type\":\"ImageObject\",\"inLanguage\":\"fr-FR\",\"@id\":\"https:\\\/\\\/www.cgfmanet.org\\\/fr\\\/vision-mission-charismatique\\\/#primaryimage\",\"url\":\"https:\\\/\\\/www.cgfmanet.org\\\/wp-content\\\/uploads\\\/2019\\\/12\\\/Consacrazione-076.jpg\",\"contentUrl\":\"https:\\\/\\\/www.cgfmanet.org\\\/wp-content\\\/uploads\\\/2019\\\/12\\\/Consacrazione-076.jpg\"},{\"@type\":\"BreadcrumbList\",\"@id\":\"https:\\\/\\\/www.cgfmanet.org\\\/fr\\\/vision-mission-charismatique\\\/#breadcrumb\",\"itemListElement\":[{\"@type\":\"ListItem\",\"position\":1,\"name\":\"Home\",\"item\":\"https:\\\/\\\/www.cgfmanet.org\\\/fr\\\/\"},{\"@type\":\"ListItem\",\"position\":2,\"name\":\"Vision et Mission Charismatique\"}]},{\"@type\":\"WebSite\",\"@id\":\"https:\\\/\\\/www.cgfmanet.org\\\/es\\\/#website\",\"url\":\"https:\\\/\\\/www.cgfmanet.org\\\/es\\\/\",\"name\":\"Istituto Figlie di Maria Ausiliatrice\",\"description\":\"Salesiane di Don Bosco\",\"publisher\":{\"@id\":\"https:\\\/\\\/www.cgfmanet.org\\\/es\\\/#organization\"},\"potentialAction\":[{\"@type\":\"SearchAction\",\"target\":{\"@type\":\"EntryPoint\",\"urlTemplate\":\"https:\\\/\\\/www.cgfmanet.org\\\/es\\\/?s={search_term_string}\"},\"query-input\":{\"@type\":\"PropertyValueSpecification\",\"valueRequired\":true,\"valueName\":\"search_term_string\"}}],\"inLanguage\":\"fr-FR\"},{\"@type\":\"Organization\",\"@id\":\"https:\\\/\\\/www.cgfmanet.org\\\/es\\\/#organization\",\"name\":\"Istituto Figlie di Maria Ausiliatrice\",\"url\":\"https:\\\/\\\/www.cgfmanet.org\\\/es\\\/\",\"logo\":{\"@type\":\"ImageObject\",\"inLanguage\":\"fr-FR\",\"@id\":\"https:\\\/\\\/www.cgfmanet.org\\\/es\\\/#\\\/schema\\\/logo\\\/image\\\/\",\"url\":\"https:\\\/\\\/www.cgfmanet.org\\\/wp-content\\\/uploads\\\/2018\\\/10\\\/logo-fma.png\",\"contentUrl\":\"https:\\\/\\\/www.cgfmanet.org\\\/wp-content\\\/uploads\\\/2018\\\/10\\\/logo-fma.png\",\"width\":214,\"height\":55,\"caption\":\"Istituto Figlie di Maria Ausiliatrice\"},\"image\":{\"@id\":\"https:\\\/\\\/www.cgfmanet.org\\\/es\\\/#\\\/schema\\\/logo\\\/image\\\/\"},\"sameAs\":[\"https:\\\/\\\/www.facebook.com\\\/salesian.sisters.of.don.bosco\\\/\",\"https:\\\/\\\/x.com\\\/Cgfmanet_Org\",\"https:\\\/\\\/www.youtube.com\\\/channel\\\/UCmcr8yFQBV7JXeXVxyV9y5Q\"]}]}<\/script>\n<!-- \/ Yoast SEO plugin. -->","yoast_head_json":{"title":"Vision et Mission Charismatique &#8226; Istituto Figlie di Maria Ausiliatrice","robots":{"index":"index","follow":"follow","max-snippet":"max-snippet:-1","max-image-preview":"max-image-preview:large","max-video-preview":"max-video-preview:-1"},"canonical":"https:\/\/www.cgfmanet.org\/fr\/vision-mission-charismatique\/","og_locale":"fr_FR","og_type":"article","og_title":"Vision et Mission Charismatique &#8226; Istituto Figlie di Maria Ausiliatrice","og_description":"Vision Charismatique Nous sommes une Famille Religieuse n\u00e9e du c\u0153ur de Saint Jean Bosco et de la fid\u00e9lit\u00e9 cr\u00e9ative de Sainte Marie Dominique Mazzarello. Les Filles de Marie Auxiliatrice, consacr\u00e9es [&hellip;]","og_url":"https:\/\/www.cgfmanet.org\/fr\/vision-mission-charismatique\/","og_site_name":"Istituto Figlie di Maria Ausiliatrice","article_publisher":"https:\/\/www.facebook.com\/salesian.sisters.of.don.bosco\/","article_modified_time":"2019-12-16T10:40:23+00:00","og_image":[{"url":"https:\/\/www.cgfmanet.org\/wp-content\/uploads\/2019\/12\/Consacrazione-076.jpg","type":"","width":"","height":""}],"twitter_card":"summary_large_image","twitter_site":"@Cgfmanet_Org","twitter_misc":{"Dur\u00e9e de lecture estim\u00e9e":"4 minutes"},"schema":{"@context":"https:\/\/schema.org","@graph":[{"@type":"WebPage","@id":"https:\/\/www.cgfmanet.org\/fr\/vision-mission-charismatique\/","url":"https:\/\/www.cgfmanet.org\/fr\/vision-mission-charismatique\/","name":"Vision et Mission Charismatique &#8226; Istituto Figlie di Maria Ausiliatrice","isPartOf":{"@id":"https:\/\/www.cgfmanet.org\/es\/#website"},"primaryImageOfPage":{"@id":"https:\/\/www.cgfmanet.org\/fr\/vision-mission-charismatique\/#primaryimage"},"image":{"@id":"https:\/\/www.cgfmanet.org\/fr\/vision-mission-charismatique\/#primaryimage"},"thumbnailUrl":"https:\/\/www.cgfmanet.org\/wp-content\/uploads\/2019\/12\/Consacrazione-076.jpg","datePublished":"2018-10-29T09:40:18+00:00","dateModified":"2019-12-16T10:40:23+00:00","breadcrumb":{"@id":"https:\/\/www.cgfmanet.org\/fr\/vision-mission-charismatique\/#breadcrumb"},"inLanguage":"fr-FR","potentialAction":[{"@type":"ReadAction","target":["https:\/\/www.cgfmanet.org\/fr\/vision-mission-charismatique\/"]}]},{"@type":"ImageObject","inLanguage":"fr-FR","@id":"https:\/\/www.cgfmanet.org\/fr\/vision-mission-charismatique\/#primaryimage","url":"https:\/\/www.cgfmanet.org\/wp-content\/uploads\/2019\/12\/Consacrazione-076.jpg","contentUrl":"https:\/\/www.cgfmanet.org\/wp-content\/uploads\/2019\/12\/Consacrazione-076.jpg"},{"@type":"BreadcrumbList","@id":"https:\/\/www.cgfmanet.org\/fr\/vision-mission-charismatique\/#breadcrumb","itemListElement":[{"@type":"ListItem","position":1,"name":"Home","item":"https:\/\/www.cgfmanet.org\/fr\/"},{"@type":"ListItem","position":2,"name":"Vision et Mission Charismatique"}]},{"@type":"WebSite","@id":"https:\/\/www.cgfmanet.org\/es\/#website","url":"https:\/\/www.cgfmanet.org\/es\/","name":"Istituto Figlie di Maria Ausiliatrice","description":"Salesiane di Don Bosco","publisher":{"@id":"https:\/\/www.cgfmanet.org\/es\/#organization"},"potentialAction":[{"@type":"SearchAction","target":{"@type":"EntryPoint","urlTemplate":"https:\/\/www.cgfmanet.org\/es\/?s={search_term_string}"},"query-input":{"@type":"PropertyValueSpecification","valueRequired":true,"valueName":"search_term_string"}}],"inLanguage":"fr-FR"},{"@type":"Organization","@id":"https:\/\/www.cgfmanet.org\/es\/#organization","name":"Istituto Figlie di Maria Ausiliatrice","url":"https:\/\/www.cgfmanet.org\/es\/","logo":{"@type":"ImageObject","inLanguage":"fr-FR","@id":"https:\/\/www.cgfmanet.org\/es\/#\/schema\/logo\/image\/","url":"https:\/\/www.cgfmanet.org\/wp-content\/uploads\/2018\/10\/logo-fma.png","contentUrl":"https:\/\/www.cgfmanet.org\/wp-content\/uploads\/2018\/10\/logo-fma.png","width":214,"height":55,"caption":"Istituto Figlie di Maria Ausiliatrice"},"image":{"@id":"https:\/\/www.cgfmanet.org\/es\/#\/schema\/logo\/image\/"},"sameAs":["https:\/\/www.facebook.com\/salesian.sisters.of.don.bosco\/","https:\/\/x.com\/Cgfmanet_Org","https:\/\/www.youtube.com\/channel\/UCmcr8yFQBV7JXeXVxyV9y5Q"]}]}},"_links":{"self":[{"href":"https:\/\/www.cgfmanet.org\/fr\/wp-json\/wp\/v2\/pages\/15003","targetHints":{"allow":["GET"]}}],"collection":[{"href":"https:\/\/www.cgfmanet.org\/fr\/wp-json\/wp\/v2\/pages"}],"about":[{"href":"https:\/\/www.cgfmanet.org\/fr\/wp-json\/wp\/v2\/types\/page"}],"author":[{"embeddable":true,"href":"https:\/\/www.cgfmanet.org\/fr\/wp-json\/wp\/v2\/users\/45"}],"replies":[{"embeddable":true,"href":"https:\/\/www.cgfmanet.org\/fr\/wp-json\/wp\/v2\/comments?post=15003"}],"version-history":[{"count":0,"href":"https:\/\/www.cgfmanet.org\/fr\/wp-json\/wp\/v2\/pages\/15003\/revisions"}],"wp:attachment":[{"href":"https:\/\/www.cgfmanet.org\/fr\/wp-json\/wp\/v2\/media?parent=15003"}],"curies":[{"name":"wp","href":"https:\/\/api.w.org\/{rel}","templated":true}]}}