{"id":109509,"date":"2024-04-19T09:31:44","date_gmt":"2024-04-19T07:31:44","guid":{"rendered":"https:\/\/www.cgfmanet.org\/?page_id=109509"},"modified":"2024-04-19T10:30:36","modified_gmt":"2024-04-19T08:30:36","slug":"privacy-newsletter","status":"publish","type":"page","link":"https:\/\/www.cgfmanet.org\/fr\/privacy-newsletter\/","title":{"rendered":"Politique de confidentialit\u00e9"},"content":{"rendered":"<p>Conform\u00e9ment \u00e0 l&rsquo;article 13 du r\u00e8glement (UE) 2016\/679 (RGPD), l&rsquo;Institut Figlie di Maria Ausiliatrice agit en tant que responsable du traitement.<\/p>\n<h4><strong>Responsable du traitement des donn\u00e9es:<\/strong><\/h4>\n<p>Istituto Figlie di Maria Ausiliatrice<br \/>\nVia dell\u2019Ateneo Salesiano, 81<br \/>\n00139 Roma \u2013 Italia<br \/>\nC.F.: 80030250585<br \/>\nTel: +39 06 872741 Fax: + 39 06 87132306<\/p>\n<p><strong>Adresse e-mail:<\/strong> <a href=\"mailto:amministrazionefma@cgfma.org\">amministrazionefma@cgfma.org<\/a><\/p>\n<h4><strong>Donn\u00e9es personnelles trait\u00e9es<\/strong><\/h4>\n<p>Lors de votre inscription \u00e0 notre newsletter, certaines donn\u00e9es fondamentales vous sont demand\u00e9es afin de pouvoir vous adresser nos communications ; il vous est notamment demand\u00e9 vos nom, pr\u00e9nom et adresse e-mail sur laquelle recevoir la newsletter (ci-apr\u00e8s, les \u00ab Donn\u00e9es Personnelles \u00bb).<\/p>\n<h4><strong>Finalit\u00e9 et base juridique du traitement<\/strong><\/h4>\n<p>Nous utilisons vos Donn\u00e9es Personnelles pour vous envoyer des informations relatives aux \u00e9v\u00e9nements organis\u00e9s par notre Institut (\u00e0 titre d&rsquo;exemple mais sans s&rsquo;y limiter : conf\u00e9rences, s\u00e9minaires, urgences, campagnes humanitaires, collecte de fonds). La finalit\u00e9 pour laquelle nous traitons vos Donn\u00e9es Personnelles concerne exclusivement l\u2019envoi de notre newsletter. La base juridique qui justifie le traitement est votre consentement (art. 6, paragraphe 1, lettre a) du RGPD). Pour donner votre consentement, cliquez simplement sur le bouton \u00ab M&rsquo;abonner \u00bb.<\/p>\n<p>La fourniture de vos donn\u00e9es personnelles est facultative. En cas de refus, en ne s\u00e9lectionnant pas le bouton \u00ab M&rsquo;inscrire \u00bb, vos donn\u00e9es ne seront pas conserv\u00e9es et, par cons\u00e9quent, vous ne recevrez aucune communication relative aux \u00e9v\u00e9nements de l&rsquo;Institut. Nous vous rappelons que si vous d\u00e9cidez de vous inscrire, vous pouvez, \u00e0 tout moment, r\u00e9voquer le consentement donn\u00e9 et vous d\u00e9sinscrire de la newsletter en cliquant sur le lien appropri\u00e9 \u00ab Modifier votre abonnement \u00bb pr\u00e9sent en bas de chaque email envoy\u00e9. Suite \u00e0 cette op\u00e9ration, vos donn\u00e9es seront supprim\u00e9es et vous ne recevrez plus de communications par e-mail de la part de l&rsquo;Institut.<\/p>\n<h4><strong>D\u00e9lais de stockage<\/strong><\/h4>\n<p>Suite \u00e0 votre inscription \u00e0 la newsletter, vos donn\u00e9es personnelles seront conserv\u00e9es jusqu&rsquo;\u00e0 la r\u00e9vocation de votre consentement. Suite \u00e0 la r\u00e9vocation, que vous pouvez exprimer de la mani\u00e8re indiqu\u00e9e au paragraphe pr\u00e9c\u00e9dent, vos Donn\u00e9es Personnelles seront supprim\u00e9es sans retard injustifi\u00e9 compatible avec nos proc\u00e9dures techniques.<\/p>\n<h4><strong>Communication et diffusion des donn\u00e9es<\/strong><\/h4>\n<p>Les Donn\u00e9es Personnelles collect\u00e9es pourront \u00eatre trait\u00e9es par le personnel de l&rsquo;Institut et ses collaborateurs li\u00e9s aux fonctions charg\u00e9es de poursuivre la finalit\u00e9 indiqu\u00e9e ci-dessus, express\u00e9ment autoris\u00e9s \u00e0 traiter et ayant re\u00e7u des instructions de fonctionnement ad\u00e9quates. Ces donn\u00e9es peuvent \u00e9galement \u00eatre trait\u00e9es par des soci\u00e9t\u00e9s qui fournissent des services pour le compte du responsable du traitement et qui jouent donc le r\u00f4le de responsables du traitement.<\/p>\n<h4><strong>Tes droits<\/strong><\/h4>\n<p>Vous pouvez demander au Responsable du Traitement l&rsquo;acc\u00e8s aux Donn\u00e9es Personnelles vous concernant, leur rectification ou annulation, l&rsquo;int\u00e9gration de donn\u00e9es personnelles incompl\u00e8tes et la limitation du traitement dans les cas pr\u00e9vus par l&rsquo;art. 18 du RGPD. Le traitement \u00e9tant bas\u00e9 sur le consentement, vous disposez du droit de r\u00e9voquer ce consentement selon les modalit\u00e9s indiqu\u00e9es dans les paragraphes pr\u00e9c\u00e9dents.<\/p>\n<p>Vos droits peuvent \u00eatre exerc\u00e9s en \u00e9crivant \u00e0 <a href=\"mailto:amministrazionefma@cgfma.org\">amministrazionefma@cgfma.org<\/a><\/p>\n<p>\u00c0 tout moment, vous pouvez d\u00e9poser une plainte aupr\u00e8s de l&rsquo;Autorit\u00e9 de protection des donn\u00e9es personnelles, ainsi que recourir \u00e0 d&rsquo;autres moyens de protection pr\u00e9vus par la l\u00e9gislation applicable.<\/p>\n","protected":false},"excerpt":{"rendered":"<p>Conform\u00e9ment \u00e0 l&rsquo;article 13 du r\u00e8glement (UE) 2016\/679 (RGPD), l&rsquo;Institut Figlie di Maria Ausiliatrice agit en tant que responsable du traitement. Responsable du traitement des donn\u00e9es: Istituto Figlie di Maria [&hellip;]<\/p>\n","protected":false},"author":45,"featured_media":0,"parent":0,"menu_order":0,"comment_status":"closed","ping_status":"closed","template":"","meta":{"footnotes":""},"class_list":["post-109509","page","type-page","status-publish"],"yoast_head":"<!-- This site is optimized with the Yoast SEO plugin v27.6 - https:\/\/yoast.com\/product\/yoast-seo-wordpress\/ -->\n<title>Politique de confidentialit\u00e9 &#8226; Istituto Figlie di Maria Ausiliatrice<\/title>\n<meta name=\"robots\" content=\"index, follow, max-snippet:-1, max-image-preview:large, max-video-preview:-1\" \/>\n<link rel=\"canonical\" href=\"https:\/\/www.cgfmanet.org\/fr\/privacy-newsletter\/\" \/>\n<meta property=\"og:locale\" content=\"fr_FR\" \/>\n<meta property=\"og:type\" content=\"article\" \/>\n<meta property=\"og:title\" content=\"Politique de confidentialit\u00e9 &#8226; Istituto Figlie di Maria Ausiliatrice\" \/>\n<meta property=\"og:description\" content=\"Conform\u00e9ment \u00e0 l&rsquo;article 13 du r\u00e8glement (UE) 2016\/679 (RGPD), l&rsquo;Institut Figlie di Maria Ausiliatrice agit en tant que responsable du traitement. Responsable du traitement des donn\u00e9es: Istituto Figlie di Maria [&hellip;]\" \/>\n<meta property=\"og:url\" content=\"https:\/\/www.cgfmanet.org\/fr\/privacy-newsletter\/\" \/>\n<meta property=\"og:site_name\" content=\"Istituto Figlie di Maria Ausiliatrice\" \/>\n<meta property=\"article:publisher\" content=\"https:\/\/www.facebook.com\/salesian.sisters.of.don.bosco\/\" \/>\n<meta property=\"article:modified_time\" content=\"2024-04-19T08:30:36+00:00\" \/>\n<meta property=\"og:image\" content=\"https:\/\/www.cgfmanet.org\/wp-content\/uploads\/2018\/10\/logo-fma-retina.png\" \/>\n\t<meta property=\"og:image:width\" content=\"425\" \/>\n\t<meta property=\"og:image:height\" content=\"109\" \/>\n\t<meta property=\"og:image:type\" content=\"image\/png\" \/>\n<meta name=\"twitter:card\" content=\"summary_large_image\" \/>\n<meta name=\"twitter:site\" content=\"@Cgfmanet_Org\" \/>\n<meta name=\"twitter:label1\" content=\"Dur\u00e9e de lecture estim\u00e9e\" \/>\n\t<meta name=\"twitter:data1\" content=\"3 minutes\" \/>\n<script type=\"application\/ld+json\" class=\"yoast-schema-graph\">{\"@context\":\"https:\\\/\\\/schema.org\",\"@graph\":[{\"@type\":\"WebPage\",\"@id\":\"https:\\\/\\\/www.cgfmanet.org\\\/fr\\\/privacy-newsletter\\\/\",\"url\":\"https:\\\/\\\/www.cgfmanet.org\\\/fr\\\/privacy-newsletter\\\/\",\"name\":\"Politique de confidentialit\u00e9 &#8226; Istituto Figlie di Maria Ausiliatrice\",\"isPartOf\":{\"@id\":\"https:\\\/\\\/www.cgfmanet.org\\\/es\\\/#website\"},\"datePublished\":\"2024-04-19T07:31:44+00:00\",\"dateModified\":\"2024-04-19T08:30:36+00:00\",\"breadcrumb\":{\"@id\":\"https:\\\/\\\/www.cgfmanet.org\\\/fr\\\/privacy-newsletter\\\/#breadcrumb\"},\"inLanguage\":\"fr-FR\",\"potentialAction\":[{\"@type\":\"ReadAction\",\"target\":[\"https:\\\/\\\/www.cgfmanet.org\\\/fr\\\/privacy-newsletter\\\/\"]}]},{\"@type\":\"BreadcrumbList\",\"@id\":\"https:\\\/\\\/www.cgfmanet.org\\\/fr\\\/privacy-newsletter\\\/#breadcrumb\",\"itemListElement\":[{\"@type\":\"ListItem\",\"position\":1,\"name\":\"Home\",\"item\":\"https:\\\/\\\/www.cgfmanet.org\\\/fr\\\/\"},{\"@type\":\"ListItem\",\"position\":2,\"name\":\"Politique de confidentialit\u00e9\"}]},{\"@type\":\"WebSite\",\"@id\":\"https:\\\/\\\/www.cgfmanet.org\\\/es\\\/#website\",\"url\":\"https:\\\/\\\/www.cgfmanet.org\\\/es\\\/\",\"name\":\"Istituto Figlie di Maria Ausiliatrice\",\"description\":\"Salesiane di Don Bosco\",\"publisher\":{\"@id\":\"https:\\\/\\\/www.cgfmanet.org\\\/es\\\/#organization\"},\"potentialAction\":[{\"@type\":\"SearchAction\",\"target\":{\"@type\":\"EntryPoint\",\"urlTemplate\":\"https:\\\/\\\/www.cgfmanet.org\\\/es\\\/?s={search_term_string}\"},\"query-input\":{\"@type\":\"PropertyValueSpecification\",\"valueRequired\":true,\"valueName\":\"search_term_string\"}}],\"inLanguage\":\"fr-FR\"},{\"@type\":\"Organization\",\"@id\":\"https:\\\/\\\/www.cgfmanet.org\\\/es\\\/#organization\",\"name\":\"Istituto Figlie di Maria Ausiliatrice\",\"url\":\"https:\\\/\\\/www.cgfmanet.org\\\/es\\\/\",\"logo\":{\"@type\":\"ImageObject\",\"inLanguage\":\"fr-FR\",\"@id\":\"https:\\\/\\\/www.cgfmanet.org\\\/es\\\/#\\\/schema\\\/logo\\\/image\\\/\",\"url\":\"https:\\\/\\\/www.cgfmanet.org\\\/wp-content\\\/uploads\\\/2018\\\/10\\\/logo-fma.png\",\"contentUrl\":\"https:\\\/\\\/www.cgfmanet.org\\\/wp-content\\\/uploads\\\/2018\\\/10\\\/logo-fma.png\",\"width\":214,\"height\":55,\"caption\":\"Istituto Figlie di Maria Ausiliatrice\"},\"image\":{\"@id\":\"https:\\\/\\\/www.cgfmanet.org\\\/es\\\/#\\\/schema\\\/logo\\\/image\\\/\"},\"sameAs\":[\"https:\\\/\\\/www.facebook.com\\\/salesian.sisters.of.don.bosco\\\/\",\"https:\\\/\\\/x.com\\\/Cgfmanet_Org\",\"https:\\\/\\\/www.youtube.com\\\/channel\\\/UCmcr8yFQBV7JXeXVxyV9y5Q\"]}]}<\/script>\n<!-- \/ Yoast SEO plugin. -->","yoast_head_json":{"title":"Politique de confidentialit\u00e9 &#8226; Istituto Figlie di Maria Ausiliatrice","robots":{"index":"index","follow":"follow","max-snippet":"max-snippet:-1","max-image-preview":"max-image-preview:large","max-video-preview":"max-video-preview:-1"},"canonical":"https:\/\/www.cgfmanet.org\/fr\/privacy-newsletter\/","og_locale":"fr_FR","og_type":"article","og_title":"Politique de confidentialit\u00e9 &#8226; Istituto Figlie di Maria Ausiliatrice","og_description":"Conform\u00e9ment \u00e0 l&rsquo;article 13 du r\u00e8glement (UE) 2016\/679 (RGPD), l&rsquo;Institut Figlie di Maria Ausiliatrice agit en tant que responsable du traitement. Responsable du traitement des donn\u00e9es: Istituto Figlie di Maria [&hellip;]","og_url":"https:\/\/www.cgfmanet.org\/fr\/privacy-newsletter\/","og_site_name":"Istituto Figlie di Maria Ausiliatrice","article_publisher":"https:\/\/www.facebook.com\/salesian.sisters.of.don.bosco\/","article_modified_time":"2024-04-19T08:30:36+00:00","og_image":[{"width":425,"height":109,"url":"https:\/\/www.cgfmanet.org\/wp-content\/uploads\/2018\/10\/logo-fma-retina.png","type":"image\/png"}],"twitter_card":"summary_large_image","twitter_site":"@Cgfmanet_Org","twitter_misc":{"Dur\u00e9e de lecture estim\u00e9e":"3 minutes"},"schema":{"@context":"https:\/\/schema.org","@graph":[{"@type":"WebPage","@id":"https:\/\/www.cgfmanet.org\/fr\/privacy-newsletter\/","url":"https:\/\/www.cgfmanet.org\/fr\/privacy-newsletter\/","name":"Politique de confidentialit\u00e9 &#8226; Istituto Figlie di Maria Ausiliatrice","isPartOf":{"@id":"https:\/\/www.cgfmanet.org\/es\/#website"},"datePublished":"2024-04-19T07:31:44+00:00","dateModified":"2024-04-19T08:30:36+00:00","breadcrumb":{"@id":"https:\/\/www.cgfmanet.org\/fr\/privacy-newsletter\/#breadcrumb"},"inLanguage":"fr-FR","potentialAction":[{"@type":"ReadAction","target":["https:\/\/www.cgfmanet.org\/fr\/privacy-newsletter\/"]}]},{"@type":"BreadcrumbList","@id":"https:\/\/www.cgfmanet.org\/fr\/privacy-newsletter\/#breadcrumb","itemListElement":[{"@type":"ListItem","position":1,"name":"Home","item":"https:\/\/www.cgfmanet.org\/fr\/"},{"@type":"ListItem","position":2,"name":"Politique de confidentialit\u00e9"}]},{"@type":"WebSite","@id":"https:\/\/www.cgfmanet.org\/es\/#website","url":"https:\/\/www.cgfmanet.org\/es\/","name":"Istituto Figlie di Maria Ausiliatrice","description":"Salesiane di Don Bosco","publisher":{"@id":"https:\/\/www.cgfmanet.org\/es\/#organization"},"potentialAction":[{"@type":"SearchAction","target":{"@type":"EntryPoint","urlTemplate":"https:\/\/www.cgfmanet.org\/es\/?s={search_term_string}"},"query-input":{"@type":"PropertyValueSpecification","valueRequired":true,"valueName":"search_term_string"}}],"inLanguage":"fr-FR"},{"@type":"Organization","@id":"https:\/\/www.cgfmanet.org\/es\/#organization","name":"Istituto Figlie di Maria Ausiliatrice","url":"https:\/\/www.cgfmanet.org\/es\/","logo":{"@type":"ImageObject","inLanguage":"fr-FR","@id":"https:\/\/www.cgfmanet.org\/es\/#\/schema\/logo\/image\/","url":"https:\/\/www.cgfmanet.org\/wp-content\/uploads\/2018\/10\/logo-fma.png","contentUrl":"https:\/\/www.cgfmanet.org\/wp-content\/uploads\/2018\/10\/logo-fma.png","width":214,"height":55,"caption":"Istituto Figlie di Maria Ausiliatrice"},"image":{"@id":"https:\/\/www.cgfmanet.org\/es\/#\/schema\/logo\/image\/"},"sameAs":["https:\/\/www.facebook.com\/salesian.sisters.of.don.bosco\/","https:\/\/x.com\/Cgfmanet_Org","https:\/\/www.youtube.com\/channel\/UCmcr8yFQBV7JXeXVxyV9y5Q"]}]}},"_links":{"self":[{"href":"https:\/\/www.cgfmanet.org\/fr\/wp-json\/wp\/v2\/pages\/109509","targetHints":{"allow":["GET"]}}],"collection":[{"href":"https:\/\/www.cgfmanet.org\/fr\/wp-json\/wp\/v2\/pages"}],"about":[{"href":"https:\/\/www.cgfmanet.org\/fr\/wp-json\/wp\/v2\/types\/page"}],"author":[{"embeddable":true,"href":"https:\/\/www.cgfmanet.org\/fr\/wp-json\/wp\/v2\/users\/45"}],"replies":[{"embeddable":true,"href":"https:\/\/www.cgfmanet.org\/fr\/wp-json\/wp\/v2\/comments?post=109509"}],"version-history":[{"count":0,"href":"https:\/\/www.cgfmanet.org\/fr\/wp-json\/wp\/v2\/pages\/109509\/revisions"}],"wp:attachment":[{"href":"https:\/\/www.cgfmanet.org\/fr\/wp-json\/wp\/v2\/media?parent=109509"}],"curies":[{"name":"wp","href":"https:\/\/api.w.org\/{rel}","templated":true}]}}