{"id":6100,"date":"2019-09-12T11:50:40","date_gmt":"2019-09-12T09:50:40","guid":{"rendered":"https:\/\/www.cgfmanet.org\/doacoes-liberalidades-captacao-de-recursos\/"},"modified":"2026-04-24T15:50:34","modified_gmt":"2026-04-24T13:50:34","slug":"donaciones-ofrendas-recaudaciones-de-fondos","status":"publish","type":"page","link":"https:\/\/www.cgfmanet.org\/es\/donaciones-ofrendas-recaudaciones-de-fondos\/","title":{"rendered":"Donaciones &#8211; Ofrendas &#8211; Recaudaciones de Fondos"},"content":{"rendered":"<div class=\"wpb-content-wrapper\"><div id=\"tdi_1\" class=\"tdc-row\"><div class=\"vc_row tdi_2  wpb_row td-pb-row\" >\n<style scoped>\n\/* custom css - generated by TagDiv Composer *\/\n\n\/* custom css - generated by TagDiv Composer *\/\n.tdi_2,\r\n                .tdi_2 .tdc-columns{\r\n                    min-height: 0;\r\n                }.tdi_2,\r\n\t\t\t\t.tdi_2 .tdc-columns{\r\n\t\t\t\t    display: block;\r\n\t\t\t\t}.tdi_2 .tdc-columns{\r\n\t\t\t\t    width: 100%;\r\n\t\t\t\t}.tdi_2:before,\r\n\t\t\t\t.tdi_2:after{\r\n\t\t\t\t    display: table;\r\n\t\t\t\t}\n<\/style><div class=\"vc_column tdi_4  wpb_column vc_column_container tdc-column td-pb-span12\">\n<style scoped>\n\/* custom css - generated by TagDiv Composer *\/\n\n\/* custom css - generated by TagDiv Composer *\/\n.tdi_4{\r\n                    vertical-align: baseline;\r\n                }.tdi_4 > .wpb_wrapper,\r\n\t\t\t\t.tdi_4 > .wpb_wrapper > .tdc-elements{\r\n\t\t\t\t    display: block;\r\n\t\t\t\t}.tdi_4 > .wpb_wrapper > .tdc-elements{\r\n\t\t\t\t    width: 100%;\r\n\t\t\t\t}.tdi_4 > .wpb_wrapper > .vc_row_inner{\r\n\t\t\t\t    width: auto;\r\n\t\t\t\t}.tdi_4 > .wpb_wrapper{\r\n\t\t\t\t    width: auto;\r\n\t\t\t\t    height: auto;\r\n\t\t\t\t}\n<\/style><div class=\"wpb_wrapper\" >[vc_column_text css=\u00bb\u00bb]\r\n<p class=\"td-post-sub-title\">El Instituto de las Hijas de Mar\u00eda Auxiliadora cuenta con las Donaciones para sostener la misi\u00f3n a favor de las poblaciones en situaci\u00f3n conflictiva.<\/p>\r\n<img decoding=\"async\" class=\"td-modal-image wp-image-32121 alignleft lazyload\" data-src=\"https:\/\/www.cgfmanet.org\/wp-content\/uploads\/2020\/10\/informazione_foto_1200x800.jpg\" alt=\"\" width=\"338\" height=\"225\" data-srcset=\"https:\/\/www.cgfmanet.org\/wp-content\/uploads\/2020\/10\/informazione_foto_1200x800.jpg 1200w, https:\/\/www.cgfmanet.org\/wp-content\/uploads\/2020\/10\/informazione_foto_1200x800-768x512.jpg 768w, https:\/\/www.cgfmanet.org\/wp-content\/uploads\/2020\/10\/informazione_foto_1200x800-696x464.jpg 696w, https:\/\/www.cgfmanet.org\/wp-content\/uploads\/2020\/10\/informazione_foto_1200x800-630x420.jpg 630w\" data-sizes=\"auto\" src=\"data:image\/svg+xml;base64,PHN2ZyB3aWR0aD0iMSIgaGVpZ2h0PSIxIiB4bWxucz0iaHR0cDovL3d3dy53My5vcmcvMjAwMC9zdmciPjwvc3ZnPg==\" style=\"--smush-placeholder-width: 338px; --smush-placeholder-aspect-ratio: 338\/225;\" data-original-sizes=\"(max-width: 338px) 100vw, 338px\" \/>El <strong>Instituto de las Hijas de Mar\u00eda Auxiliadora <\/strong>opera a trav\u00e9s del <strong>Ente juridico \u201cIstituto Internazionale Maria Ausiliatrice delle Salesiane di Don Bosco\u201d <\/strong>con sede en Roma (Italia), via dell\u2019Ateneo Salesiano, n. 81 Cap 00139, de conformidad con la Ley 222\/85.\r\n<strong>C\u00f3digo Fiscale: <span style=\"color: #0000ff;\">80030250585\r\n<\/span><\/strong><strong>Tel\u00e9fono: <span style=\"color: #0000ff;\"><a style=\"color: #0000ff;\" href=\"tel:003906872741\">0039 06 872741<\/a>.<\/span><\/strong>\r\n\r\nTiene reconocimiento jur\u00eddico con D.P.R. 28.09.1965, n. 1237 y est\u00e1 inscrito en la Prefectura de Roma U.T.G. en el n. 480 \/1987 y persigue las finalidades propias de la educaci\u00f3n, instrucci\u00f3n y beneficencia.\r\n\r\nCualquier recibo \/ declaraci\u00f3n emitida por el Cuerpo Eclesi\u00e1stico, previa solicitud, como recibo de donaciones, de conformidad con y para los fines del art. 100, p\u00e1rrafo 2, letra a) del TUID 917\/86 y sucesivas modificaciones, explica la propia eficacia, de naturaleza fiscal, SOLO con respecto a quienes realicen actividades empresariales y empresas comerciales de cualquier tipo, teniendo n\u00fameros de IVA.\r\n<h2><span style=\"color: #ff0000;\"><strong><em>Beneficiario<\/em><\/strong><\/span><\/h2>\r\n<strong>Istituto Internazionale Maria Ausiliatrice delle Salesiane di Don Bosco\r\n<\/strong>Via dell\u2019Ateneo Salesiano, 81\r\n00139 Roma &#8211; RM (Italia)\r\n<h4><em>Donar por transferencia bancaria, cuenta corriente postal, tarjeta de cr\u00e9dito siempre especificando el motivo, indicando la actividad, la misi\u00f3n, el proyecto al que desea destinar<\/em><\/h4>\r\n<h2><span style=\"color: #0000ff;\"><strong><em>Transferencia bancaria<\/em><\/strong><\/span><\/h2>\r\n<div class=\"td-paragraph-padding-4\">\r\n\r\n<img decoding=\"async\" class=\"alignnone wp-image-32136 lazyload\" data-src=\"https:\/\/www.cgfmanet.org\/wp-content\/uploads\/2020\/10\/numero-verde-unicredit-e-servizio-assistenza-clienti.jpg\" alt=\"\" width=\"224\" height=\"98\" data-srcset=\"https:\/\/www.cgfmanet.org\/wp-content\/uploads\/2020\/10\/numero-verde-unicredit-e-servizio-assistenza-clienti.jpg 2028w, https:\/\/www.cgfmanet.org\/wp-content\/uploads\/2020\/10\/numero-verde-unicredit-e-servizio-assistenza-clienti-768x335.jpg 768w, https:\/\/www.cgfmanet.org\/wp-content\/uploads\/2020\/10\/numero-verde-unicredit-e-servizio-assistenza-clienti-1536x670.jpg 1536w, https:\/\/www.cgfmanet.org\/wp-content\/uploads\/2020\/10\/numero-verde-unicredit-e-servizio-assistenza-clienti-696x303.jpg 696w, https:\/\/www.cgfmanet.org\/wp-content\/uploads\/2020\/10\/numero-verde-unicredit-e-servizio-assistenza-clienti-964x420.jpg 964w\" data-sizes=\"auto\" src=\"data:image\/svg+xml;base64,PHN2ZyB3aWR0aD0iMSIgaGVpZ2h0PSIxIiB4bWxucz0iaHR0cDovL3d3dy53My5vcmcvMjAwMC9zdmciPjwvc3ZnPg==\" style=\"--smush-placeholder-width: 224px; --smush-placeholder-aspect-ratio: 224\/98;\" data-original-sizes=\"(max-width: 224px) 100vw, 224px\" \/>\r\n\r\n<strong>UniCredit S.P.A<\/strong>\r\n<strong>Numero:<\/strong> 000010741637\r\n<strong>IBAN:<\/strong> IT 39 A 02008 03298 000010741637\r\n<strong>BIC \/ SWIFT:<\/strong> UNCRITM1Y91\r\n\r\n<\/div>\r\n<h2><span style=\"color: #0000ff;\"><strong>Con Tarjeta de cr\u00e9dito<\/strong><\/span><\/h2>\r\n<div class=\"td-paragraph-padding-4\">\r\n\r\n<em>Online web Banca Popolare di Sondrio<\/em>\r\n\r\n<\/div>\r\n<h3><span style=\"color: #ff0000;\"><strong><em><img decoding=\"async\" class=\"alignnone wp-image-32141 lazyload\" data-src=\"https:\/\/www.cgfmanet.org\/wp-content\/uploads\/2020\/10\/carte-di-credito.jpg\" alt=\"\" width=\"321\" height=\"67\" src=\"data:image\/svg+xml;base64,PHN2ZyB3aWR0aD0iMSIgaGVpZ2h0PSIxIiB4bWxucz0iaHR0cDovL3d3dy53My5vcmcvMjAwMC9zdmciPjwvc3ZnPg==\" style=\"--smush-placeholder-width: 321px; --smush-placeholder-aspect-ratio: 321\/67;\" \/><\/em><\/strong><\/span><\/h3>\r\n<h2><span style=\"color: #0000ff;\"><strong>Cuenta Corriente Postal<\/strong><\/span><\/h2>\r\n<div class=\"td-paragraph-padding-4\">\r\n\r\n<strong><img decoding=\"async\" class=\"alignnone wp-image-32146 lazyload\" data-src=\"https:\/\/www.cgfmanet.org\/wp-content\/uploads\/2020\/10\/poste.jpg\" alt=\"\" width=\"204\" height=\"136\" data-srcset=\"https:\/\/www.cgfmanet.org\/wp-content\/uploads\/2020\/10\/poste.jpg 1200w, https:\/\/www.cgfmanet.org\/wp-content\/uploads\/2020\/10\/poste-768x512.jpg 768w, https:\/\/www.cgfmanet.org\/wp-content\/uploads\/2020\/10\/poste-696x464.jpg 696w, https:\/\/www.cgfmanet.org\/wp-content\/uploads\/2020\/10\/poste-630x420.jpg 630w\" data-sizes=\"auto\" src=\"data:image\/svg+xml;base64,PHN2ZyB3aWR0aD0iMSIgaGVpZ2h0PSIxIiB4bWxucz0iaHR0cDovL3d3dy53My5vcmcvMjAwMC9zdmciPjwvc3ZnPg==\" style=\"--smush-placeholder-width: 204px; --smush-placeholder-aspect-ratio: 204\/136;\" data-original-sizes=\"(max-width: 204px) 100vw, 204px\" \/><\/strong>\r\n\r\n<strong>Numero de Cuenta Corriente Postal: <\/strong>000053466009\r\n<strong>IBAN:<\/strong> IT 91 N 07601 03200 000053466009\r\nBPPIITRRXXX\r\n\r\n<\/div>\r\n<h2><span style=\"color: #339966;\"><strong>Recaudaciones de Fondos<\/strong><\/span><\/h2>\r\n<h5><a href=\"https:\/\/www.cgfmanet.org\/es\/donaciones-en-linea\/\" target=\"_blank\" rel=\"noopener noreferrer\"><img decoding=\"async\" class=\"alignnone wp-image-32151 lazyload\" data-src=\"https:\/\/www.cgfmanet.org\/wp-content\/uploads\/2020\/10\/dona-ora.jpg\" alt=\"\" width=\"266\" height=\"177\" data-srcset=\"https:\/\/www.cgfmanet.org\/wp-content\/uploads\/2020\/10\/dona-ora.jpg 1200w, https:\/\/www.cgfmanet.org\/wp-content\/uploads\/2020\/10\/dona-ora-768x512.jpg 768w, https:\/\/www.cgfmanet.org\/wp-content\/uploads\/2020\/10\/dona-ora-696x464.jpg 696w, https:\/\/www.cgfmanet.org\/wp-content\/uploads\/2020\/10\/dona-ora-630x420.jpg 630w\" data-sizes=\"auto\" src=\"data:image\/svg+xml;base64,PHN2ZyB3aWR0aD0iMSIgaGVpZ2h0PSIxIiB4bWxucz0iaHR0cDovL3d3dy53My5vcmcvMjAwMC9zdmciPjwvc3ZnPg==\" style=\"--smush-placeholder-width: 266px; --smush-placeholder-aspect-ratio: 266\/177;\" data-original-sizes=\"(max-width: 266px) 100vw, 266px\" \/><\/a><\/h5>\r\n<h5><\/h5>\r\n<h2><span style=\"color: #ff0000;\"><strong><em>Legados y Herencias a favor del Instituto de las Hijas de Mar\u00eda Auxiliadora<\/em><\/strong><\/span><\/h2>\r\nEl Instituto Internacional Maria Auxiliatrice de las Salesianas de Don Bosco puede recibir Legados y Herencias para las misiones y para todas las actividades que promueve en el mundo. Cada donaci\u00f3n: dinero, disponibilidad financiera e inversi\u00f3n, p\u00f3liza, inmueble, obra de arte se <strong>transformar\u00e1 en un precioso apoyo<\/strong> a las misiones y a proyectos de solidaridad que aseguran <strong>agua, alimentos, salud, educaci\u00f3n e instrucci\u00f3n.<\/strong>\r\n\r\nSe puede dejar a trav\u00e9s de <strong>Testamento<\/strong> indicando:\r\n\r\nA) Si se trata de <span style=\"color: #ff0000;\"><strong>Legado<\/strong><\/span>:\r\n<div class=\"td-paragraph-padding-4\">\r\n\r\n<em>De bienes muebles \u2013 inmuebles\r\n<\/em>\u201c\u2026 Lego al Instituto Internacional Mar\u00eda Auxiliadora de las Salesianas de don Bosco, con sede en Roma, via dell\u2019Ateneo Salesiano n. 81 cap 00139, la suma de\r\n\u20ac \u2026, o valores por euro \u2026, o p\u00f3liza \u2026, etc., para los fines institucionales de la Entidad \u201d (o para una Misi\u00f3n particular)\r\n\r\n<\/div>\r\nB) Si se trata de <span style=\"color: #ff0000;\"><strong>Herencia<\/strong><\/span>:\r\n<div class=\"td-paragraph-padding-4\">\r\n\r\n\u201c\u2026Revoco y anulo cualquier precedente disposici\u00f3n testamentaria m\u00eda. Con el presente testamento nombro mi heredero universal al INSTITUTO INTERNACIONAL MARIA AUXILIADORA DE LAS SALESIANAS DE DON BOSCO, con sede en Roma, via dell\u2019Ateneo Salesiano n. 81 cap 00139, dejando al mismo todo cuanto me pertenece de alguna manera, bienes muebles e inmuebles, para los fines institucionales de la Entidad.\u201d\r\n\r\n<\/div>\r\n<strong>Tener en cuenta:<\/strong>\r\n&#8211; El testamento debe estar escrito totalmente a mano por el testador y debe contener la firma del mismo, as\u00ed como la fecha y el lugar.\r\n\r\n&#8211; Precisar bien, sea en el caso de legado o de herencia, la direcci\u00f3n y los datos catastrales del inmueble (ej.: localidad, calle\/plaza, piso, en certificado catastral, parcela, elementos interiores, subordinados).\r\n<h5><strong>Tener en cuenta:\r\n<\/strong>&#8211; Para aprovechar los beneficios fiscales proporcionados a individuos y empresas o para contribuir con il 5 X 1000 cfr link: <em><a href=\"http:\/\/www.missionegiovanifma.org\/\" target=\"_blank\" rel=\"noopener noreferrer\"><strong> Missione Giovani FMA \u2013 Onlus<\/strong><\/a><\/em><\/h5>\r\n<h5 style=\"text-align: center;\"><strong>\u00abDios no se deja a vencer en generosidad\u00bb.\r\n<\/strong>(Don Bosco &#8211; MB II,254)<\/h5>\r\n\r\n<hr \/>\r\n<p style=\"text-align: center;\"><strong>Para Informaciones: <\/strong><\/p>\r\n<p style=\"text-align: center;\"><strong>Tel: <span style=\"color: #0000ff;\"><a style=\"color: #0000ff;\" href=\"tel:+3906872741\">+39 06 872741<\/a><\/span><\/strong>\r\n<strong>Fax:<\/strong> <span style=\"color: #0000ff;\"><strong>+ 39 06 87132306<\/strong><\/span>\r\n<strong>Email: <span style=\"color: #0000ff;\"><a style=\"color: #0000ff;\" href=\"mailto:amministrazionefma@cgfma.org\">amministrazionefma@cgfma.org<\/a><\/span><\/strong>\r\n<strong>Sito Web:<span style=\"color: #0000ff;\"> <a style=\"color: #0000ff;\" href=\"https:\/\/www.cgfmanet.org\">www.cgfmanet.org<\/a><\/span><\/strong><\/p>\r\n[\/vc_column_text]<\/div><\/div><\/div><\/div><\/div>","protected":false},"excerpt":{"rendered":"[vc_column_text css=\"\"] El Instituto de las Hijas de Mar\u00eda Auxiliadora cuenta con las Donaciones para sostener la misi\u00f3n a favor de las poblaciones en situaci\u00f3n conflictiva. El Instituto de las [...]","protected":false},"author":45,"featured_media":0,"parent":0,"menu_order":0,"comment_status":"closed","ping_status":"closed","template":"","meta":{"footnotes":""},"class_list":["post-6100","page","type-page","status-publish"],"yoast_head":"<!-- This site is optimized with the Yoast SEO plugin v27.4 - https:\/\/yoast.com\/product\/yoast-seo-wordpress\/ -->\n<title>Donaciones - Ofrendas - Recaudaciones de Fondos &#8226; Istituto Figlie di Maria Ausiliatrice<\/title>\n<meta name=\"robots\" content=\"index, follow, max-snippet:-1, max-image-preview:large, max-video-preview:-1\" \/>\n<link rel=\"canonical\" href=\"https:\/\/www.cgfmanet.org\/es\/donaciones-ofrendas-recaudaciones-de-fondos\/\" \/>\n<meta property=\"og:locale\" content=\"es_ES\" \/>\n<meta property=\"og:type\" content=\"article\" \/>\n<meta property=\"og:title\" content=\"Donaciones - Ofrendas - Recaudaciones de Fondos &#8226; Istituto Figlie di Maria Ausiliatrice\" \/>\n<meta property=\"og:url\" content=\"https:\/\/www.cgfmanet.org\/es\/donaciones-ofrendas-recaudaciones-de-fondos\/\" \/>\n<meta property=\"og:site_name\" content=\"Istituto Figlie di Maria Ausiliatrice\" \/>\n<meta property=\"article:publisher\" content=\"https:\/\/www.facebook.com\/salesian.sisters.of.don.bosco\/\" \/>\n<meta property=\"article:modified_time\" content=\"2026-04-24T13:50:34+00:00\" \/>\n<meta property=\"og:image\" content=\"https:\/\/www.cgfmanet.org\/wp-content\/uploads\/2020\/10\/informazione_foto_1200x800.jpg\" \/>\n\t<meta property=\"og:image:width\" content=\"1200\" \/>\n\t<meta property=\"og:image:height\" content=\"800\" \/>\n\t<meta property=\"og:image:type\" content=\"image\/jpeg\" \/>\n<meta name=\"twitter:card\" content=\"summary_large_image\" \/>\n<meta name=\"twitter:site\" content=\"@Cgfmanet_Org\" \/>\n<meta name=\"twitter:label1\" content=\"Tiempo de lectura\" \/>\n\t<meta name=\"twitter:data1\" content=\"5 minutos\" \/>\n<script type=\"application\/ld+json\" class=\"yoast-schema-graph\">{\"@context\":\"https:\\\/\\\/schema.org\",\"@graph\":[{\"@type\":\"WebPage\",\"@id\":\"https:\\\/\\\/www.cgfmanet.org\\\/es\\\/donaciones-ofrendas-recaudaciones-de-fondos\\\/\",\"url\":\"https:\\\/\\\/www.cgfmanet.org\\\/es\\\/donaciones-ofrendas-recaudaciones-de-fondos\\\/\",\"name\":\"Donaciones - Ofrendas - Recaudaciones de Fondos &#8226; Istituto Figlie di Maria Ausiliatrice\",\"isPartOf\":{\"@id\":\"https:\\\/\\\/www.cgfmanet.org\\\/es\\\/#website\"},\"primaryImageOfPage\":{\"@id\":\"https:\\\/\\\/www.cgfmanet.org\\\/es\\\/donaciones-ofrendas-recaudaciones-de-fondos\\\/#primaryimage\"},\"image\":{\"@id\":\"https:\\\/\\\/www.cgfmanet.org\\\/es\\\/donaciones-ofrendas-recaudaciones-de-fondos\\\/#primaryimage\"},\"thumbnailUrl\":\"https:\\\/\\\/www.cgfmanet.org\\\/wp-content\\\/uploads\\\/2020\\\/10\\\/informazione_foto_1200x800.jpg\",\"datePublished\":\"2019-09-12T09:50:40+00:00\",\"dateModified\":\"2026-04-24T13:50:34+00:00\",\"breadcrumb\":{\"@id\":\"https:\\\/\\\/www.cgfmanet.org\\\/es\\\/donaciones-ofrendas-recaudaciones-de-fondos\\\/#breadcrumb\"},\"inLanguage\":\"es\",\"potentialAction\":[{\"@type\":\"ReadAction\",\"target\":[\"https:\\\/\\\/www.cgfmanet.org\\\/es\\\/donaciones-ofrendas-recaudaciones-de-fondos\\\/\"]}]},{\"@type\":\"ImageObject\",\"inLanguage\":\"es\",\"@id\":\"https:\\\/\\\/www.cgfmanet.org\\\/es\\\/donaciones-ofrendas-recaudaciones-de-fondos\\\/#primaryimage\",\"url\":\"https:\\\/\\\/www.cgfmanet.org\\\/wp-content\\\/uploads\\\/2020\\\/10\\\/informazione_foto_1200x800.jpg\",\"contentUrl\":\"https:\\\/\\\/www.cgfmanet.org\\\/wp-content\\\/uploads\\\/2020\\\/10\\\/informazione_foto_1200x800.jpg\"},{\"@type\":\"BreadcrumbList\",\"@id\":\"https:\\\/\\\/www.cgfmanet.org\\\/es\\\/donaciones-ofrendas-recaudaciones-de-fondos\\\/#breadcrumb\",\"itemListElement\":[{\"@type\":\"ListItem\",\"position\":1,\"name\":\"Home\",\"item\":\"https:\\\/\\\/www.cgfmanet.org\\\/es\\\/\"},{\"@type\":\"ListItem\",\"position\":2,\"name\":\"Donaciones &#8211; Ofrendas &#8211; Recaudaciones de Fondos\"}]},{\"@type\":\"WebSite\",\"@id\":\"https:\\\/\\\/www.cgfmanet.org\\\/es\\\/#website\",\"url\":\"https:\\\/\\\/www.cgfmanet.org\\\/es\\\/\",\"name\":\"Istituto Figlie di Maria Ausiliatrice\",\"description\":\"Salesiane di Don Bosco\",\"publisher\":{\"@id\":\"https:\\\/\\\/www.cgfmanet.org\\\/es\\\/#organization\"},\"potentialAction\":[{\"@type\":\"SearchAction\",\"target\":{\"@type\":\"EntryPoint\",\"urlTemplate\":\"https:\\\/\\\/www.cgfmanet.org\\\/es\\\/?s={search_term_string}\"},\"query-input\":{\"@type\":\"PropertyValueSpecification\",\"valueRequired\":true,\"valueName\":\"search_term_string\"}}],\"inLanguage\":\"es\"},{\"@type\":\"Organization\",\"@id\":\"https:\\\/\\\/www.cgfmanet.org\\\/es\\\/#organization\",\"name\":\"Istituto Figlie di Maria Ausiliatrice\",\"url\":\"https:\\\/\\\/www.cgfmanet.org\\\/es\\\/\",\"logo\":{\"@type\":\"ImageObject\",\"inLanguage\":\"es\",\"@id\":\"https:\\\/\\\/www.cgfmanet.org\\\/es\\\/#\\\/schema\\\/logo\\\/image\\\/\",\"url\":\"https:\\\/\\\/www.cgfmanet.org\\\/wp-content\\\/uploads\\\/2018\\\/10\\\/logo-fma.png\",\"contentUrl\":\"https:\\\/\\\/www.cgfmanet.org\\\/wp-content\\\/uploads\\\/2018\\\/10\\\/logo-fma.png\",\"width\":214,\"height\":55,\"caption\":\"Istituto Figlie di Maria Ausiliatrice\"},\"image\":{\"@id\":\"https:\\\/\\\/www.cgfmanet.org\\\/es\\\/#\\\/schema\\\/logo\\\/image\\\/\"},\"sameAs\":[\"https:\\\/\\\/www.facebook.com\\\/salesian.sisters.of.don.bosco\\\/\",\"https:\\\/\\\/x.com\\\/Cgfmanet_Org\",\"https:\\\/\\\/www.youtube.com\\\/channel\\\/UCmcr8yFQBV7JXeXVxyV9y5Q\"]}]}<\/script>\n<!-- \/ Yoast SEO plugin. -->","yoast_head_json":{"title":"Donaciones - Ofrendas - Recaudaciones de Fondos &#8226; Istituto Figlie di Maria Ausiliatrice","robots":{"index":"index","follow":"follow","max-snippet":"max-snippet:-1","max-image-preview":"max-image-preview:large","max-video-preview":"max-video-preview:-1"},"canonical":"https:\/\/www.cgfmanet.org\/es\/donaciones-ofrendas-recaudaciones-de-fondos\/","og_locale":"es_ES","og_type":"article","og_title":"Donaciones - Ofrendas - Recaudaciones de Fondos &#8226; Istituto Figlie di Maria Ausiliatrice","og_url":"https:\/\/www.cgfmanet.org\/es\/donaciones-ofrendas-recaudaciones-de-fondos\/","og_site_name":"Istituto Figlie di Maria Ausiliatrice","article_publisher":"https:\/\/www.facebook.com\/salesian.sisters.of.don.bosco\/","article_modified_time":"2026-04-24T13:50:34+00:00","og_image":[{"width":1200,"height":800,"url":"https:\/\/www.cgfmanet.org\/wp-content\/uploads\/2020\/10\/informazione_foto_1200x800.jpg","type":"image\/jpeg"}],"twitter_card":"summary_large_image","twitter_site":"@Cgfmanet_Org","twitter_misc":{"Tiempo de lectura":"5 minutos"},"schema":{"@context":"https:\/\/schema.org","@graph":[{"@type":"WebPage","@id":"https:\/\/www.cgfmanet.org\/es\/donaciones-ofrendas-recaudaciones-de-fondos\/","url":"https:\/\/www.cgfmanet.org\/es\/donaciones-ofrendas-recaudaciones-de-fondos\/","name":"Donaciones - Ofrendas - Recaudaciones de Fondos &#8226; Istituto Figlie di Maria Ausiliatrice","isPartOf":{"@id":"https:\/\/www.cgfmanet.org\/es\/#website"},"primaryImageOfPage":{"@id":"https:\/\/www.cgfmanet.org\/es\/donaciones-ofrendas-recaudaciones-de-fondos\/#primaryimage"},"image":{"@id":"https:\/\/www.cgfmanet.org\/es\/donaciones-ofrendas-recaudaciones-de-fondos\/#primaryimage"},"thumbnailUrl":"https:\/\/www.cgfmanet.org\/wp-content\/uploads\/2020\/10\/informazione_foto_1200x800.jpg","datePublished":"2019-09-12T09:50:40+00:00","dateModified":"2026-04-24T13:50:34+00:00","breadcrumb":{"@id":"https:\/\/www.cgfmanet.org\/es\/donaciones-ofrendas-recaudaciones-de-fondos\/#breadcrumb"},"inLanguage":"es","potentialAction":[{"@type":"ReadAction","target":["https:\/\/www.cgfmanet.org\/es\/donaciones-ofrendas-recaudaciones-de-fondos\/"]}]},{"@type":"ImageObject","inLanguage":"es","@id":"https:\/\/www.cgfmanet.org\/es\/donaciones-ofrendas-recaudaciones-de-fondos\/#primaryimage","url":"https:\/\/www.cgfmanet.org\/wp-content\/uploads\/2020\/10\/informazione_foto_1200x800.jpg","contentUrl":"https:\/\/www.cgfmanet.org\/wp-content\/uploads\/2020\/10\/informazione_foto_1200x800.jpg"},{"@type":"BreadcrumbList","@id":"https:\/\/www.cgfmanet.org\/es\/donaciones-ofrendas-recaudaciones-de-fondos\/#breadcrumb","itemListElement":[{"@type":"ListItem","position":1,"name":"Home","item":"https:\/\/www.cgfmanet.org\/es\/"},{"@type":"ListItem","position":2,"name":"Donaciones &#8211; Ofrendas &#8211; Recaudaciones de Fondos"}]},{"@type":"WebSite","@id":"https:\/\/www.cgfmanet.org\/es\/#website","url":"https:\/\/www.cgfmanet.org\/es\/","name":"Istituto Figlie di Maria Ausiliatrice","description":"Salesiane di Don Bosco","publisher":{"@id":"https:\/\/www.cgfmanet.org\/es\/#organization"},"potentialAction":[{"@type":"SearchAction","target":{"@type":"EntryPoint","urlTemplate":"https:\/\/www.cgfmanet.org\/es\/?s={search_term_string}"},"query-input":{"@type":"PropertyValueSpecification","valueRequired":true,"valueName":"search_term_string"}}],"inLanguage":"es"},{"@type":"Organization","@id":"https:\/\/www.cgfmanet.org\/es\/#organization","name":"Istituto Figlie di Maria Ausiliatrice","url":"https:\/\/www.cgfmanet.org\/es\/","logo":{"@type":"ImageObject","inLanguage":"es","@id":"https:\/\/www.cgfmanet.org\/es\/#\/schema\/logo\/image\/","url":"https:\/\/www.cgfmanet.org\/wp-content\/uploads\/2018\/10\/logo-fma.png","contentUrl":"https:\/\/www.cgfmanet.org\/wp-content\/uploads\/2018\/10\/logo-fma.png","width":214,"height":55,"caption":"Istituto Figlie di Maria Ausiliatrice"},"image":{"@id":"https:\/\/www.cgfmanet.org\/es\/#\/schema\/logo\/image\/"},"sameAs":["https:\/\/www.facebook.com\/salesian.sisters.of.don.bosco\/","https:\/\/x.com\/Cgfmanet_Org","https:\/\/www.youtube.com\/channel\/UCmcr8yFQBV7JXeXVxyV9y5Q"]}]}},"_links":{"self":[{"href":"https:\/\/www.cgfmanet.org\/es\/wp-json\/wp\/v2\/pages\/6100","targetHints":{"allow":["GET"]}}],"collection":[{"href":"https:\/\/www.cgfmanet.org\/es\/wp-json\/wp\/v2\/pages"}],"about":[{"href":"https:\/\/www.cgfmanet.org\/es\/wp-json\/wp\/v2\/types\/page"}],"author":[{"embeddable":true,"href":"https:\/\/www.cgfmanet.org\/es\/wp-json\/wp\/v2\/users\/45"}],"replies":[{"embeddable":true,"href":"https:\/\/www.cgfmanet.org\/es\/wp-json\/wp\/v2\/comments?post=6100"}],"version-history":[{"count":1,"href":"https:\/\/www.cgfmanet.org\/es\/wp-json\/wp\/v2\/pages\/6100\/revisions"}],"predecessor-version":[{"id":156336,"href":"https:\/\/www.cgfmanet.org\/es\/wp-json\/wp\/v2\/pages\/6100\/revisions\/156336"}],"wp:attachment":[{"href":"https:\/\/www.cgfmanet.org\/es\/wp-json\/wp\/v2\/media?parent=6100"}],"curies":[{"name":"wp","href":"https:\/\/api.w.org\/{rel}","templated":true}]}}