{"id":22818,"date":"2020-04-07T09:54:07","date_gmt":"2020-04-07T07:54:07","guid":{"rendered":"https:\/\/www.cgfmanet.org\/donazioni\/"},"modified":"2022-03-05T18:22:48","modified_gmt":"2022-03-05T17:22:48","slug":"donaciones-en-linea","status":"publish","type":"page","link":"https:\/\/www.cgfmanet.org\/es\/donaciones-en-linea\/","title":{"rendered":"Dona ahora"},"content":{"rendered":"<p class=\"td-post-sub-title\">El Instituto de las Hijas de Mar\u00eda Auxiliadora cuenta con las <a href=\"https:\/\/www.cgfmanet.org\/es\/donaciones-ofrendas-recaudaciones-de-fondos\/\" target=\"_blank\" rel=\"noopener\"><span style=\"color: #0000ff;\"><strong>Donaciones<\/strong><\/span><\/a> para sostener la misi\u00f3n a favor de las poblaciones en situaci\u00f3n conflictiva.<\/p>\n<p>El Instituto FMA interviene en contextos de <a href=\"https:\/\/www.cgfmanet.org\/es\/categoria\/emergencias-y-campanas-humanitarias\/\" target=\"_blank\" rel=\"noopener\"><span style=\"color: #0000ff;\"><strong>emergencia humanitaria<\/strong><\/span><\/a> en los territorios donde opera, creando campa\u00f1as espec\u00edficas de recaudaci\u00f3n de fondos, para ofrecer ayuda efectiva y concreta.<\/p>\n<p>El <strong>Instituto de las Hijas de Mar\u00eda Auxiliadora <\/strong>opera a trav\u00e9s del <strong>Ente juridico \u201cIstituto Internazionale Maria Ausiliatrice delle Salesiane di Don Bosco\u201d <\/strong>con sede en Roma (Italia), via dell\u2019Ateneo Salesiano, n. 81 Cap 00139, de conformidad con la Ley 222\/85.<\/p>\n<h3><span style=\"color: #ff0000;\"><strong>SCEGLI COME DONARE<\/strong><\/span><\/h3>\n<h2><strong>Transferencia bancaria<\/strong><\/h2>\n<p><strong>Banca Popolare di Sondrio<\/strong> \u2013 ag.1 Roma \u2013 062<br \/>\n<strong>Numero:<\/strong> 6400X49<br \/>\n<strong>IBAN:<\/strong> IT 20 M 05696 03201 000006400X49<br \/>\n<strong>BIC \/ SWIFT:<\/strong> POSOIT22<\/p>\n<h2><strong>Elija c\u00f3mo donar<\/strong><\/h2>\n","protected":false},"excerpt":{"rendered":"<p>El Instituto de las Hijas de Mar\u00eda Auxiliadora cuenta con las Donaciones para sostener la misi\u00f3n a favor de las poblaciones en situaci\u00f3n conflictiva. El Instituto FMA interviene en contextos [&hellip;]<\/p>\n","protected":false},"author":45,"featured_media":0,"parent":0,"menu_order":0,"comment_status":"closed","ping_status":"closed","template":"template-donazione.php","meta":{"footnotes":""},"class_list":["post-22818","page","type-page","status-publish"],"yoast_head":"<!-- This site is optimized with the Yoast SEO plugin v27.4 - https:\/\/yoast.com\/product\/yoast-seo-wordpress\/ -->\n<title>Dona ahora &#8226; Istituto Figlie di Maria Ausiliatrice<\/title>\n<meta name=\"robots\" content=\"index, follow, max-snippet:-1, max-image-preview:large, max-video-preview:-1\" \/>\n<link rel=\"canonical\" href=\"https:\/\/www.cgfmanet.org\/es\/donaciones-en-linea\/\" \/>\n<meta property=\"og:locale\" content=\"es_ES\" \/>\n<meta property=\"og:type\" content=\"article\" \/>\n<meta property=\"og:title\" content=\"Dona ahora &#8226; Istituto Figlie di Maria Ausiliatrice\" \/>\n<meta property=\"og:description\" content=\"El Instituto de las Hijas de Mar\u00eda Auxiliadora cuenta con las Donaciones para sostener la misi\u00f3n a favor de las poblaciones en situaci\u00f3n conflictiva. El Instituto FMA interviene en contextos [&hellip;]\" \/>\n<meta property=\"og:url\" content=\"https:\/\/www.cgfmanet.org\/es\/donaciones-en-linea\/\" \/>\n<meta property=\"og:site_name\" content=\"Istituto Figlie di Maria Ausiliatrice\" \/>\n<meta property=\"article:publisher\" content=\"https:\/\/www.facebook.com\/salesian.sisters.of.don.bosco\/\" \/>\n<meta property=\"article:modified_time\" content=\"2022-03-05T17:22:48+00:00\" \/>\n<meta property=\"og:image\" content=\"https:\/\/www.cgfmanet.org\/wp-content\/uploads\/2018\/10\/logo-fma-retina.png\" \/>\n\t<meta property=\"og:image:width\" content=\"425\" \/>\n\t<meta property=\"og:image:height\" content=\"109\" \/>\n\t<meta property=\"og:image:type\" content=\"image\/png\" \/>\n<meta name=\"twitter:card\" content=\"summary_large_image\" \/>\n<meta name=\"twitter:site\" content=\"@Cgfmanet_Org\" \/>\n<meta name=\"twitter:label1\" content=\"Tiempo de lectura\" \/>\n\t<meta name=\"twitter:data1\" content=\"1 minuto\" \/>\n<script type=\"application\/ld+json\" class=\"yoast-schema-graph\">{\"@context\":\"https:\\\/\\\/schema.org\",\"@graph\":[{\"@type\":\"WebPage\",\"@id\":\"https:\\\/\\\/www.cgfmanet.org\\\/es\\\/donaciones-en-linea\\\/\",\"url\":\"https:\\\/\\\/www.cgfmanet.org\\\/es\\\/donaciones-en-linea\\\/\",\"name\":\"Dona ahora &#8226; Istituto Figlie di Maria Ausiliatrice\",\"isPartOf\":{\"@id\":\"https:\\\/\\\/www.cgfmanet.org\\\/es\\\/#website\"},\"datePublished\":\"2020-04-07T07:54:07+00:00\",\"dateModified\":\"2022-03-05T17:22:48+00:00\",\"breadcrumb\":{\"@id\":\"https:\\\/\\\/www.cgfmanet.org\\\/es\\\/donaciones-en-linea\\\/#breadcrumb\"},\"inLanguage\":\"es\",\"potentialAction\":[{\"@type\":\"ReadAction\",\"target\":[\"https:\\\/\\\/www.cgfmanet.org\\\/es\\\/donaciones-en-linea\\\/\"]}]},{\"@type\":\"BreadcrumbList\",\"@id\":\"https:\\\/\\\/www.cgfmanet.org\\\/es\\\/donaciones-en-linea\\\/#breadcrumb\",\"itemListElement\":[{\"@type\":\"ListItem\",\"position\":1,\"name\":\"Home\",\"item\":\"https:\\\/\\\/www.cgfmanet.org\\\/es\\\/\"},{\"@type\":\"ListItem\",\"position\":2,\"name\":\"Dona ahora\"}]},{\"@type\":\"WebSite\",\"@id\":\"https:\\\/\\\/www.cgfmanet.org\\\/es\\\/#website\",\"url\":\"https:\\\/\\\/www.cgfmanet.org\\\/es\\\/\",\"name\":\"Istituto Figlie di Maria Ausiliatrice\",\"description\":\"Salesiane di Don Bosco\",\"publisher\":{\"@id\":\"https:\\\/\\\/www.cgfmanet.org\\\/es\\\/#organization\"},\"potentialAction\":[{\"@type\":\"SearchAction\",\"target\":{\"@type\":\"EntryPoint\",\"urlTemplate\":\"https:\\\/\\\/www.cgfmanet.org\\\/es\\\/?s={search_term_string}\"},\"query-input\":{\"@type\":\"PropertyValueSpecification\",\"valueRequired\":true,\"valueName\":\"search_term_string\"}}],\"inLanguage\":\"es\"},{\"@type\":\"Organization\",\"@id\":\"https:\\\/\\\/www.cgfmanet.org\\\/es\\\/#organization\",\"name\":\"Istituto Figlie di Maria Ausiliatrice\",\"url\":\"https:\\\/\\\/www.cgfmanet.org\\\/es\\\/\",\"logo\":{\"@type\":\"ImageObject\",\"inLanguage\":\"es\",\"@id\":\"https:\\\/\\\/www.cgfmanet.org\\\/es\\\/#\\\/schema\\\/logo\\\/image\\\/\",\"url\":\"https:\\\/\\\/www.cgfmanet.org\\\/wp-content\\\/uploads\\\/2018\\\/10\\\/logo-fma.png\",\"contentUrl\":\"https:\\\/\\\/www.cgfmanet.org\\\/wp-content\\\/uploads\\\/2018\\\/10\\\/logo-fma.png\",\"width\":214,\"height\":55,\"caption\":\"Istituto Figlie di Maria Ausiliatrice\"},\"image\":{\"@id\":\"https:\\\/\\\/www.cgfmanet.org\\\/es\\\/#\\\/schema\\\/logo\\\/image\\\/\"},\"sameAs\":[\"https:\\\/\\\/www.facebook.com\\\/salesian.sisters.of.don.bosco\\\/\",\"https:\\\/\\\/x.com\\\/Cgfmanet_Org\",\"https:\\\/\\\/www.youtube.com\\\/channel\\\/UCmcr8yFQBV7JXeXVxyV9y5Q\"]}]}<\/script>\n<!-- \/ Yoast SEO plugin. -->","yoast_head_json":{"title":"Dona ahora &#8226; Istituto Figlie di Maria Ausiliatrice","robots":{"index":"index","follow":"follow","max-snippet":"max-snippet:-1","max-image-preview":"max-image-preview:large","max-video-preview":"max-video-preview:-1"},"canonical":"https:\/\/www.cgfmanet.org\/es\/donaciones-en-linea\/","og_locale":"es_ES","og_type":"article","og_title":"Dona ahora &#8226; Istituto Figlie di Maria Ausiliatrice","og_description":"El Instituto de las Hijas de Mar\u00eda Auxiliadora cuenta con las Donaciones para sostener la misi\u00f3n a favor de las poblaciones en situaci\u00f3n conflictiva. El Instituto FMA interviene en contextos [&hellip;]","og_url":"https:\/\/www.cgfmanet.org\/es\/donaciones-en-linea\/","og_site_name":"Istituto Figlie di Maria Ausiliatrice","article_publisher":"https:\/\/www.facebook.com\/salesian.sisters.of.don.bosco\/","article_modified_time":"2022-03-05T17:22:48+00:00","og_image":[{"width":425,"height":109,"url":"https:\/\/www.cgfmanet.org\/wp-content\/uploads\/2018\/10\/logo-fma-retina.png","type":"image\/png"}],"twitter_card":"summary_large_image","twitter_site":"@Cgfmanet_Org","twitter_misc":{"Tiempo de lectura":"1 minuto"},"schema":{"@context":"https:\/\/schema.org","@graph":[{"@type":"WebPage","@id":"https:\/\/www.cgfmanet.org\/es\/donaciones-en-linea\/","url":"https:\/\/www.cgfmanet.org\/es\/donaciones-en-linea\/","name":"Dona ahora &#8226; Istituto Figlie di Maria Ausiliatrice","isPartOf":{"@id":"https:\/\/www.cgfmanet.org\/es\/#website"},"datePublished":"2020-04-07T07:54:07+00:00","dateModified":"2022-03-05T17:22:48+00:00","breadcrumb":{"@id":"https:\/\/www.cgfmanet.org\/es\/donaciones-en-linea\/#breadcrumb"},"inLanguage":"es","potentialAction":[{"@type":"ReadAction","target":["https:\/\/www.cgfmanet.org\/es\/donaciones-en-linea\/"]}]},{"@type":"BreadcrumbList","@id":"https:\/\/www.cgfmanet.org\/es\/donaciones-en-linea\/#breadcrumb","itemListElement":[{"@type":"ListItem","position":1,"name":"Home","item":"https:\/\/www.cgfmanet.org\/es\/"},{"@type":"ListItem","position":2,"name":"Dona ahora"}]},{"@type":"WebSite","@id":"https:\/\/www.cgfmanet.org\/es\/#website","url":"https:\/\/www.cgfmanet.org\/es\/","name":"Istituto Figlie di Maria Ausiliatrice","description":"Salesiane di Don Bosco","publisher":{"@id":"https:\/\/www.cgfmanet.org\/es\/#organization"},"potentialAction":[{"@type":"SearchAction","target":{"@type":"EntryPoint","urlTemplate":"https:\/\/www.cgfmanet.org\/es\/?s={search_term_string}"},"query-input":{"@type":"PropertyValueSpecification","valueRequired":true,"valueName":"search_term_string"}}],"inLanguage":"es"},{"@type":"Organization","@id":"https:\/\/www.cgfmanet.org\/es\/#organization","name":"Istituto Figlie di Maria Ausiliatrice","url":"https:\/\/www.cgfmanet.org\/es\/","logo":{"@type":"ImageObject","inLanguage":"es","@id":"https:\/\/www.cgfmanet.org\/es\/#\/schema\/logo\/image\/","url":"https:\/\/www.cgfmanet.org\/wp-content\/uploads\/2018\/10\/logo-fma.png","contentUrl":"https:\/\/www.cgfmanet.org\/wp-content\/uploads\/2018\/10\/logo-fma.png","width":214,"height":55,"caption":"Istituto Figlie di Maria Ausiliatrice"},"image":{"@id":"https:\/\/www.cgfmanet.org\/es\/#\/schema\/logo\/image\/"},"sameAs":["https:\/\/www.facebook.com\/salesian.sisters.of.don.bosco\/","https:\/\/x.com\/Cgfmanet_Org","https:\/\/www.youtube.com\/channel\/UCmcr8yFQBV7JXeXVxyV9y5Q"]}]}},"_links":{"self":[{"href":"https:\/\/www.cgfmanet.org\/es\/wp-json\/wp\/v2\/pages\/22818","targetHints":{"allow":["GET"]}}],"collection":[{"href":"https:\/\/www.cgfmanet.org\/es\/wp-json\/wp\/v2\/pages"}],"about":[{"href":"https:\/\/www.cgfmanet.org\/es\/wp-json\/wp\/v2\/types\/page"}],"author":[{"embeddable":true,"href":"https:\/\/www.cgfmanet.org\/es\/wp-json\/wp\/v2\/users\/45"}],"replies":[{"embeddable":true,"href":"https:\/\/www.cgfmanet.org\/es\/wp-json\/wp\/v2\/comments?post=22818"}],"version-history":[{"count":0,"href":"https:\/\/www.cgfmanet.org\/es\/wp-json\/wp\/v2\/pages\/22818\/revisions"}],"wp:attachment":[{"href":"https:\/\/www.cgfmanet.org\/es\/wp-json\/wp\/v2\/media?parent=22818"}],"curies":[{"name":"wp","href":"https:\/\/api.w.org\/{rel}","templated":true}]}}