{"id":109508,"date":"2024-04-19T09:31:44","date_gmt":"2024-04-19T07:31:44","guid":{"rendered":"https:\/\/www.cgfmanet.org\/?page_id=109508"},"modified":"2024-04-19T10:14:33","modified_gmt":"2024-04-19T08:14:33","slug":"privacy-newsletter","status":"publish","type":"page","link":"https:\/\/www.cgfmanet.org\/es\/privacy-newsletter\/","title":{"rendered":"Privacy Policy Newsletter"},"content":{"rendered":"<p>De conformidad con el art\u00edculo 13 del Reglamento (UE) 2016\/679 (GDPR), el Instituto Figlie di Maria Ausiliatrice act\u00faa como Responsable del tratamiento.<\/p>\n<h4><strong>Responsable del tratamiento de datos:<\/strong><\/h4>\n<p>Istituto Figlie di Maria Ausiliatrice<br \/>\nVia dell\u2019Ateneo Salesiano, 81<br \/>\n00139 Roma \u2013 Italia<br \/>\nC.F.: 80030250585<br \/>\nTel: +39 06 872741 Fax: + 39 06 87132306<\/p>\n<p><strong>Direcci\u00f3n de correo electr\u00f3nico:<\/strong> <a href=\"mailto:amministrazionefma@cgfma.org\">amministrazionefma@cgfma.org<\/a><\/p>\n<h4><strong>Datos personales tratados<\/strong><\/h4>\n<p>Al suscribirse a nuestra newsletter se le solicitan algunos datos fundamentales para poder enviarle nuestras comunicaciones; en particular, se le solicita su nombre, apellidos y direcci\u00f3n de correo electr\u00f3nico para recibir el bolet\u00edn (en adelante, \u00abDatos Personales\u00bb).<\/p>\n<h4><strong>Finalidad y base jur\u00eddica del tratamiento<\/strong><\/h4>\n<p>Utilizamos sus Datos Personales para enviarle informaci\u00f3n relacionada con eventos organizados por nuestro Instituto (a modo de ejemplo pero no limitado a: conferencias, seminarios, emergencias, campa\u00f1as humanitarias, recaudaci\u00f3n de fondos). La finalidad para la que procesamos sus Datos personales se refiere exclusivamente al env\u00edo de nuestro bolet\u00edn. La base jur\u00eddica que justifica el tratamiento es su consentimiento (art. 6, apartado 1, letra a) del RGPD). Para brindar su consentimiento simplemente haga clic en el bot\u00f3n \u201cSuscr\u00edbeme\u201d.<\/p>\n<p>El suministro de sus Datos Personales es opcional. En caso de negativa, al no seleccionar el bot\u00f3n \u201cSuscr\u00edbeme\u201d, tus datos no ser\u00e1n almacenados y, por tanto, no recibir\u00e1s ninguna comunicaci\u00f3n relativa a los eventos del Instituto. Le recordamos que si decide suscribirse, puede, en cualquier momento, revocar el consentimiento prestado y darse de baja de la newsletter haciendo clic en el enlace \u00abModificar su suscripci\u00f3n\u00bb que se encuentra en la parte inferior de cada correo electr\u00f3nico enviado. Tras esta operaci\u00f3n, sus datos ser\u00e1n eliminados y no recibir\u00e1 m\u00e1s comunicaciones v\u00eda correo electr\u00f3nico del Instituto.<\/p>\n<h4><strong>Tiempos de almacenamiento<\/strong><\/h4>\n<p>Despu\u00e9s del registro para recibir el bolet\u00edn, sus datos personales se almacenar\u00e1n hasta que se revoque su consentimiento. Tras la revocaci\u00f3n, que podr\u00e1 expresar en la forma indicada en el p\u00e1rrafo anterior, sus Datos Personales ser\u00e1n eliminados sin demora injustificada de forma compatible con nuestros procedimientos t\u00e9cnicos.<\/p>\n<h4><strong>Comunicaci\u00f3n y difusi\u00f3n de datos.<\/strong><\/h4>\n<p>Los Datos Personales recabados podr\u00e1n ser tratados por el personal del Instituto y sus colaboradores relacionados con las funciones encargadas de perseguir la finalidad antes indicada, quienes han sido expresamente autorizados para el tratamiento y que han recibido instrucciones operativas adecuadas. Dichos datos tambi\u00e9n podr\u00e1n ser tratados por empresas que presten servicios por cuenta del Responsable del tratamiento y que, por tanto, ostenten la funci\u00f3n de responsables del tratamiento.<\/p>\n<h4><strong>Tus derechos<\/strong><\/h4>\n<p>Puede solicitar al Responsable del tratamiento el acceso a los Datos personales que le conciernen, su rectificaci\u00f3n o cancelaci\u00f3n, la integraci\u00f3n de los datos personales incompletos y la limitaci\u00f3n del tratamiento en los casos previstos por el art. 18 del RGPD. Dado que el tratamiento se basa en el consentimiento, usted tiene derecho a revocar este consentimiento seg\u00fan los m\u00e9todos indicados en los p\u00e1rrafos anteriores.<\/p>\n<p>Sus derechos pueden ejercerse escribiendo a <a href=\"mailto:amministrazionefma@cgfma.org\">amministrazionefma@cgfma.org<\/a><\/p>\n<p>En cualquier momento podr\u00e1 presentar una reclamaci\u00f3n ante la Autoridad de Protecci\u00f3n de Datos Personales, as\u00ed como recurrir a otros medios de protecci\u00f3n previstos por la legislaci\u00f3n aplicable.<\/p>\n","protected":false},"excerpt":{"rendered":"<p>De conformidad con el art\u00edculo 13 del Reglamento (UE) 2016\/679 (GDPR), el Instituto Figlie di Maria Ausiliatrice act\u00faa como Responsable del tratamiento. Responsable del tratamiento de datos: Istituto Figlie di [&hellip;]<\/p>\n","protected":false},"author":45,"featured_media":0,"parent":0,"menu_order":0,"comment_status":"closed","ping_status":"closed","template":"","meta":{"footnotes":""},"class_list":["post-109508","page","type-page","status-publish"],"yoast_head":"<!-- This site is optimized with the Yoast SEO plugin v27.4 - https:\/\/yoast.com\/product\/yoast-seo-wordpress\/ -->\n<title>Privacy Policy Newsletter &#8226; Istituto Figlie di Maria Ausiliatrice<\/title>\n<meta name=\"robots\" content=\"index, follow, max-snippet:-1, max-image-preview:large, max-video-preview:-1\" \/>\n<link rel=\"canonical\" href=\"https:\/\/www.cgfmanet.org\/es\/privacy-newsletter\/\" \/>\n<meta property=\"og:locale\" content=\"es_ES\" \/>\n<meta property=\"og:type\" content=\"article\" \/>\n<meta property=\"og:title\" content=\"Privacy Policy Newsletter &#8226; Istituto Figlie di Maria Ausiliatrice\" \/>\n<meta property=\"og:description\" content=\"De conformidad con el art\u00edculo 13 del Reglamento (UE) 2016\/679 (GDPR), el Instituto Figlie di Maria Ausiliatrice act\u00faa como Responsable del tratamiento. Responsable del tratamiento de datos: Istituto Figlie di [&hellip;]\" \/>\n<meta property=\"og:url\" content=\"https:\/\/www.cgfmanet.org\/es\/privacy-newsletter\/\" \/>\n<meta property=\"og:site_name\" content=\"Istituto Figlie di Maria Ausiliatrice\" \/>\n<meta property=\"article:publisher\" content=\"https:\/\/www.facebook.com\/salesian.sisters.of.don.bosco\/\" \/>\n<meta property=\"article:modified_time\" content=\"2024-04-19T08:14:33+00:00\" \/>\n<meta property=\"og:image\" content=\"https:\/\/www.cgfmanet.org\/wp-content\/uploads\/2018\/10\/logo-fma-retina.png\" \/>\n\t<meta property=\"og:image:width\" content=\"425\" \/>\n\t<meta property=\"og:image:height\" content=\"109\" \/>\n\t<meta property=\"og:image:type\" content=\"image\/png\" \/>\n<meta name=\"twitter:card\" content=\"summary_large_image\" \/>\n<meta name=\"twitter:site\" content=\"@Cgfmanet_Org\" \/>\n<meta name=\"twitter:label1\" content=\"Tiempo de lectura\" \/>\n\t<meta name=\"twitter:data1\" content=\"3 minutos\" \/>\n<script type=\"application\/ld+json\" class=\"yoast-schema-graph\">{\"@context\":\"https:\\\/\\\/schema.org\",\"@graph\":[{\"@type\":\"WebPage\",\"@id\":\"https:\\\/\\\/www.cgfmanet.org\\\/es\\\/privacy-newsletter\\\/\",\"url\":\"https:\\\/\\\/www.cgfmanet.org\\\/es\\\/privacy-newsletter\\\/\",\"name\":\"Privacy Policy Newsletter &#8226; Istituto Figlie di Maria Ausiliatrice\",\"isPartOf\":{\"@id\":\"https:\\\/\\\/www.cgfmanet.org\\\/es\\\/#website\"},\"datePublished\":\"2024-04-19T07:31:44+00:00\",\"dateModified\":\"2024-04-19T08:14:33+00:00\",\"breadcrumb\":{\"@id\":\"https:\\\/\\\/www.cgfmanet.org\\\/es\\\/privacy-newsletter\\\/#breadcrumb\"},\"inLanguage\":\"es\",\"potentialAction\":[{\"@type\":\"ReadAction\",\"target\":[\"https:\\\/\\\/www.cgfmanet.org\\\/es\\\/privacy-newsletter\\\/\"]}]},{\"@type\":\"BreadcrumbList\",\"@id\":\"https:\\\/\\\/www.cgfmanet.org\\\/es\\\/privacy-newsletter\\\/#breadcrumb\",\"itemListElement\":[{\"@type\":\"ListItem\",\"position\":1,\"name\":\"Home\",\"item\":\"https:\\\/\\\/www.cgfmanet.org\\\/es\\\/\"},{\"@type\":\"ListItem\",\"position\":2,\"name\":\"Privacy Policy Newsletter\"}]},{\"@type\":\"WebSite\",\"@id\":\"https:\\\/\\\/www.cgfmanet.org\\\/es\\\/#website\",\"url\":\"https:\\\/\\\/www.cgfmanet.org\\\/es\\\/\",\"name\":\"Istituto Figlie di Maria Ausiliatrice\",\"description\":\"Salesiane di Don Bosco\",\"publisher\":{\"@id\":\"https:\\\/\\\/www.cgfmanet.org\\\/es\\\/#organization\"},\"potentialAction\":[{\"@type\":\"SearchAction\",\"target\":{\"@type\":\"EntryPoint\",\"urlTemplate\":\"https:\\\/\\\/www.cgfmanet.org\\\/es\\\/?s={search_term_string}\"},\"query-input\":{\"@type\":\"PropertyValueSpecification\",\"valueRequired\":true,\"valueName\":\"search_term_string\"}}],\"inLanguage\":\"es\"},{\"@type\":\"Organization\",\"@id\":\"https:\\\/\\\/www.cgfmanet.org\\\/es\\\/#organization\",\"name\":\"Istituto Figlie di Maria Ausiliatrice\",\"url\":\"https:\\\/\\\/www.cgfmanet.org\\\/es\\\/\",\"logo\":{\"@type\":\"ImageObject\",\"inLanguage\":\"es\",\"@id\":\"https:\\\/\\\/www.cgfmanet.org\\\/es\\\/#\\\/schema\\\/logo\\\/image\\\/\",\"url\":\"https:\\\/\\\/www.cgfmanet.org\\\/wp-content\\\/uploads\\\/2018\\\/10\\\/logo-fma.png\",\"contentUrl\":\"https:\\\/\\\/www.cgfmanet.org\\\/wp-content\\\/uploads\\\/2018\\\/10\\\/logo-fma.png\",\"width\":214,\"height\":55,\"caption\":\"Istituto Figlie di Maria Ausiliatrice\"},\"image\":{\"@id\":\"https:\\\/\\\/www.cgfmanet.org\\\/es\\\/#\\\/schema\\\/logo\\\/image\\\/\"},\"sameAs\":[\"https:\\\/\\\/www.facebook.com\\\/salesian.sisters.of.don.bosco\\\/\",\"https:\\\/\\\/x.com\\\/Cgfmanet_Org\",\"https:\\\/\\\/www.youtube.com\\\/channel\\\/UCmcr8yFQBV7JXeXVxyV9y5Q\"]}]}<\/script>\n<!-- \/ Yoast SEO plugin. -->","yoast_head_json":{"title":"Privacy Policy Newsletter &#8226; Istituto Figlie di Maria Ausiliatrice","robots":{"index":"index","follow":"follow","max-snippet":"max-snippet:-1","max-image-preview":"max-image-preview:large","max-video-preview":"max-video-preview:-1"},"canonical":"https:\/\/www.cgfmanet.org\/es\/privacy-newsletter\/","og_locale":"es_ES","og_type":"article","og_title":"Privacy Policy Newsletter &#8226; Istituto Figlie di Maria Ausiliatrice","og_description":"De conformidad con el art\u00edculo 13 del Reglamento (UE) 2016\/679 (GDPR), el Instituto Figlie di Maria Ausiliatrice act\u00faa como Responsable del tratamiento. Responsable del tratamiento de datos: Istituto Figlie di [&hellip;]","og_url":"https:\/\/www.cgfmanet.org\/es\/privacy-newsletter\/","og_site_name":"Istituto Figlie di Maria Ausiliatrice","article_publisher":"https:\/\/www.facebook.com\/salesian.sisters.of.don.bosco\/","article_modified_time":"2024-04-19T08:14:33+00:00","og_image":[{"width":425,"height":109,"url":"https:\/\/www.cgfmanet.org\/wp-content\/uploads\/2018\/10\/logo-fma-retina.png","type":"image\/png"}],"twitter_card":"summary_large_image","twitter_site":"@Cgfmanet_Org","twitter_misc":{"Tiempo de lectura":"3 minutos"},"schema":{"@context":"https:\/\/schema.org","@graph":[{"@type":"WebPage","@id":"https:\/\/www.cgfmanet.org\/es\/privacy-newsletter\/","url":"https:\/\/www.cgfmanet.org\/es\/privacy-newsletter\/","name":"Privacy Policy Newsletter &#8226; Istituto Figlie di Maria Ausiliatrice","isPartOf":{"@id":"https:\/\/www.cgfmanet.org\/es\/#website"},"datePublished":"2024-04-19T07:31:44+00:00","dateModified":"2024-04-19T08:14:33+00:00","breadcrumb":{"@id":"https:\/\/www.cgfmanet.org\/es\/privacy-newsletter\/#breadcrumb"},"inLanguage":"es","potentialAction":[{"@type":"ReadAction","target":["https:\/\/www.cgfmanet.org\/es\/privacy-newsletter\/"]}]},{"@type":"BreadcrumbList","@id":"https:\/\/www.cgfmanet.org\/es\/privacy-newsletter\/#breadcrumb","itemListElement":[{"@type":"ListItem","position":1,"name":"Home","item":"https:\/\/www.cgfmanet.org\/es\/"},{"@type":"ListItem","position":2,"name":"Privacy Policy Newsletter"}]},{"@type":"WebSite","@id":"https:\/\/www.cgfmanet.org\/es\/#website","url":"https:\/\/www.cgfmanet.org\/es\/","name":"Istituto Figlie di Maria Ausiliatrice","description":"Salesiane di Don Bosco","publisher":{"@id":"https:\/\/www.cgfmanet.org\/es\/#organization"},"potentialAction":[{"@type":"SearchAction","target":{"@type":"EntryPoint","urlTemplate":"https:\/\/www.cgfmanet.org\/es\/?s={search_term_string}"},"query-input":{"@type":"PropertyValueSpecification","valueRequired":true,"valueName":"search_term_string"}}],"inLanguage":"es"},{"@type":"Organization","@id":"https:\/\/www.cgfmanet.org\/es\/#organization","name":"Istituto Figlie di Maria Ausiliatrice","url":"https:\/\/www.cgfmanet.org\/es\/","logo":{"@type":"ImageObject","inLanguage":"es","@id":"https:\/\/www.cgfmanet.org\/es\/#\/schema\/logo\/image\/","url":"https:\/\/www.cgfmanet.org\/wp-content\/uploads\/2018\/10\/logo-fma.png","contentUrl":"https:\/\/www.cgfmanet.org\/wp-content\/uploads\/2018\/10\/logo-fma.png","width":214,"height":55,"caption":"Istituto Figlie di Maria Ausiliatrice"},"image":{"@id":"https:\/\/www.cgfmanet.org\/es\/#\/schema\/logo\/image\/"},"sameAs":["https:\/\/www.facebook.com\/salesian.sisters.of.don.bosco\/","https:\/\/x.com\/Cgfmanet_Org","https:\/\/www.youtube.com\/channel\/UCmcr8yFQBV7JXeXVxyV9y5Q"]}]}},"_links":{"self":[{"href":"https:\/\/www.cgfmanet.org\/es\/wp-json\/wp\/v2\/pages\/109508","targetHints":{"allow":["GET"]}}],"collection":[{"href":"https:\/\/www.cgfmanet.org\/es\/wp-json\/wp\/v2\/pages"}],"about":[{"href":"https:\/\/www.cgfmanet.org\/es\/wp-json\/wp\/v2\/types\/page"}],"author":[{"embeddable":true,"href":"https:\/\/www.cgfmanet.org\/es\/wp-json\/wp\/v2\/users\/45"}],"replies":[{"embeddable":true,"href":"https:\/\/www.cgfmanet.org\/es\/wp-json\/wp\/v2\/comments?post=109508"}],"version-history":[{"count":0,"href":"https:\/\/www.cgfmanet.org\/es\/wp-json\/wp\/v2\/pages\/109508\/revisions"}],"wp:attachment":[{"href":"https:\/\/www.cgfmanet.org\/es\/wp-json\/wp\/v2\/media?parent=109508"}],"curies":[{"name":"wp","href":"https:\/\/api.w.org\/{rel}","templated":true}]}}